{"id":23027,"date":"2025-01-20T11:30:59","date_gmt":"2025-01-20T11:30:59","guid":{"rendered":"https:\/\/rayter.es\/artigos-e-noticias\/"},"modified":"2025-04-02T09:59:39","modified_gmt":"2025-04-02T09:59:39","slug":"artigos-e-noticias","status":"publish","type":"page","link":"https:\/\/rayter.es\/pt-pt\/artigos-e-noticias\/","title":{"rendered":"Info Produtos"},"content":{"rendered":"\n<h2 class=\"wp-block-heading\">Informa\u00e7\u00f5es sobre os nossos produtos<\/h2>\n\n\n<ul style=\"margin-top:0;margin-bottom:0;\" class=\"wp-block-latest-posts__list aligncenter wp-block-latest-posts\"><li><div class=\"wp-block-latest-posts__featured-image\"><a href=\"https:\/\/rayter.es\/pt-pt\/poliester-grp-o-que-e-utilizacoes-carateristicas-e-vantagens-em-relacao-a-outros-materiais\/\" aria-label=\"Poli\u00e9ster GRP: O que \u00e9, utiliza\u00e7\u00f5es, carater\u00edsticas e vantagens em rela\u00e7\u00e3o a outros materiais\"><img loading=\"lazy\" decoding=\"async\" width=\"300\" height=\"200\" src=\"https:\/\/rayter.es\/wp-content\/uploads\/2022\/02\/4d4e2982-833b-49e9-98db-966b7016093a-300x200.jpg\" class=\"attachment-medium size-medium wp-post-image\" alt=\"Poliester PRFV rejillas\" style=\"\" srcset=\"https:\/\/rayter.es\/wp-content\/uploads\/2022\/02\/4d4e2982-833b-49e9-98db-966b7016093a-300x200.jpg 300w, https:\/\/rayter.es\/wp-content\/uploads\/2022\/02\/4d4e2982-833b-49e9-98db-966b7016093a-416x277.jpg 416w, https:\/\/rayter.es\/wp-content\/uploads\/2022\/02\/4d4e2982-833b-49e9-98db-966b7016093a-1024x682.jpg 1024w, https:\/\/rayter.es\/wp-content\/uploads\/2022\/02\/4d4e2982-833b-49e9-98db-966b7016093a-768x512.jpg 768w, https:\/\/rayter.es\/wp-content\/uploads\/2022\/02\/4d4e2982-833b-49e9-98db-966b7016093a-1536x1023.jpg 1536w, https:\/\/rayter.es\/wp-content\/uploads\/2022\/02\/4d4e2982-833b-49e9-98db-966b7016093a.jpg 1600w\" sizes=\"auto, (max-width: 300px) 100vw, 300px\" \/><\/a><\/div><a class=\"wp-block-latest-posts__post-title\" href=\"https:\/\/rayter.es\/pt-pt\/poliester-grp-o-que-e-utilizacoes-carateristicas-e-vantagens-em-relacao-a-outros-materiais\/\">Poli\u00e9ster GRP: O que \u00e9, utiliza\u00e7\u00f5es, carater\u00edsticas e vantagens em rela\u00e7\u00e3o a outros materiais<\/a><div class=\"wp-block-latest-posts__post-excerpt\">O que \u00e9 o poli\u00e9ster GRP e porque \u00e9 que \u00e9 uma solu\u00e7\u00e3o inovadora? O poli\u00e9ster refor\u00e7ado com fibra de vidro (PRFV-GRP) \u00e9 um material altamente resistente, leve e vers\u00e1til, utilizado nos sectores industrial, arquitet\u00f3nico e comercial. A sua popularidade tem crescido devido \u00e0 sua excelente resist\u00eancia \u00e0 corros\u00e3o, durabilidade e baixa manuten\u00e7\u00e3o, tornando-o uma alternativa ideal aos materiais tradicionais como o a\u00e7o. Atualmente, o PRFV \u00e9 largamente utilizado no\u2026 <a class=\"wp-block-latest-posts__read-more\" href=\"https:\/\/rayter.es\/pt-pt\/poliester-grp-o-que-e-utilizacoes-carateristicas-e-vantagens-em-relacao-a-outros-materiais\/\" rel=\"noopener noreferrer\">Leia mais<span class=\"screen-reader-text\">: Poli\u00e9ster GRP: O que \u00e9, utiliza\u00e7\u00f5es, carater\u00edsticas e vantagens em rela\u00e7\u00e3o a outros materiais<\/span><\/a><\/div><\/li>\n<li><a class=\"wp-block-latest-posts__post-title\" href=\"https:\/\/rayter.es\/pt-pt\/malha-metalica-solucoes-praticas-para-a-construcao-e-a-industria\/\">Malha met\u00e1lica: Solu\u00e7\u00f5es pr\u00e1ticas para a constru\u00e7\u00e3o e a ind\u00fastria<\/a><div class=\"wp-block-latest-posts__post-excerpt\">Introdu\u00e7\u00e3o A malha met\u00e1lica \u00e9 um material vers\u00e1til e essencial em muitos sectores, desde a constru\u00e7\u00e3o \u00e0 ind\u00fastria. A sua resist\u00eancia, flexibilidade e diversidade de utiliza\u00e7\u00f5es fazem dela uma solu\u00e7\u00e3o indispens\u00e1vel. Neste artigo, vamos explorar as suas aplica\u00e7\u00f5es mais comuns e as vantagens que oferece. O que \u00e9 a malha met\u00e1lica? A malha met\u00e1lica \u00e9 uma rede de fios met\u00e1licos entrela\u00e7ados ou soldados que formam uma rede uniforme. \u00c9 fabricado\u2026 <a class=\"wp-block-latest-posts__read-more\" href=\"https:\/\/rayter.es\/pt-pt\/malha-metalica-solucoes-praticas-para-a-construcao-e-a-industria\/\" rel=\"noopener noreferrer\">Leia mais<span class=\"screen-reader-text\">: Malha met\u00e1lica: Solu\u00e7\u00f5es pr\u00e1ticas para a constru\u00e7\u00e3o e a ind\u00fastria<\/span><\/a><\/div><\/li>\n<li><a class=\"wp-block-latest-posts__post-title\" href=\"https:\/\/rayter.es\/pt-pt\/tramex-galvanizado-ideal-para-ambientes-exteriores\/\">Tramex Galvanizado: Ideal para Ambientes Exteriores<\/a><div class=\"wp-block-latest-posts__post-excerpt\">Introdu\u00e7\u00e3o O tramex galvanizado \u00e9 um dos materiais mais procurados em projectos industriais e arquitect\u00f3nicos devido \u00e0 sua elevada resist\u00eancia \u00e0 corros\u00e3o e \u00e0 sua capacidade de resistir a condi\u00e7\u00f5es adversas. Neste artigo, vamos detalhar as suas vantagens, principais utiliza\u00e7\u00f5es e por que raz\u00e3o \u00e9 uma escolha ideal para o exterior. O que \u00e9 o Tramex Galvanizado? O tramex galvanizado \u00e9 uma grelha met\u00e1lica fabricada atrav\u00e9s da soldadura de barras\u2026 <a class=\"wp-block-latest-posts__read-more\" href=\"https:\/\/rayter.es\/pt-pt\/tramex-galvanizado-ideal-para-ambientes-exteriores\/\" rel=\"noopener noreferrer\">Leia mais<span class=\"screen-reader-text\">: Tramex Galvanizado: Ideal para Ambientes Exteriores<\/span><\/a><\/div><\/li>\n<li><a class=\"wp-block-latest-posts__post-title\" href=\"https:\/\/rayter.es\/pt-pt\/chapas-perfuradas-decorativas-inovacao-em-design-e-funcionalidade\/\">Chapas Perfuradas Decorativas: Inova\u00e7\u00e3o em Design e Funcionalidade<\/a><div class=\"wp-block-latest-posts__post-excerpt\">Introdu\u00e7\u00e3o As chapas perfuradas decorativas s\u00e3o uma solu\u00e7\u00e3o inovadora que combina funcionalidade e est\u00e9tica. Estas chapas revolucionaram o design arquitet\u00f3nico, oferecendo versatilidade para aplica\u00e7\u00f5es interiores e exteriores. Neste artigo, exploramos as suas vantagens, tipos e principais aplica\u00e7\u00f5es. O que s\u00e3o Chapas Perfuradas Decorativas? As chapas perfuradas decorativas s\u00e3o chapas met\u00e1licas com perfura\u00e7\u00f5es concebidas para proporcionar padr\u00f5es \u00fanicos. Estas perfura\u00e7\u00f5es podem ser geom\u00e9tricas, personalizadas ou art\u00edsticas, e s\u00e3o fabricadas em materiais\u2026 <a class=\"wp-block-latest-posts__read-more\" href=\"https:\/\/rayter.es\/pt-pt\/chapas-perfuradas-decorativas-inovacao-em-design-e-funcionalidade\/\" rel=\"noopener noreferrer\">Leia mais<span class=\"screen-reader-text\">: Chapas Perfuradas Decorativas: Inova\u00e7\u00e3o em Design e Funcionalidade<\/span><\/a><\/div><\/li>\n<li><a class=\"wp-block-latest-posts__post-title\" href=\"https:\/\/rayter.es\/pt-pt\/vendas-de-chapas-perfuradas-em-stock-e-prontas-para-entrega\/\">Vendas de Chapas Perfuradas: Em stock e Prontas para Entrega<\/a><div class=\"wp-block-latest-posts__post-excerpt\">Dispomos de uma vasta gama de chapas perfuradas para venda, com envio e entrega imediata. Quer necessite de chapas decorativas, galvanizadas, de alum\u00ednio ou de a\u00e7o inoxid\u00e1vel, temos as solu\u00e7\u00f5es perfeitas para o seu projeto. Por que comprar chapa met\u00e1lica perfurada de n\u00f3s? Vasto stock dispon\u00edvel: Temos sempre stock dispon\u00edvel para entrega imediata, evitando atrasos na suaprojectos. Variedade de materiais: Oferecemos chapas perfuradas em a\u00e7o inoxid\u00e1vel, alum\u00ednio e galvanizado. Pre\u00e7os\u2026 <a class=\"wp-block-latest-posts__read-more\" href=\"https:\/\/rayter.es\/pt-pt\/vendas-de-chapas-perfuradas-em-stock-e-prontas-para-entrega\/\" rel=\"noopener noreferrer\">Leia mais<span class=\"screen-reader-text\">: Vendas de Chapas Perfuradas: Em stock e Prontas para Entrega<\/span><\/a><\/div><\/li>\n<li><div class=\"wp-block-latest-posts__featured-image\"><a href=\"https:\/\/rayter.es\/pt-pt\/tramex-usos-beneficios-e-aplicacoes\/\" aria-label=\"Tramex: Usos, Benef\u00edcios e Aplica\u00e7\u00f5es\"><img loading=\"lazy\" decoding=\"async\" width=\"300\" height=\"225\" src=\"https:\/\/rayter.es\/wp-content\/uploads\/2022\/02\/P5242010-scaled-copia-300x225.jpg\" class=\"attachment-medium size-medium wp-post-image\" alt=\"\" style=\"\" srcset=\"https:\/\/rayter.es\/wp-content\/uploads\/2022\/02\/P5242010-scaled-copia-300x225.jpg 300w, https:\/\/rayter.es\/wp-content\/uploads\/2022\/02\/P5242010-scaled-copia-324x243.jpg 324w, https:\/\/rayter.es\/wp-content\/uploads\/2022\/02\/P5242010-scaled-copia-416x312.jpg 416w, https:\/\/rayter.es\/wp-content\/uploads\/2022\/02\/P5242010-scaled-copia-1024x768.jpg 1024w, https:\/\/rayter.es\/wp-content\/uploads\/2022\/02\/P5242010-scaled-copia-768x576.jpg 768w, https:\/\/rayter.es\/wp-content\/uploads\/2022\/02\/P5242010-scaled-copia-1536x1152.jpg 1536w, https:\/\/rayter.es\/wp-content\/uploads\/2022\/02\/P5242010-scaled-copia-2048x1536.jpg 2048w\" sizes=\"auto, (max-width: 300px) 100vw, 300px\" \/><\/a><\/div><a class=\"wp-block-latest-posts__post-title\" href=\"https:\/\/rayter.es\/pt-pt\/tramex-usos-beneficios-e-aplicacoes\/\">Tramex: Usos, Benef\u00edcios e Aplica\u00e7\u00f5es<\/a><div class=\"wp-block-latest-posts__post-excerpt\">O Tramex, tamb\u00e9m conhecido como grelha electrosoldada ou grelha de a\u00e7o, \u00e9 um material muito utilizado na constru\u00e7\u00e3o e na ind\u00fastria pela sua versatilidade, durabilidade e capacidade de suportar cargas pesadas. Neste artigo, vamos explorar em profundidade o que \u00e9 o tramex, os seus diferentes tipos, as utiliza\u00e7\u00f5es mais comuns, as vantagens e como escolher o mais adequado \u00e0s suas necessidades. O que \u00e9 o Tramex? O Tramex \u00e9 uma\u2026 <a class=\"wp-block-latest-posts__read-more\" href=\"https:\/\/rayter.es\/pt-pt\/tramex-usos-beneficios-e-aplicacoes\/\" rel=\"noopener noreferrer\">Leia mais<span class=\"screen-reader-text\">: Tramex: Usos, Benef\u00edcios e Aplica\u00e7\u00f5es<\/span><\/a><\/div><\/li>\n<li><div class=\"wp-block-latest-posts__featured-image\"><a href=\"https:\/\/rayter.es\/pt-pt\/chapa-perfurada-tipos-usos-vantagens-e-precos\/\" aria-label=\"Chapa Perfurada: Tipos, Usos, Vantagens e Pre\u00e7os\"><img loading=\"lazy\" decoding=\"async\" width=\"300\" height=\"231\" src=\"https:\/\/rayter.es\/wp-content\/uploads\/2022\/02\/RAYBOCARD-A3-1-300x231.jpg\" class=\"attachment-medium size-medium wp-post-image\" alt=\"\" style=\"\" srcset=\"https:\/\/rayter.es\/wp-content\/uploads\/2022\/02\/RAYBOCARD-A3-1-300x231.jpg 300w, https:\/\/rayter.es\/wp-content\/uploads\/2022\/02\/RAYBOCARD-A3-1-416x321.jpg 416w, https:\/\/rayter.es\/wp-content\/uploads\/2022\/02\/RAYBOCARD-A3-1.jpg 672w\" sizes=\"auto, (max-width: 300px) 100vw, 300px\" \/><\/a><\/div><a class=\"wp-block-latest-posts__post-title\" href=\"https:\/\/rayter.es\/pt-pt\/chapa-perfurada-tipos-usos-vantagens-e-precos\/\">Chapa Perfurada: Tipos, Usos, Vantagens e Pre\u00e7os<\/a><div class=\"wp-block-latest-posts__post-excerpt\">As chapas perfuradas s\u00e3o materiais vers\u00e1teis que combinam funcionalidade e design. S\u00e3o utilizados numa grande variedade de sectores, desde a constru\u00e7\u00e3o e a ind\u00fastria at\u00e9 \u00e0 decora\u00e7\u00e3o e ao design arquitet\u00f3nico. Este artigo explora em pormenor os diferentes tipos de chapas perfuradas, as suas aplica\u00e7\u00f5es, vantagens e pre\u00e7os, para o ajudar a selecionar a op\u00e7\u00e3o que melhor se adapta \u00e0s suas necessidades. O que s\u00e3o Chapas Perfuradas? As chapas perfuradas\u2026 <a class=\"wp-block-latest-posts__read-more\" href=\"https:\/\/rayter.es\/pt-pt\/chapa-perfurada-tipos-usos-vantagens-e-precos\/\" rel=\"noopener noreferrer\">Leia mais<span class=\"screen-reader-text\">: Chapa Perfurada: Tipos, Usos, Vantagens e Pre\u00e7os<\/span><\/a><\/div><\/li>\n<li><a class=\"wp-block-latest-posts__post-title\" href=\"https:\/\/rayter.es\/pt-pt\/chapa-de-aco-inoxidavel-e-chapa-perfurada\/\">Chapa de A\u00e7o Inoxid\u00e1vel e Chapa Perfurada<\/a><div class=\"wp-block-latest-posts__post-excerpt\">As chapas de a\u00e7o inoxid\u00e1vel e as chapas met\u00e1licas perfuradas s\u00e3o materiais essenciais na constru\u00e7\u00e3o, na ind\u00fastria e no desenho. A sua versatilidade, resist\u00eancia e est\u00e9tica tornam-nas escolhas populares para uma variedade de projectos. Neste artigo, vamos explorar os diferentes tipos de chapas, as suas aplica\u00e7\u00f5es, vantagens e pre\u00e7os, para o ajudar a tomar decis\u00f5es informadas. O que \u00e9 uma Chapa de A\u00e7o Inoxid\u00e1vel? Uma chapa de a\u00e7o inoxid\u00e1vel \u00e9\u2026 <a class=\"wp-block-latest-posts__read-more\" href=\"https:\/\/rayter.es\/pt-pt\/chapa-de-aco-inoxidavel-e-chapa-perfurada\/\" rel=\"noopener noreferrer\">Leia mais<span class=\"screen-reader-text\">: Chapa de A\u00e7o Inoxid\u00e1vel e Chapa Perfurada<\/span><\/a><\/div><\/li>\n<li><div class=\"wp-block-latest-posts__featured-image\"><a href=\"https:\/\/rayter.es\/pt-pt\/comprar-tramex-qualidade-variedade-e-disponibilidade-em-stock\/\" aria-label=\"Comprar Tramex: Qualidade, variedade e disponibilidade em stock\"><img loading=\"lazy\" decoding=\"async\" width=\"300\" height=\"256\" src=\"https:\/\/rayter.es\/wp-content\/uploads\/PLET-302-102-TRAMEX-INOX-300x256.jpg\" class=\"attachment-medium size-medium wp-post-image\" alt=\"\" style=\"\" srcset=\"https:\/\/rayter.es\/wp-content\/uploads\/PLET-302-102-TRAMEX-INOX-300x256.jpg 300w, https:\/\/rayter.es\/wp-content\/uploads\/PLET-302-102-TRAMEX-INOX-416x355.jpg 416w, https:\/\/rayter.es\/wp-content\/uploads\/PLET-302-102-TRAMEX-INOX.jpg 600w\" sizes=\"auto, (max-width: 300px) 100vw, 300px\" \/><\/a><\/div><a class=\"wp-block-latest-posts__post-title\" href=\"https:\/\/rayter.es\/pt-pt\/comprar-tramex-qualidade-variedade-e-disponibilidade-em-stock\/\">Comprar Tramex: Qualidade, variedade e disponibilidade em stock<\/a><div class=\"wp-block-latest-posts__post-excerpt\">Na RAYTER, oferecemos tramex de alta qualidade com entrega imediata. Gra\u00e7as \u00e0 nossa grande variedade em stock e \u00e0 nossa experi\u00eancia no sector, garantimos produtos que respondem \u00e0s necessidades de cada cliente. Se procura uma solu\u00e7\u00e3o forte, duradoura e vers\u00e1til, o nosso cat\u00e1logo tramex \u00e9 a melhor escolha. Porqu\u00ea comprar Tramex connosco? Na Rayter, distinguimo-nos pela nossa capacidade de satisfazer rapidamente as encomendas e de fornecer produtos de qualidade superior.\u2026 <a class=\"wp-block-latest-posts__read-more\" href=\"https:\/\/rayter.es\/pt-pt\/comprar-tramex-qualidade-variedade-e-disponibilidade-em-stock\/\" rel=\"noopener noreferrer\">Leia mais<span class=\"screen-reader-text\">: Comprar Tramex: Qualidade, variedade e disponibilidade em stock<\/span><\/a><\/div><\/li>\n<\/ul>\n\n\n<p><\/p>\n","protected":false},"excerpt":{"rendered":"<p>Informa\u00e7\u00f5es sobre os nossos produtos<\/p>\n","protected":false},"author":4,"featured_media":0,"parent":0,"menu_order":0,"comment_status":"closed","ping_status":"closed","template":"template-fullwidth.php","meta":{"googlesitekit_rrm_CAowsr27DA:productID":"","footnotes":""},"class_list":["post-23027","page","type-page","status-publish","hentry"],"yoast_head":"<!-- This site is optimized with the Yoast SEO plugin v27.4 - https:\/\/yoast.com\/product\/yoast-seo-wordpress\/ -->\n<title>Info Produtos - Rayter<\/title>\n<meta name=\"robots\" content=\"index, follow, max-snippet:-1, max-image-preview:large, max-video-preview:-1\" \/>\n<link rel=\"canonical\" href=\"https:\/\/rayter.es\/pt-pt\/artigos-e-noticias\/\" \/>\n<meta property=\"og:locale\" content=\"pt_PT\" \/>\n<meta property=\"og:type\" content=\"article\" \/>\n<meta property=\"og:title\" content=\"Info Produtos - Rayter\" \/>\n<meta property=\"og:description\" content=\"Informa\u00e7\u00f5es sobre os nossos produtos\" \/>\n<meta property=\"og:url\" content=\"https:\/\/rayter.es\/pt-pt\/artigos-e-noticias\/\" \/>\n<meta property=\"og:site_name\" content=\"Rayter\" \/>\n<meta property=\"article:modified_time\" content=\"2025-04-02T09:59:39+00:00\" \/>\n<meta name=\"twitter:card\" content=\"summary_large_image\" \/>\n<meta name=\"twitter:label1\" content=\"Tempo estimado de leitura\" \/>\n\t<meta name=\"twitter:data1\" content=\"1 minuto\" \/>\n<script type=\"application\/ld+json\" class=\"yoast-schema-graph\">{\"@context\":\"https:\\\/\\\/schema.org\",\"@graph\":[{\"@type\":\"WebPage\",\"@id\":\"https:\\\/\\\/rayter.es\\\/pt-pt\\\/artigos-e-noticias\\\/\",\"url\":\"https:\\\/\\\/rayter.es\\\/pt-pt\\\/artigos-e-noticias\\\/\",\"name\":\"Info Produtos - Rayter\",\"isPartOf\":{\"@id\":\"https:\\\/\\\/rayter.es\\\/#website\"},\"datePublished\":\"2025-01-20T11:30:59+00:00\",\"dateModified\":\"2025-04-02T09:59:39+00:00\",\"breadcrumb\":{\"@id\":\"https:\\\/\\\/rayter.es\\\/pt-pt\\\/artigos-e-noticias\\\/#breadcrumb\"},\"inLanguage\":\"pt-PT\",\"potentialAction\":[{\"@type\":\"ReadAction\",\"target\":[\"https:\\\/\\\/rayter.es\\\/pt-pt\\\/artigos-e-noticias\\\/\"]}]},{\"@type\":\"BreadcrumbList\",\"@id\":\"https:\\\/\\\/rayter.es\\\/pt-pt\\\/artigos-e-noticias\\\/#breadcrumb\",\"itemListElement\":[{\"@type\":\"ListItem\",\"position\":1,\"name\":\"Portada\",\"item\":\"https:\\\/\\\/rayter.es\\\/pt-pt\\\/\"},{\"@type\":\"ListItem\",\"position\":2,\"name\":\"Info Produtos\"}]},{\"@type\":\"WebSite\",\"@id\":\"https:\\\/\\\/rayter.es\\\/#website\",\"url\":\"https:\\\/\\\/rayter.es\\\/\",\"name\":\"Rayter\",\"description\":\"Inoxidables para perforaci\u00f3n, filtraci\u00f3n y cribado.\",\"publisher\":{\"@id\":\"https:\\\/\\\/rayter.es\\\/#organization\"},\"potentialAction\":[{\"@type\":\"SearchAction\",\"target\":{\"@type\":\"EntryPoint\",\"urlTemplate\":\"https:\\\/\\\/rayter.es\\\/?s={search_term_string}\"},\"query-input\":{\"@type\":\"PropertyValueSpecification\",\"valueRequired\":true,\"valueName\":\"search_term_string\"}}],\"inLanguage\":\"pt-PT\"},{\"@type\":\"Organization\",\"@id\":\"https:\\\/\\\/rayter.es\\\/#organization\",\"name\":\"Rayter\",\"url\":\"https:\\\/\\\/rayter.es\\\/\",\"logo\":{\"@type\":\"ImageObject\",\"inLanguage\":\"pt-PT\",\"@id\":\"https:\\\/\\\/rayter.es\\\/#\\\/schema\\\/logo\\\/image\\\/\",\"url\":\"https:\\\/\\\/rayter.es\\\/wp-content\\\/uploads\\\/2022\\\/02\\\/logo-rayter-web-e1737115771719.png\",\"contentUrl\":\"https:\\\/\\\/rayter.es\\\/wp-content\\\/uploads\\\/2022\\\/02\\\/logo-rayter-web-e1737115771719.png\",\"width\":1215,\"height\":192,\"caption\":\"Rayter\"},\"image\":{\"@id\":\"https:\\\/\\\/rayter.es\\\/#\\\/schema\\\/logo\\\/image\\\/\"}}]}<\/script>\n<!-- \/ Yoast SEO plugin. -->","yoast_head_json":{"title":"Info Produtos - Rayter","robots":{"index":"index","follow":"follow","max-snippet":"max-snippet:-1","max-image-preview":"max-image-preview:large","max-video-preview":"max-video-preview:-1"},"canonical":"https:\/\/rayter.es\/pt-pt\/artigos-e-noticias\/","og_locale":"pt_PT","og_type":"article","og_title":"Info Produtos - Rayter","og_description":"Informa\u00e7\u00f5es sobre os nossos produtos","og_url":"https:\/\/rayter.es\/pt-pt\/artigos-e-noticias\/","og_site_name":"Rayter","article_modified_time":"2025-04-02T09:59:39+00:00","twitter_card":"summary_large_image","twitter_misc":{"Tempo estimado de leitura":"1 minuto"},"schema":{"@context":"https:\/\/schema.org","@graph":[{"@type":"WebPage","@id":"https:\/\/rayter.es\/pt-pt\/artigos-e-noticias\/","url":"https:\/\/rayter.es\/pt-pt\/artigos-e-noticias\/","name":"Info Produtos - Rayter","isPartOf":{"@id":"https:\/\/rayter.es\/#website"},"datePublished":"2025-01-20T11:30:59+00:00","dateModified":"2025-04-02T09:59:39+00:00","breadcrumb":{"@id":"https:\/\/rayter.es\/pt-pt\/artigos-e-noticias\/#breadcrumb"},"inLanguage":"pt-PT","potentialAction":[{"@type":"ReadAction","target":["https:\/\/rayter.es\/pt-pt\/artigos-e-noticias\/"]}]},{"@type":"BreadcrumbList","@id":"https:\/\/rayter.es\/pt-pt\/artigos-e-noticias\/#breadcrumb","itemListElement":[{"@type":"ListItem","position":1,"name":"Portada","item":"https:\/\/rayter.es\/pt-pt\/"},{"@type":"ListItem","position":2,"name":"Info Produtos"}]},{"@type":"WebSite","@id":"https:\/\/rayter.es\/#website","url":"https:\/\/rayter.es\/","name":"Rayter","description":"Inoxidables para perforaci\u00f3n, filtraci\u00f3n y cribado.","publisher":{"@id":"https:\/\/rayter.es\/#organization"},"potentialAction":[{"@type":"SearchAction","target":{"@type":"EntryPoint","urlTemplate":"https:\/\/rayter.es\/?s={search_term_string}"},"query-input":{"@type":"PropertyValueSpecification","valueRequired":true,"valueName":"search_term_string"}}],"inLanguage":"pt-PT"},{"@type":"Organization","@id":"https:\/\/rayter.es\/#organization","name":"Rayter","url":"https:\/\/rayter.es\/","logo":{"@type":"ImageObject","inLanguage":"pt-PT","@id":"https:\/\/rayter.es\/#\/schema\/logo\/image\/","url":"https:\/\/rayter.es\/wp-content\/uploads\/2022\/02\/logo-rayter-web-e1737115771719.png","contentUrl":"https:\/\/rayter.es\/wp-content\/uploads\/2022\/02\/logo-rayter-web-e1737115771719.png","width":1215,"height":192,"caption":"Rayter"},"image":{"@id":"https:\/\/rayter.es\/#\/schema\/logo\/image\/"}}]}},"_links":{"self":[{"href":"https:\/\/rayter.es\/pt-pt\/wp-json\/wp\/v2\/pages\/23027","targetHints":{"allow":["GET"]}}],"collection":[{"href":"https:\/\/rayter.es\/pt-pt\/wp-json\/wp\/v2\/pages"}],"about":[{"href":"https:\/\/rayter.es\/pt-pt\/wp-json\/wp\/v2\/types\/page"}],"author":[{"embeddable":true,"href":"https:\/\/rayter.es\/pt-pt\/wp-json\/wp\/v2\/users\/4"}],"replies":[{"embeddable":true,"href":"https:\/\/rayter.es\/pt-pt\/wp-json\/wp\/v2\/comments?post=23027"}],"version-history":[{"count":2,"href":"https:\/\/rayter.es\/pt-pt\/wp-json\/wp\/v2\/pages\/23027\/revisions"}],"predecessor-version":[{"id":23180,"href":"https:\/\/rayter.es\/pt-pt\/wp-json\/wp\/v2\/pages\/23027\/revisions\/23180"}],"wp:attachment":[{"href":"https:\/\/rayter.es\/pt-pt\/wp-json\/wp\/v2\/media?parent=23027"}],"curies":[{"name":"wp","href":"https:\/\/api.w.org\/{rel}","templated":true}]}}