{"id":23031,"date":"2022-02-14T10:13:25","date_gmt":"2022-02-14T10:13:25","guid":{"rendered":"https:\/\/rayter.es\/correias-transportadoras\/"},"modified":"2025-02-25T09:49:40","modified_gmt":"2025-02-25T09:49:40","slug":"correias-transportadoras","status":"publish","type":"page","link":"https:\/\/rayter.es\/pt-pt\/correias-transportadoras\/","title":{"rendered":"Correias transportadoras"},"content":{"rendered":"\n<h2 class=\"wp-block-heading has-text-align-center\">Correias transportadoras<\/h2>\n\n<div class=\"wp-block-buttons is-content-justification-center is-layout-flex wp-container-core-buttons-is-layout-a89b3969 wp-block-buttons-is-layout-flex\">\n<div class=\"wp-block-button\"><a class=\"wp-block-button__link wp-element-button\" href=\"https:\/\/rayter.es\/contacto\/\">Verifica a disponibilidade<\/a><\/div>\n<\/div>\n\n<p class=\"has-text-align-center\">Aqui encontras a gama completa de produtos que temos em stock e as respectivas imagens e especifica\u00e7\u00f5es t\u00e9cnicas.<\/p>\n\n<div class=\"wp-block-columns alignwide is-layout-flex wp-container-core-columns-is-layout-28f84493 wp-block-columns-is-layout-flex\">\n<div class=\"wp-block-column is-layout-flow wp-block-column-is-layout-flow\">\n<h3 class=\"wp-block-heading\"><span style=\"color: #e76435; font-weight: 800;\">CTA<\/span><\/h3>\n\n\n\n<figure class=\"wp-block-image size-full\"><img loading=\"lazy\" decoding=\"async\" width=\"672\" height=\"518\" src=\"http:\/\/rayter.es\/wp-content\/uploads\/2022\/02\/CTA.jpg\" alt=\"CTA\" class=\"wp-image-18226\" style=\"aspect-ratio:4\/3;object-fit:cover\" srcset=\"https:\/\/rayter.es\/wp-content\/uploads\/2022\/02\/CTA.jpg 672w, https:\/\/rayter.es\/wp-content\/uploads\/2022\/02\/CTA-416x321.jpg 416w, https:\/\/rayter.es\/wp-content\/uploads\/2022\/02\/CTA-300x231.jpg 300w\" sizes=\"auto, (max-width: 672px) 100vw, 672px\" \/><\/figure>\n\n\n\n<p>Fabricados com alv\u00e9olos laterais unidos por hastes rectas, podem incorporar bobinas alternadas \u00e0 direita e \u00e0 esquerda se as carater\u00edsticas f\u00edsicas do produto a transportar assim o exigirem.<\/p>\n\n\n\n<p><a href=\"http:\/\/rayter.es\/wp-content\/uploads\/2022\/02\/cta_cas-1.pdf\">Mais informa\u00e7\u00f5es em PDF<\/a><\/p>\n<\/div>\n\n\n\n<div class=\"wp-block-column is-layout-flow wp-block-column-is-layout-flow\">\n<h3 class=\"wp-block-heading\"><span style=\"color: #e76435; font-weight: 800;\">CTD<\/span><\/h3>\n\n\n\n<figure class=\"wp-block-image size-full\"><img loading=\"lazy\" decoding=\"async\" width=\"672\" height=\"518\" src=\"http:\/\/rayter.es\/wp-content\/uploads\/2022\/02\/CTD.jpg\" alt=\"CTD\" class=\"wp-image-18228\" style=\"aspect-ratio:4\/3;object-fit:cover\" srcset=\"https:\/\/rayter.es\/wp-content\/uploads\/2022\/02\/CTD.jpg 672w, https:\/\/rayter.es\/wp-content\/uploads\/2022\/02\/CTD-416x321.jpg 416w, https:\/\/rayter.es\/wp-content\/uploads\/2022\/02\/CTD-300x231.jpg 300w\" sizes=\"auto, (max-width: 672px) 100vw, 672px\" \/><\/figure>\n\n\n\n<p>Malhas alternadas \u00e0 direita e \u00e0 esquerda, ligadas por hastes rectas soldadas \u00e0s correntes laterais.  <\/p>\n\n\n\n<p>S\u00e3o fabricados para a maioria dos passos de corrente padr\u00e3o: 1\/2&#8243;, 3\/4&#8243;, 1&#8243;, 1,25&#8243;, 1,5&#8243; e 2&#8243;.<\/p>\n\n\n\n<p><a href=\"http:\/\/rayter.es\/wp-content\/uploads\/2022\/02\/ctd_cas-1.pdf\">Mais informa\u00e7\u00f5es em PDF<\/a><\/p>\n<\/div>\n\n\n\n<div class=\"wp-block-column is-layout-flow wp-block-column-is-layout-flow\">\n<h3 class=\"wp-block-heading\"><span style=\"color: #e76435; font-weight: 800;\">TDA<\/span><\/h3>\n\n\n\n<figure class=\"wp-block-image size-full\"><img loading=\"lazy\" decoding=\"async\" width=\"672\" height=\"518\" src=\"http:\/\/rayter.es\/wp-content\/uploads\/2022\/02\/TDA.jpg\" alt=\"TDA\" class=\"wp-image-18231\" style=\"aspect-ratio:4\/3;object-fit:cover\" srcset=\"https:\/\/rayter.es\/wp-content\/uploads\/2022\/02\/TDA.jpg 672w, https:\/\/rayter.es\/wp-content\/uploads\/2022\/02\/TDA-416x321.jpg 416w, https:\/\/rayter.es\/wp-content\/uploads\/2022\/02\/TDA-300x231.jpg 300w\" sizes=\"auto, (max-width: 672px) 100vw, 672px\" \/><\/figure>\n\n\n\n<p>As correias TDA possuem um conjunto de carater\u00edsticas que as tornam adequadas a uma vasta gama de aplica\u00e7\u00f5es. Em geral, s\u00e3o utilizadas para o transporte de produtos leves e temperaturas at\u00e9 400\u00ba C. <\/p>\n\n\n\n<p><a href=\"http:\/\/rayter.es\/wp-content\/uploads\/2022\/02\/tda_cas-1.pdf\">Mais informa\u00e7\u00f5es em PDF<\/a><\/p>\n<\/div>\n<\/div>\n\n<div class=\"wp-block-columns alignwide is-layout-flex wp-container-core-columns-is-layout-28f84493 wp-block-columns-is-layout-flex\">\n<div class=\"wp-block-column is-layout-flow wp-block-column-is-layout-flow\">\n<h3 class=\"wp-block-heading\"><span style=\"color: #e76435; font-weight: 800;\">TDF<\/span><\/h3>\n\n\n\n<figure class=\"wp-block-image size-full\"><img loading=\"lazy\" decoding=\"async\" width=\"672\" height=\"518\" src=\"http:\/\/rayter.es\/wp-content\/uploads\/2022\/02\/TDF.jpg\" alt=\"Correias transportadoras\" class=\"wp-image-18232\" style=\"aspect-ratio:4\/3;object-fit:cover\" srcset=\"https:\/\/rayter.es\/wp-content\/uploads\/2022\/02\/TDF.jpg 672w, https:\/\/rayter.es\/wp-content\/uploads\/2022\/02\/TDF-416x321.jpg 416w, https:\/\/rayter.es\/wp-content\/uploads\/2022\/02\/TDF-300x231.jpg 300w\" sizes=\"auto, (max-width: 672px) 100vw, 672px\" \/><\/figure>\n\n\n\n<p>As tiras de fita, formadas em m\u00f3dulos, s\u00e3o unidas entre si por meio de barras transversais soldadas com manilhas de ambos os lados.<\/p>\n\n\n\n<p><a href=\"http:\/\/rayter.es\/wp-content\/uploads\/2022\/02\/tdf_cas-1.pdf\">Mais informa\u00e7\u00f5es em PDF<\/a><\/p>\n<\/div>\n\n\n\n<div class=\"wp-block-column is-layout-flow wp-block-column-is-layout-flow\">\n<h3 class=\"wp-block-heading\"><span style=\"color: #e76435; font-weight: 800;\">SO<\/span><\/h3>\n\n\n\n<figure class=\"wp-block-image size-full\"><img loading=\"lazy\" decoding=\"async\" width=\"672\" height=\"518\" src=\"http:\/\/rayter.es\/wp-content\/uploads\/2022\/02\/SO.jpg\" alt=\"SO\" class=\"wp-image-18230\" style=\"aspect-ratio:4\/3;object-fit:cover\" srcset=\"https:\/\/rayter.es\/wp-content\/uploads\/2022\/02\/SO.jpg 672w, https:\/\/rayter.es\/wp-content\/uploads\/2022\/02\/SO-416x321.jpg 416w, https:\/\/rayter.es\/wp-content\/uploads\/2022\/02\/SO-300x231.jpg 300w\" sizes=\"auto, (max-width: 672px) 100vw, 672px\" \/><\/figure>\n\n\n\n<p>As bandas SO do tipo Campbelt s\u00e3o constitu\u00eddas por bobinas alternadas \u00e0 direita e \u00e0 esquerda, unidas por hastes onduladas.<\/p>\n\n\n\n<p><a href=\"http:\/\/rayter.es\/wp-content\/uploads\/2022\/02\/so_cas-1.pdf\">Mais informa\u00e7\u00f5es em PDF<\/a><\/p>\n<\/div>\n\n\n\n<div class=\"wp-block-column is-layout-flow wp-block-column-is-layout-flow\">\n<h3 class=\"wp-block-heading\"><span style=\"color: #e76435; font-weight: 800;\">DSO<\/span><\/h3>\n\n\n\n<figure class=\"wp-block-image size-full\"><img loading=\"lazy\" decoding=\"async\" width=\"672\" height=\"518\" src=\"http:\/\/rayter.es\/wp-content\/uploads\/2022\/02\/CTN.jpg\" alt=\"DSO\" class=\"wp-image-18229\" style=\"aspect-ratio:4\/3;object-fit:cover\" srcset=\"https:\/\/rayter.es\/wp-content\/uploads\/2022\/02\/CTN.jpg 672w, https:\/\/rayter.es\/wp-content\/uploads\/2022\/02\/CTN-416x321.jpg 416w, https:\/\/rayter.es\/wp-content\/uploads\/2022\/02\/CTN-300x231.jpg 300w\" sizes=\"auto, (max-width: 672px) 100vw, 672px\" \/><\/figure>\n\n\n\n<p>A sua conce\u00e7\u00e3o baseia-se em tiras equilibradas SO, encaixando novos pares de bobinas no interior das bobinas prim\u00e1rias e unindo-as por meio de hastes onduladas.<\/p>\n\n\n\n<p><a href=\"http:\/\/rayter.es\/wp-content\/uploads\/2022\/02\/dso_cas-1.pdf\">Mais informa\u00e7\u00f5es em PDF<\/a><\/p>\n<\/div>\n<\/div>\n\n<h2 class=\"wp-block-heading\"><strong>Correias transportadoras <\/strong>em stock para<strong> aplica\u00e7\u00f5es industriais<\/strong><\/h2>\n\n<p>Na <strong>Rayter<\/strong>, dispomos de <strong>correias transportadoras<\/strong> de alta qualidade, concebidas para otimizar a movimenta\u00e7\u00e3o de materiais em diferentes sectores industriais. As nossas solu\u00e7\u00f5es garantem efici\u00eancia, resist\u00eancia e durabilidade, permitindo a movimenta\u00e7\u00e3o segura de cargas leves e pesadas. Al\u00e9m disso, dispomos de <strong>stock dispon\u00edvel para envio imediato<\/strong>, garantindo uma resposta r\u00e1pida \u00e0s necessidades da tua empresa.  <\/p>\n\n<h3 class=\"wp-block-heading\">O que s\u00e3o correias transportadoras e para que s\u00e3o utilizadas?<\/h3>\n\n<p><strong>As correias transportadoras<\/strong> s\u00e3o sistemas de transporte cont\u00ednuo que facilitam o movimento de produtos e materiais em f\u00e1bricas, armaz\u00e9ns e centros log\u00edsticos. S\u00e3o utilizadas numa vasta gama de sectores, como o processamento alimentar, a ind\u00fastria transformadora, a explora\u00e7\u00e3o mineira e a log\u00edstica, contribuindo para uma maior automatiza\u00e7\u00e3o e efici\u00eancia dos processos de produ\u00e7\u00e3o. <\/p>\n\n<h3 class=\"wp-block-heading\">Carater\u00edsticas das nossas correias transportadoras:<\/h3>\n\n<ul class=\"wp-block-list\">\n<li>Fabricado com materiais de alta resist\u00eancia, como o <strong>a\u00e7o galvanizado, o a\u00e7o inoxid\u00e1vel e o poli\u00e9ster refor\u00e7ado<\/strong>.<\/li>\n\n\n\n<li>Superf\u00edcies adaptadas a diferentes aplica\u00e7\u00f5es: <strong>antiderrapantes, lisas ou rugosas<\/strong>, consoante o tipo de carga.<\/li>\n\n\n\n<li>Modelos para transporte horizontal, inclinado ou curvo.<\/li>\n\n\n\n<li><strong>Disponibilidade imediata para uma entrega r\u00e1pida<\/strong>.<\/li>\n\n\n\n<li>Variedade de larguras e comprimentos para se adaptar a cada processo de produ\u00e7\u00e3o.<\/li>\n<\/ul>\n\n<p><a href=\"https:\/\/rayter.es\/contacto\/\">Verifica a nossa disponibilidade.<\/a><\/p>\n\n<h3 class=\"wp-block-heading\">Aplica\u00e7\u00f5es das correias transportadoras na ind\u00fastria<\/h3>\n\n<p><strong>As correias transport<\/strong> adoras desempenham um papel fundamental em muitas ind\u00fastrias:<\/p>\n\n<ul class=\"wp-block-list\">\n<li><strong>Ind\u00fastria log\u00edstica e armazenagem<\/strong>: otimiza\u00e7\u00e3o da circula\u00e7\u00e3o de pacotes e mercadorias.<\/li>\n\n\n\n<li><strong>Setor mineiro e da constru\u00e7\u00e3o<\/strong>: Transporte de agregados, pedras e outros materiais pesados.<\/li>\n\n\n\n<li><strong>Ind\u00fastria alimentar<\/strong>: circula\u00e7\u00e3o segura de produtos sem contamina\u00e7\u00e3o cruzada.<\/li>\n\n\n\n<li><strong>Fabrico e montagem<\/strong>: Melhorar a efici\u00eancia nas linhas de produ\u00e7\u00e3o automatizadas.<\/li>\n<\/ul>\n\n<h3 class=\"wp-block-heading\">Compra direta e aconselhamento especializado<\/h3>\n\n<p>Na <strong>Rayter<\/strong>, oferecemos <strong>correias transport<\/strong> adoras resistentes e fi\u00e1veis. Com <strong>stock dispon\u00edvel para envio imediato<\/strong>, garantimos solu\u00e7\u00f5es r\u00e1pidas para qualquer sector industrial. <\/p>\n\n<p><strong>Pede j\u00e1 o teu or\u00e7amento e optimiza o teu sistema de transporte com a melhor tecnologia!<\/strong><\/p>\n\n<div class=\"wp-block-buttons is-content-justification-center is-layout-flex wp-container-core-buttons-is-layout-a89b3969 wp-block-buttons-is-layout-flex\">\n<div class=\"wp-block-button\"><a class=\"wp-block-button__link wp-element-button\" href=\"https:\/\/rayter.es\/contacto\/\">Verifica a disponibilidade<\/a><\/div>\n<\/div>\n","protected":false},"excerpt":{"rendered":"<p>Correias transportadoras Aqui encontras a gama completa de produtos que temos em stock e as respectivas imagens e especifica\u00e7\u00f5es t\u00e9cnicas. CTA Fabricados com alv\u00e9olos laterais unidos por hastes rectas, podem incorporar bobinas alternadas \u00e0 direita e \u00e0 esquerda se as carater\u00edsticas f\u00edsicas do produto a transportar assim o exigirem. Mais informa\u00e7\u00f5es em PDF CTD Malhas [&hellip;]<\/p>\n","protected":false},"author":4,"featured_media":0,"parent":0,"menu_order":0,"comment_status":"closed","ping_status":"closed","template":"template-fullwidth.php","meta":{"googlesitekit_rrm_CAowsr27DA:productID":"","footnotes":""},"class_list":["post-23031","page","type-page","status-publish","hentry"],"yoast_head":"<!-- This site is optimized with the Yoast SEO plugin v27.3 - https:\/\/yoast.com\/product\/yoast-seo-wordpress\/ -->\n<title>Correias transportadoras<\/title>\n<meta name=\"description\" content=\"Correias transportadoras de alta resist\u00eancia e fiabilidade. Stock para entrega imediata, garantimos solu\u00e7\u00f5es r\u00e1pidas para qualquer sector industrial.\" \/>\n<meta name=\"robots\" content=\"index, follow, max-snippet:-1, max-image-preview:large, max-video-preview:-1\" \/>\n<link rel=\"canonical\" href=\"https:\/\/rayter.es\/pt-pt\/correias-transportadoras\/\" \/>\n<meta property=\"og:locale\" content=\"pt_PT\" \/>\n<meta property=\"og:type\" content=\"article\" \/>\n<meta property=\"og:title\" content=\"Correias transportadoras\" \/>\n<meta property=\"og:description\" content=\"Correias transportadoras de alta resist\u00eancia e fiabilidade. Stock para entrega imediata, garantimos solu\u00e7\u00f5es r\u00e1pidas para qualquer sector industrial.\" \/>\n<meta property=\"og:url\" content=\"https:\/\/rayter.es\/pt-pt\/correias-transportadoras\/\" \/>\n<meta property=\"og:site_name\" content=\"Rayter\" \/>\n<meta property=\"article:modified_time\" content=\"2025-02-25T09:49:40+00:00\" \/>\n<meta property=\"og:image\" content=\"http:\/\/rayter.es\/wp-content\/uploads\/2022\/02\/CTA.jpg\" \/>\n<meta name=\"twitter:card\" content=\"summary_large_image\" \/>\n<meta name=\"twitter:label1\" content=\"Tempo estimado de leitura\" \/>\n\t<meta name=\"twitter:data1\" content=\"3 minutos\" \/>\n<script type=\"application\/ld+json\" class=\"yoast-schema-graph\">{\"@context\":\"https:\\\/\\\/schema.org\",\"@graph\":[{\"@type\":\"WebPage\",\"@id\":\"https:\\\/\\\/rayter.es\\\/pt-pt\\\/correias-transportadoras\\\/\",\"url\":\"https:\\\/\\\/rayter.es\\\/pt-pt\\\/correias-transportadoras\\\/\",\"name\":\"Correias transportadoras\",\"isPartOf\":{\"@id\":\"https:\\\/\\\/rayter.es\\\/#website\"},\"primaryImageOfPage\":{\"@id\":\"https:\\\/\\\/rayter.es\\\/pt-pt\\\/correias-transportadoras\\\/#primaryimage\"},\"image\":{\"@id\":\"https:\\\/\\\/rayter.es\\\/pt-pt\\\/correias-transportadoras\\\/#primaryimage\"},\"thumbnailUrl\":\"http:\\\/\\\/rayter.es\\\/wp-content\\\/uploads\\\/2022\\\/02\\\/CTA.jpg\",\"datePublished\":\"2022-02-14T10:13:25+00:00\",\"dateModified\":\"2025-02-25T09:49:40+00:00\",\"description\":\"Correias transportadoras de alta resist\u00eancia e fiabilidade. Stock para entrega imediata, garantimos solu\u00e7\u00f5es r\u00e1pidas para qualquer sector industrial.\",\"breadcrumb\":{\"@id\":\"https:\\\/\\\/rayter.es\\\/pt-pt\\\/correias-transportadoras\\\/#breadcrumb\"},\"inLanguage\":\"pt-PT\",\"potentialAction\":[{\"@type\":\"ReadAction\",\"target\":[\"https:\\\/\\\/rayter.es\\\/pt-pt\\\/correias-transportadoras\\\/\"]}]},{\"@type\":\"ImageObject\",\"inLanguage\":\"pt-PT\",\"@id\":\"https:\\\/\\\/rayter.es\\\/pt-pt\\\/correias-transportadoras\\\/#primaryimage\",\"url\":\"http:\\\/\\\/rayter.es\\\/wp-content\\\/uploads\\\/2022\\\/02\\\/CTA.jpg\",\"contentUrl\":\"http:\\\/\\\/rayter.es\\\/wp-content\\\/uploads\\\/2022\\\/02\\\/CTA.jpg\"},{\"@type\":\"BreadcrumbList\",\"@id\":\"https:\\\/\\\/rayter.es\\\/pt-pt\\\/correias-transportadoras\\\/#breadcrumb\",\"itemListElement\":[{\"@type\":\"ListItem\",\"position\":1,\"name\":\"Portada\",\"item\":\"https:\\\/\\\/rayter.es\\\/pt-pt\\\/\"},{\"@type\":\"ListItem\",\"position\":2,\"name\":\"Correias transportadoras\"}]},{\"@type\":\"WebSite\",\"@id\":\"https:\\\/\\\/rayter.es\\\/#website\",\"url\":\"https:\\\/\\\/rayter.es\\\/\",\"name\":\"Rayter\",\"description\":\"Inoxidables para perforaci\u00f3n, filtraci\u00f3n y cribado.\",\"publisher\":{\"@id\":\"https:\\\/\\\/rayter.es\\\/#organization\"},\"potentialAction\":[{\"@type\":\"SearchAction\",\"target\":{\"@type\":\"EntryPoint\",\"urlTemplate\":\"https:\\\/\\\/rayter.es\\\/?s={search_term_string}\"},\"query-input\":{\"@type\":\"PropertyValueSpecification\",\"valueRequired\":true,\"valueName\":\"search_term_string\"}}],\"inLanguage\":\"pt-PT\"},{\"@type\":\"Organization\",\"@id\":\"https:\\\/\\\/rayter.es\\\/#organization\",\"name\":\"Rayter\",\"url\":\"https:\\\/\\\/rayter.es\\\/\",\"logo\":{\"@type\":\"ImageObject\",\"inLanguage\":\"pt-PT\",\"@id\":\"https:\\\/\\\/rayter.es\\\/#\\\/schema\\\/logo\\\/image\\\/\",\"url\":\"https:\\\/\\\/rayter.es\\\/wp-content\\\/uploads\\\/2022\\\/02\\\/logo-rayter-web-e1737115771719.png\",\"contentUrl\":\"https:\\\/\\\/rayter.es\\\/wp-content\\\/uploads\\\/2022\\\/02\\\/logo-rayter-web-e1737115771719.png\",\"width\":1215,\"height\":192,\"caption\":\"Rayter\"},\"image\":{\"@id\":\"https:\\\/\\\/rayter.es\\\/#\\\/schema\\\/logo\\\/image\\\/\"}}]}<\/script>\n<!-- \/ Yoast SEO plugin. -->","yoast_head_json":{"title":"Correias transportadoras","description":"Correias transportadoras de alta resist\u00eancia e fiabilidade. Stock para entrega imediata, garantimos solu\u00e7\u00f5es r\u00e1pidas para qualquer sector industrial.","robots":{"index":"index","follow":"follow","max-snippet":"max-snippet:-1","max-image-preview":"max-image-preview:large","max-video-preview":"max-video-preview:-1"},"canonical":"https:\/\/rayter.es\/pt-pt\/correias-transportadoras\/","og_locale":"pt_PT","og_type":"article","og_title":"Correias transportadoras","og_description":"Correias transportadoras de alta resist\u00eancia e fiabilidade. Stock para entrega imediata, garantimos solu\u00e7\u00f5es r\u00e1pidas para qualquer sector industrial.","og_url":"https:\/\/rayter.es\/pt-pt\/correias-transportadoras\/","og_site_name":"Rayter","article_modified_time":"2025-02-25T09:49:40+00:00","og_image":[{"url":"http:\/\/rayter.es\/wp-content\/uploads\/2022\/02\/CTA.jpg","type":"","width":"","height":""}],"twitter_card":"summary_large_image","twitter_misc":{"Tempo estimado de leitura":"3 minutos"},"schema":{"@context":"https:\/\/schema.org","@graph":[{"@type":"WebPage","@id":"https:\/\/rayter.es\/pt-pt\/correias-transportadoras\/","url":"https:\/\/rayter.es\/pt-pt\/correias-transportadoras\/","name":"Correias transportadoras","isPartOf":{"@id":"https:\/\/rayter.es\/#website"},"primaryImageOfPage":{"@id":"https:\/\/rayter.es\/pt-pt\/correias-transportadoras\/#primaryimage"},"image":{"@id":"https:\/\/rayter.es\/pt-pt\/correias-transportadoras\/#primaryimage"},"thumbnailUrl":"http:\/\/rayter.es\/wp-content\/uploads\/2022\/02\/CTA.jpg","datePublished":"2022-02-14T10:13:25+00:00","dateModified":"2025-02-25T09:49:40+00:00","description":"Correias transportadoras de alta resist\u00eancia e fiabilidade. Stock para entrega imediata, garantimos solu\u00e7\u00f5es r\u00e1pidas para qualquer sector industrial.","breadcrumb":{"@id":"https:\/\/rayter.es\/pt-pt\/correias-transportadoras\/#breadcrumb"},"inLanguage":"pt-PT","potentialAction":[{"@type":"ReadAction","target":["https:\/\/rayter.es\/pt-pt\/correias-transportadoras\/"]}]},{"@type":"ImageObject","inLanguage":"pt-PT","@id":"https:\/\/rayter.es\/pt-pt\/correias-transportadoras\/#primaryimage","url":"http:\/\/rayter.es\/wp-content\/uploads\/2022\/02\/CTA.jpg","contentUrl":"http:\/\/rayter.es\/wp-content\/uploads\/2022\/02\/CTA.jpg"},{"@type":"BreadcrumbList","@id":"https:\/\/rayter.es\/pt-pt\/correias-transportadoras\/#breadcrumb","itemListElement":[{"@type":"ListItem","position":1,"name":"Portada","item":"https:\/\/rayter.es\/pt-pt\/"},{"@type":"ListItem","position":2,"name":"Correias transportadoras"}]},{"@type":"WebSite","@id":"https:\/\/rayter.es\/#website","url":"https:\/\/rayter.es\/","name":"Rayter","description":"Inoxidables para perforaci\u00f3n, filtraci\u00f3n y cribado.","publisher":{"@id":"https:\/\/rayter.es\/#organization"},"potentialAction":[{"@type":"SearchAction","target":{"@type":"EntryPoint","urlTemplate":"https:\/\/rayter.es\/?s={search_term_string}"},"query-input":{"@type":"PropertyValueSpecification","valueRequired":true,"valueName":"search_term_string"}}],"inLanguage":"pt-PT"},{"@type":"Organization","@id":"https:\/\/rayter.es\/#organization","name":"Rayter","url":"https:\/\/rayter.es\/","logo":{"@type":"ImageObject","inLanguage":"pt-PT","@id":"https:\/\/rayter.es\/#\/schema\/logo\/image\/","url":"https:\/\/rayter.es\/wp-content\/uploads\/2022\/02\/logo-rayter-web-e1737115771719.png","contentUrl":"https:\/\/rayter.es\/wp-content\/uploads\/2022\/02\/logo-rayter-web-e1737115771719.png","width":1215,"height":192,"caption":"Rayter"},"image":{"@id":"https:\/\/rayter.es\/#\/schema\/logo\/image\/"}}]}},"_links":{"self":[{"href":"https:\/\/rayter.es\/pt-pt\/wp-json\/wp\/v2\/pages\/23031","targetHints":{"allow":["GET"]}}],"collection":[{"href":"https:\/\/rayter.es\/pt-pt\/wp-json\/wp\/v2\/pages"}],"about":[{"href":"https:\/\/rayter.es\/pt-pt\/wp-json\/wp\/v2\/types\/page"}],"author":[{"embeddable":true,"href":"https:\/\/rayter.es\/pt-pt\/wp-json\/wp\/v2\/users\/4"}],"replies":[{"embeddable":true,"href":"https:\/\/rayter.es\/pt-pt\/wp-json\/wp\/v2\/comments?post=23031"}],"version-history":[{"count":1,"href":"https:\/\/rayter.es\/pt-pt\/wp-json\/wp\/v2\/pages\/23031\/revisions"}],"predecessor-version":[{"id":23032,"href":"https:\/\/rayter.es\/pt-pt\/wp-json\/wp\/v2\/pages\/23031\/revisions\/23032"}],"wp:attachment":[{"href":"https:\/\/rayter.es\/pt-pt\/wp-json\/wp\/v2\/media?parent=23031"}],"curies":[{"name":"wp","href":"https:\/\/api.w.org\/{rel}","templated":true}]}}