{"id":23035,"date":"2022-02-14T22:54:52","date_gmt":"2022-02-14T22:54:52","guid":{"rendered":"https:\/\/rayter.es\/demister\/"},"modified":"2025-02-25T11:47:11","modified_gmt":"2025-02-25T11:47:11","slug":"demister","status":"publish","type":"page","link":"https:\/\/rayter.es\/pt-pt\/demister\/","title":{"rendered":"Demister"},"content":{"rendered":"\n<h2 class=\"wp-block-heading has-text-align-center\">Demister<\/h2>\n\n<div class=\"wp-block-buttons is-content-justification-center is-layout-flex wp-container-core-buttons-is-layout-a89b3969 wp-block-buttons-is-layout-flex\">\n<div class=\"wp-block-button\"><a class=\"wp-block-button__link wp-element-button\" href=\"https:\/\/rayter.es\/pt-pt\/contacto\/\">Verifica a disponibilidade<\/a><\/div>\n<\/div>\n\n<p class=\"has-text-align-center\">Aqui encontras toda a gama de produtos Demister em stock e as respectivas imagens e especifica\u00e7\u00f5es t\u00e9cnicas.<\/p>\n\n<div class=\"wp-block-columns alignwide is-layout-flex wp-container-core-columns-is-layout-28f84493 wp-block-columns-is-layout-flex\">\n<div class=\"wp-block-column is-layout-flow wp-block-column-is-layout-flow\">\n<h3 class=\"wp-block-heading\"><span style=\"color: #e76435; font-weight: 800;\"><a href=\"https:\/\/rayter.es\/pt-pt\/contacto\/\">Demister<\/a><\/span><\/h3>\n\n\n\n<figure class=\"wp-block-image size-full\"><a href=\"https:\/\/rayter.es\/pt-pt\/contacto\/\"><img loading=\"lazy\" decoding=\"async\" width=\"672\" height=\"518\" src=\"http:\/\/rayter.es\/wp-content\/uploads\/2022\/02\/IMG_0171.jpg\" alt=\"Demister\" class=\"wp-image-18463\" style=\"aspect-ratio:4\/3;object-fit:cover\" srcset=\"https:\/\/rayter.es\/wp-content\/uploads\/2022\/02\/IMG_0171.jpg 672w, https:\/\/rayter.es\/wp-content\/uploads\/2022\/02\/IMG_0171-416x321.jpg 416w, https:\/\/rayter.es\/wp-content\/uploads\/2022\/02\/IMG_0171-300x231.jpg 300w\" sizes=\"auto, (max-width: 672px) 100vw, 672px\" \/><\/a><\/figure>\n\n\n\n<p><strong>Qualidade<\/strong>: Inox. Aisi 304\/316\/321, monel, incoloy. <\/p>\n\n\n\n<p>Fabrico por medida<\/p>\n<\/div>\n\n\n\n<div class=\"wp-block-column is-layout-flow wp-block-column-is-layout-flow\">\n<h3 class=\"wp-block-heading\"><span style=\"color: #e76435; font-weight: 800;\"><a href=\"https:\/\/rayter.es\/pt-pt\/contacto\/\">Prote\u00e7\u00e3o<\/a><\/span><\/h3>\n\n\n\n<figure class=\"wp-block-image size-full\"><a href=\"https:\/\/rayter.es\/pt-pt\/contacto\/\"><img loading=\"lazy\" decoding=\"async\" width=\"672\" height=\"518\" src=\"http:\/\/rayter.es\/wp-content\/uploads\/2022\/02\/IMG_0205-1.jpg\" alt=\"Demister Prote&#xE7;&#xE3;o\" class=\"wp-image-18464\" style=\"aspect-ratio:4\/3;object-fit:cover\" srcset=\"https:\/\/rayter.es\/wp-content\/uploads\/2022\/02\/IMG_0205-1.jpg 672w, https:\/\/rayter.es\/wp-content\/uploads\/2022\/02\/IMG_0205-1-416x321.jpg 416w, https:\/\/rayter.es\/wp-content\/uploads\/2022\/02\/IMG_0205-1-300x231.jpg 300w\" sizes=\"auto, (max-width: 672px) 100vw, 672px\" \/><\/a><\/figure>\n\n\n\n<p><strong>Qualidades<\/strong>: a\u00e7o inoxid\u00e1vel. Aisi 304\/316\/321, monel, cobre, incoloy, alum\u00ednio e sint\u00e9ticos. <\/p>\n\n\n\n<p>Fabricado \u00e0 medida em diferentes larguras em forma de tubo.<\/p>\n<\/div>\n\n\n\n<div class=\"wp-block-column is-layout-flow wp-block-column-is-layout-flow\">\n<h3 class=\"wp-block-heading\"><span style=\"color: #e76435; font-weight: 800;\"><a href=\"https:\/\/rayter.es\/pt-pt\/contacto\/\">Standard<\/a><\/span><\/h3>\n\n\n\n<figure class=\"wp-block-image size-full\"><a href=\"https:\/\/rayter.es\/pt-pt\/contacto\/\"><img loading=\"lazy\" decoding=\"async\" width=\"672\" height=\"518\" src=\"http:\/\/rayter.es\/wp-content\/uploads\/2022\/02\/IMG_3391-copia.jpg\" alt=\"Demister Standard\" class=\"wp-image-18465\" style=\"aspect-ratio:4\/3;object-fit:cover\" srcset=\"https:\/\/rayter.es\/wp-content\/uploads\/2022\/02\/IMG_3391-copia.jpg 672w, https:\/\/rayter.es\/wp-content\/uploads\/2022\/02\/IMG_3391-copia-416x321.jpg 416w, https:\/\/rayter.es\/wp-content\/uploads\/2022\/02\/IMG_3391-copia-300x231.jpg 300w\" sizes=\"auto, (max-width: 672px) 100vw, 672px\" \/><\/a><\/figure>\n\n\n\n<p>Fabrica em sec\u00e7\u00f5es de acordo com o desenho.<\/p>\n<\/div>\n<\/div>\n\n<p class=\"has-text-align-center\">\u00a0<\/p>\n\n<h2 class=\"wp-block-heading\"><strong>Demister <\/strong>em stock para<strong> uma separa\u00e7\u00e3o eficiente de l\u00edquidos e gases<\/strong><\/h2>\n\n<p>Na <strong>Rayter<\/strong>, oferecemos <strong>Demisters de alta efici\u00eancia<\/strong>, concebidos para a separa\u00e7\u00e3o de part\u00edculas l\u00edquidas em processos industriais. Gra\u00e7as \u00e0 sua avan\u00e7ada tecnologia, <strong>os Demisters<\/strong> garantem uma maior efici\u00eancia na recolha de l\u00edquidos, optimizando o rendimento dos equipamentos e reduzindo as perdas. Dispomos de <strong>stock para envio imediato<\/strong>, garantindo uma entrega r\u00e1pida para cobrir qualquer necessidade industrial.  <\/p>\n\n<h3 class=\"wp-block-heading\">O que \u00e9 um Demister e como funciona?<\/h3>\n\n<p>Um <strong>Demister<\/strong> \u00e9 um sistema de separa\u00e7\u00e3o de n\u00e9voa que remove got\u00edculas de l\u00edquido suspensas em gases. \u00c9 utilizado em muitas ind\u00fastrias como a qu\u00edmica, a petroqu\u00edmica e a alimentar, melhorando a pureza dos gases e evitando a contamina\u00e7\u00e3o nos processos de produ\u00e7\u00e3o. A sua estrutura de malha met\u00e1lica ou sint\u00e9tica funciona como um filtro que ret\u00e9m as part\u00edculas l\u00edquidas, garantindo uma separa\u00e7\u00e3o eficiente sem afetar o fluxo de g\u00e1s.  <\/p>\n\n<h3 class=\"wp-block-heading\">Carater\u00edsticas do Demister:<\/h3>\n\n<ul class=\"wp-block-list\">\n<li>Fabricado em <strong>a\u00e7o inoxid\u00e1vel, polipropileno ou materiais resistentes \u00e0 corros\u00e3o<\/strong>.<\/li>\n\n\n\n<li>Separa\u00e7\u00e3o altamente eficiente de l\u00edquidos em sistemas de ventila\u00e7\u00e3o, torres de destila\u00e7\u00e3o e outros processos.<\/li>\n\n\n\n<li><strong>Disponibilidade imediata para uma entrega r\u00e1pida<\/strong>.<\/li>\n\n\n\n<li>Diversidade de tamanhos e configura\u00e7\u00f5es de acordo com os requisitos espec\u00edficos de cada aplica\u00e7\u00e3o.<\/li>\n\n\n\n<li>Instala\u00e7\u00e3o f\u00e1cil e manuten\u00e7\u00e3o reduzida.<\/li>\n<\/ul>\n\n<p><a href=\"https:\/\/rayter.es\/pt-pt\/contacto\/\">Verificar a nossa disponibilidade.<\/a><\/p>\n\n<h3 class=\"wp-block-heading\">Aplica\u00e7\u00f5es do Demister na ind\u00fastria<\/h3>\n\n<p>Os <strong>demister<\/strong> s\u00e3o utilizados numa grande variedade de sectores industriais, incluindo:<\/p>\n\n<ul class=\"wp-block-list\">\n<li><strong>Ind\u00fastria qu\u00edmica e petroqu\u00edmica<\/strong>: Separa\u00e7\u00e3o de l\u00edquidos em torres de destila\u00e7\u00e3o e processos de refina\u00e7\u00e3o.<\/li>\n\n\n\n<li><strong>Instala\u00e7\u00f5es de tratamento de gases<\/strong>: Remo\u00e7\u00e3o de part\u00edculas l\u00edquidas em condutas de ventila\u00e7\u00e3o e sistemas de filtragem.<\/li>\n\n\n\n<li><strong>Processos alimentares e farmac\u00eauticos<\/strong>: Melhorar a pureza do g\u00e1s nos processos de produ\u00e7\u00e3o e embalagem.<\/li>\n<\/ul>\n\n<h3 class=\"wp-block-heading\">Compra direta e aconselhamento especializado<\/h3>\n\n<p>Na <strong>Rayter<\/strong>, oferecemos <strong>Demister<\/strong> de alta qualidade com garantia de resist\u00eancia e efici\u00eancia. Dispomos de <strong>stock pronto para envio imediato<\/strong>, garantindo solu\u00e7\u00f5es r\u00e1pidas e eficazes para qualquer necessidade industrial <\/p>\n\n<p><strong>Pe\u00e7a j\u00e1 o seu or\u00e7amento e optimize os seus processos com a melhor tecnologia de separa\u00e7\u00e3o de l\u00edquidos e gases!<\/strong><\/p>\n\n<div class=\"wp-block-buttons is-content-justification-center is-layout-flex wp-container-core-buttons-is-layout-a89b3969 wp-block-buttons-is-layout-flex\">\n<div class=\"wp-block-button\"><a class=\"wp-block-button__link wp-element-button\" href=\"https:\/\/rayter.es\/pt-pt\/contacto\/\">Verifica a disponibilidade<\/a><\/div>\n<\/div>\n","protected":false},"excerpt":{"rendered":"<p>Demister Aqui encontras toda a gama de produtos Demister em stock e as respectivas imagens e especifica\u00e7\u00f5es t\u00e9cnicas. Demister Qualidade: Inox. Aisi 304\/316\/321, monel, incoloy. Fabrico por medida Prote\u00e7\u00e3o Qualidades: a\u00e7o inoxid\u00e1vel. Aisi 304\/316\/321, monel, cobre, incoloy, alum\u00ednio e sint\u00e9ticos. Fabricado \u00e0 medida em diferentes larguras em forma de tubo. Standard Fabrica em sec\u00e7\u00f5es de [&hellip;]<\/p>\n","protected":false},"author":4,"featured_media":0,"parent":0,"menu_order":0,"comment_status":"closed","ping_status":"closed","template":"template-fullwidth.php","meta":{"googlesitekit_rrm_CAowsr27DA:productID":"","footnotes":""},"class_list":["post-23035","page","type-page","status-publish","hentry"],"yoast_head":"<!-- This site is optimized with the Yoast SEO plugin v27.4 - https:\/\/yoast.com\/product\/yoast-seo-wordpress\/ -->\n<title>Demister<\/title>\n<meta name=\"description\" content=\"Desembaciador da mais alta qualidade e efic\u00e1cia. Stock para entrega imediata. Solu\u00e7\u00f5es r\u00e1pidas e eficazes para todas as necessidades industriais.\" \/>\n<meta name=\"robots\" content=\"index, follow, max-snippet:-1, max-image-preview:large, max-video-preview:-1\" \/>\n<link rel=\"canonical\" href=\"https:\/\/rayter.es\/pt-pt\/demister\/\" \/>\n<meta property=\"og:locale\" content=\"pt_PT\" \/>\n<meta property=\"og:type\" content=\"article\" \/>\n<meta property=\"og:title\" content=\"Demister\" \/>\n<meta property=\"og:description\" content=\"Desembaciador da mais alta qualidade e efic\u00e1cia. Stock para entrega imediata. Solu\u00e7\u00f5es r\u00e1pidas e eficazes para todas as necessidades industriais.\" \/>\n<meta property=\"og:url\" content=\"https:\/\/rayter.es\/pt-pt\/demister\/\" \/>\n<meta property=\"og:site_name\" content=\"Rayter\" \/>\n<meta property=\"article:modified_time\" content=\"2025-02-25T11:47:11+00:00\" \/>\n<meta property=\"og:image\" content=\"http:\/\/rayter.es\/wp-content\/uploads\/2022\/02\/IMG_0171.jpg\" \/>\n<meta name=\"twitter:card\" content=\"summary_large_image\" \/>\n<meta name=\"twitter:label1\" content=\"Tempo estimado de leitura\" \/>\n\t<meta name=\"twitter:data1\" content=\"2 minutos\" \/>\n<script type=\"application\/ld+json\" class=\"yoast-schema-graph\">{\"@context\":\"https:\\\/\\\/schema.org\",\"@graph\":[{\"@type\":\"WebPage\",\"@id\":\"https:\\\/\\\/rayter.es\\\/pt-pt\\\/demister\\\/\",\"url\":\"https:\\\/\\\/rayter.es\\\/pt-pt\\\/demister\\\/\",\"name\":\"Demister\",\"isPartOf\":{\"@id\":\"https:\\\/\\\/rayter.es\\\/#website\"},\"primaryImageOfPage\":{\"@id\":\"https:\\\/\\\/rayter.es\\\/pt-pt\\\/demister\\\/#primaryimage\"},\"image\":{\"@id\":\"https:\\\/\\\/rayter.es\\\/pt-pt\\\/demister\\\/#primaryimage\"},\"thumbnailUrl\":\"http:\\\/\\\/rayter.es\\\/wp-content\\\/uploads\\\/2022\\\/02\\\/IMG_0171.jpg\",\"datePublished\":\"2022-02-14T22:54:52+00:00\",\"dateModified\":\"2025-02-25T11:47:11+00:00\",\"description\":\"Desembaciador da mais alta qualidade e efic\u00e1cia. Stock para entrega imediata. Solu\u00e7\u00f5es r\u00e1pidas e eficazes para todas as necessidades industriais.\",\"breadcrumb\":{\"@id\":\"https:\\\/\\\/rayter.es\\\/pt-pt\\\/demister\\\/#breadcrumb\"},\"inLanguage\":\"pt-PT\",\"potentialAction\":[{\"@type\":\"ReadAction\",\"target\":[\"https:\\\/\\\/rayter.es\\\/pt-pt\\\/demister\\\/\"]}]},{\"@type\":\"ImageObject\",\"inLanguage\":\"pt-PT\",\"@id\":\"https:\\\/\\\/rayter.es\\\/pt-pt\\\/demister\\\/#primaryimage\",\"url\":\"http:\\\/\\\/rayter.es\\\/wp-content\\\/uploads\\\/2022\\\/02\\\/IMG_0171.jpg\",\"contentUrl\":\"http:\\\/\\\/rayter.es\\\/wp-content\\\/uploads\\\/2022\\\/02\\\/IMG_0171.jpg\"},{\"@type\":\"BreadcrumbList\",\"@id\":\"https:\\\/\\\/rayter.es\\\/pt-pt\\\/demister\\\/#breadcrumb\",\"itemListElement\":[{\"@type\":\"ListItem\",\"position\":1,\"name\":\"Portada\",\"item\":\"https:\\\/\\\/rayter.es\\\/pt-pt\\\/\"},{\"@type\":\"ListItem\",\"position\":2,\"name\":\"Demister\"}]},{\"@type\":\"WebSite\",\"@id\":\"https:\\\/\\\/rayter.es\\\/#website\",\"url\":\"https:\\\/\\\/rayter.es\\\/\",\"name\":\"Rayter\",\"description\":\"Inoxidables para perforaci\u00f3n, filtraci\u00f3n y cribado.\",\"publisher\":{\"@id\":\"https:\\\/\\\/rayter.es\\\/#organization\"},\"potentialAction\":[{\"@type\":\"SearchAction\",\"target\":{\"@type\":\"EntryPoint\",\"urlTemplate\":\"https:\\\/\\\/rayter.es\\\/?s={search_term_string}\"},\"query-input\":{\"@type\":\"PropertyValueSpecification\",\"valueRequired\":true,\"valueName\":\"search_term_string\"}}],\"inLanguage\":\"pt-PT\"},{\"@type\":\"Organization\",\"@id\":\"https:\\\/\\\/rayter.es\\\/#organization\",\"name\":\"Rayter\",\"url\":\"https:\\\/\\\/rayter.es\\\/\",\"logo\":{\"@type\":\"ImageObject\",\"inLanguage\":\"pt-PT\",\"@id\":\"https:\\\/\\\/rayter.es\\\/#\\\/schema\\\/logo\\\/image\\\/\",\"url\":\"https:\\\/\\\/rayter.es\\\/wp-content\\\/uploads\\\/2022\\\/02\\\/logo-rayter-web-e1737115771719.png\",\"contentUrl\":\"https:\\\/\\\/rayter.es\\\/wp-content\\\/uploads\\\/2022\\\/02\\\/logo-rayter-web-e1737115771719.png\",\"width\":1215,\"height\":192,\"caption\":\"Rayter\"},\"image\":{\"@id\":\"https:\\\/\\\/rayter.es\\\/#\\\/schema\\\/logo\\\/image\\\/\"}}]}<\/script>\n<!-- \/ Yoast SEO plugin. -->","yoast_head_json":{"title":"Demister","description":"Desembaciador da mais alta qualidade e efic\u00e1cia. Stock para entrega imediata. Solu\u00e7\u00f5es r\u00e1pidas e eficazes para todas as necessidades industriais.","robots":{"index":"index","follow":"follow","max-snippet":"max-snippet:-1","max-image-preview":"max-image-preview:large","max-video-preview":"max-video-preview:-1"},"canonical":"https:\/\/rayter.es\/pt-pt\/demister\/","og_locale":"pt_PT","og_type":"article","og_title":"Demister","og_description":"Desembaciador da mais alta qualidade e efic\u00e1cia. Stock para entrega imediata. Solu\u00e7\u00f5es r\u00e1pidas e eficazes para todas as necessidades industriais.","og_url":"https:\/\/rayter.es\/pt-pt\/demister\/","og_site_name":"Rayter","article_modified_time":"2025-02-25T11:47:11+00:00","og_image":[{"url":"http:\/\/rayter.es\/wp-content\/uploads\/2022\/02\/IMG_0171.jpg","type":"","width":"","height":""}],"twitter_card":"summary_large_image","twitter_misc":{"Tempo estimado de leitura":"2 minutos"},"schema":{"@context":"https:\/\/schema.org","@graph":[{"@type":"WebPage","@id":"https:\/\/rayter.es\/pt-pt\/demister\/","url":"https:\/\/rayter.es\/pt-pt\/demister\/","name":"Demister","isPartOf":{"@id":"https:\/\/rayter.es\/#website"},"primaryImageOfPage":{"@id":"https:\/\/rayter.es\/pt-pt\/demister\/#primaryimage"},"image":{"@id":"https:\/\/rayter.es\/pt-pt\/demister\/#primaryimage"},"thumbnailUrl":"http:\/\/rayter.es\/wp-content\/uploads\/2022\/02\/IMG_0171.jpg","datePublished":"2022-02-14T22:54:52+00:00","dateModified":"2025-02-25T11:47:11+00:00","description":"Desembaciador da mais alta qualidade e efic\u00e1cia. Stock para entrega imediata. Solu\u00e7\u00f5es r\u00e1pidas e eficazes para todas as necessidades industriais.","breadcrumb":{"@id":"https:\/\/rayter.es\/pt-pt\/demister\/#breadcrumb"},"inLanguage":"pt-PT","potentialAction":[{"@type":"ReadAction","target":["https:\/\/rayter.es\/pt-pt\/demister\/"]}]},{"@type":"ImageObject","inLanguage":"pt-PT","@id":"https:\/\/rayter.es\/pt-pt\/demister\/#primaryimage","url":"http:\/\/rayter.es\/wp-content\/uploads\/2022\/02\/IMG_0171.jpg","contentUrl":"http:\/\/rayter.es\/wp-content\/uploads\/2022\/02\/IMG_0171.jpg"},{"@type":"BreadcrumbList","@id":"https:\/\/rayter.es\/pt-pt\/demister\/#breadcrumb","itemListElement":[{"@type":"ListItem","position":1,"name":"Portada","item":"https:\/\/rayter.es\/pt-pt\/"},{"@type":"ListItem","position":2,"name":"Demister"}]},{"@type":"WebSite","@id":"https:\/\/rayter.es\/#website","url":"https:\/\/rayter.es\/","name":"Rayter","description":"Inoxidables para perforaci\u00f3n, filtraci\u00f3n y cribado.","publisher":{"@id":"https:\/\/rayter.es\/#organization"},"potentialAction":[{"@type":"SearchAction","target":{"@type":"EntryPoint","urlTemplate":"https:\/\/rayter.es\/?s={search_term_string}"},"query-input":{"@type":"PropertyValueSpecification","valueRequired":true,"valueName":"search_term_string"}}],"inLanguage":"pt-PT"},{"@type":"Organization","@id":"https:\/\/rayter.es\/#organization","name":"Rayter","url":"https:\/\/rayter.es\/","logo":{"@type":"ImageObject","inLanguage":"pt-PT","@id":"https:\/\/rayter.es\/#\/schema\/logo\/image\/","url":"https:\/\/rayter.es\/wp-content\/uploads\/2022\/02\/logo-rayter-web-e1737115771719.png","contentUrl":"https:\/\/rayter.es\/wp-content\/uploads\/2022\/02\/logo-rayter-web-e1737115771719.png","width":1215,"height":192,"caption":"Rayter"},"image":{"@id":"https:\/\/rayter.es\/#\/schema\/logo\/image\/"}}]}},"_links":{"self":[{"href":"https:\/\/rayter.es\/pt-pt\/wp-json\/wp\/v2\/pages\/23035","targetHints":{"allow":["GET"]}}],"collection":[{"href":"https:\/\/rayter.es\/pt-pt\/wp-json\/wp\/v2\/pages"}],"about":[{"href":"https:\/\/rayter.es\/pt-pt\/wp-json\/wp\/v2\/types\/page"}],"author":[{"embeddable":true,"href":"https:\/\/rayter.es\/pt-pt\/wp-json\/wp\/v2\/users\/4"}],"replies":[{"embeddable":true,"href":"https:\/\/rayter.es\/pt-pt\/wp-json\/wp\/v2\/comments?post=23035"}],"version-history":[{"count":5,"href":"https:\/\/rayter.es\/pt-pt\/wp-json\/wp\/v2\/pages\/23035\/revisions"}],"predecessor-version":[{"id":23040,"href":"https:\/\/rayter.es\/pt-pt\/wp-json\/wp\/v2\/pages\/23035\/revisions\/23040"}],"wp:attachment":[{"href":"https:\/\/rayter.es\/pt-pt\/wp-json\/wp\/v2\/media?parent=23035"}],"curies":[{"name":"wp","href":"https:\/\/api.w.org\/{rel}","templated":true}]}}