{"id":23061,"date":"2018-05-11T08:44:39","date_gmt":"2018-05-11T08:44:39","guid":{"rendered":"https:\/\/rayter.es\/equipa\/"},"modified":"2025-03-07T10:36:01","modified_gmt":"2025-03-07T10:36:01","slug":"equipa","status":"publish","type":"page","link":"https:\/\/rayter.es\/pt-pt\/equipa\/","title":{"rendered":"Equipa"},"content":{"rendered":"\n<p>\u00a0<\/p>\n\n<div class=\"wp-block-cover alignfull\"><span aria-hidden=\"true\" class=\"wp-block-cover__background has-background-dim\"><\/span><img loading=\"lazy\" decoding=\"async\" width=\"2880\" height=\"670\" class=\"wp-block-cover__image-background wp-image-17812\" alt=\"Equipo Rayter SA\" src=\"http:\/\/rayter.es\/wp-content\/uploads\/2022\/02\/Captura-de-pantalla-2022-02-03-a-las-12.51.01.png\" data-object-fit=\"cover\" srcset=\"https:\/\/rayter.es\/wp-content\/uploads\/2022\/02\/Captura-de-pantalla-2022-02-03-a-las-12.51.01.png 2880w, https:\/\/rayter.es\/wp-content\/uploads\/2022\/02\/Captura-de-pantalla-2022-02-03-a-las-12.51.01-416x97.png 416w, https:\/\/rayter.es\/wp-content\/uploads\/2022\/02\/Captura-de-pantalla-2022-02-03-a-las-12.51.01-300x70.png 300w, https:\/\/rayter.es\/wp-content\/uploads\/2022\/02\/Captura-de-pantalla-2022-02-03-a-las-12.51.01-1024x238.png 1024w, https:\/\/rayter.es\/wp-content\/uploads\/2022\/02\/Captura-de-pantalla-2022-02-03-a-las-12.51.01-768x179.png 768w, https:\/\/rayter.es\/wp-content\/uploads\/2022\/02\/Captura-de-pantalla-2022-02-03-a-las-12.51.01-1536x357.png 1536w, https:\/\/rayter.es\/wp-content\/uploads\/2022\/02\/Captura-de-pantalla-2022-02-03-a-las-12.51.01-2048x476.png 2048w\" sizes=\"auto, (max-width: 2880px) 100vw, 2880px\" \/><div class=\"wp-block-cover__inner-container is-layout-flow wp-block-cover-is-layout-flow\">\n<p class=\"has-text-align-center has-large-font-size\">Equipa Rayter S.A.<\/p>\n<\/div><\/div>\n\n<h2 class=\"wp-block-heading alignwide has-text-align-center\" style=\"margin-top:var(--wp--preset--spacing--70);margin-bottom:var(--wp--preset--spacing--70)\">A nossa <span style=\"font-family: Rubik; font-weight: bold;\">escolha<\/span>, a sua <span style=\"font-family: Rubik; font-weight: bold;\">confian\u00e7a<\/span><\/h2>\n\n<div class=\"wp-block-columns alignfull is-layout-flex wp-container-core-columns-is-layout-9c22b1e3 wp-block-columns-is-layout-flex\">\n<div class=\"wp-block-column is-layout-flow wp-block-column-is-layout-flow\">\n<figure class=\"wp-block-image size-large\"><img loading=\"lazy\" decoding=\"async\" width=\"1024\" height=\"816\" src=\"http:\/\/rayter.es\/wp-content\/uploads\/2022\/02\/Captura-de-pantalla-2022-02-15-a-las-13.25.36-1024x816.jpg\" alt=\"Escritorio Rayter SA\" class=\"wp-image-18074\" style=\"aspect-ratio:2\/3;object-fit:cover\" srcset=\"https:\/\/rayter.es\/wp-content\/uploads\/2022\/02\/Captura-de-pantalla-2022-02-15-a-las-13.25.36-1024x816.jpg 1024w, https:\/\/rayter.es\/wp-content\/uploads\/2022\/02\/Captura-de-pantalla-2022-02-15-a-las-13.25.36-416x332.jpg 416w, https:\/\/rayter.es\/wp-content\/uploads\/2022\/02\/Captura-de-pantalla-2022-02-15-a-las-13.25.36-300x239.jpg 300w, https:\/\/rayter.es\/wp-content\/uploads\/2022\/02\/Captura-de-pantalla-2022-02-15-a-las-13.25.36-768x612.jpg 768w, https:\/\/rayter.es\/wp-content\/uploads\/2022\/02\/Captura-de-pantalla-2022-02-15-a-las-13.25.36.jpg 1026w\" sizes=\"auto, (max-width: 1024px) 100vw, 1024px\" \/><\/figure>\n<\/div>\n\n\n\n<div class=\"wp-block-column is-layout-flow wp-block-column-is-layout-flow\">\n<h2 class=\"wp-block-heading\">Equipa<\/h2>\n\n\n\n<p>_<\/p>\n\n\n\n<p>Dispomos de uma equipa bem formada, com experi\u00eancia suficiente e capacidade para interpretar corretamente as necessidades dos nossos clientes, tanto do ponto de vista t\u00e9cnico como de servi\u00e7o.<\/p>\n\n\n\n<p>Na Rayter, damos uma resposta r\u00e1pida e eficaz aos pedidos de pre\u00e7os; o tratamento personalizado faz com que os clientes nos d\u00eaem a sua CONFIAN\u00c7A.<\/p>\n<\/div>\n\n\n\n<div class=\"wp-block-column is-layout-flow wp-block-column-is-layout-flow\">\n<figure class=\"wp-block-image size-full\"><img loading=\"lazy\" decoding=\"async\" width=\"954\" height=\"736\" src=\"http:\/\/rayter.es\/wp-content\/uploads\/2022\/02\/Captura-de-pantalla-2022-02-03-a-las-12.51.29.png\" alt=\"&lt;br&gt;experi&#xEA;ncia e confian&#xE7;a\" class=\"wp-image-17814\" style=\"aspect-ratio:2\/3;object-fit:cover\" srcset=\"https:\/\/rayter.es\/wp-content\/uploads\/2022\/02\/Captura-de-pantalla-2022-02-03-a-las-12.51.29.png 954w, https:\/\/rayter.es\/wp-content\/uploads\/2022\/02\/Captura-de-pantalla-2022-02-03-a-las-12.51.29-416x321.png 416w, https:\/\/rayter.es\/wp-content\/uploads\/2022\/02\/Captura-de-pantalla-2022-02-03-a-las-12.51.29-300x231.png 300w, https:\/\/rayter.es\/wp-content\/uploads\/2022\/02\/Captura-de-pantalla-2022-02-03-a-las-12.51.29-768x593.png 768w\" sizes=\"auto, (max-width: 954px) 100vw, 954px\" \/><\/figure>\n<\/div>\n\n\n\n<div class=\"wp-block-column is-layout-flow wp-block-column-is-layout-flow\">\n<h2 class=\"wp-block-heading\">40 anos de experi\u00eancia<\/h2>\n\n\n\n<p>_<\/p>\n\n\n\n<p>A Rayter foi fundada em 1985 e, desde o in\u00edcio, o nosso principal objetivo tem sido, e continuar\u00e1 a ser, ganhar a confian\u00e7a dos nossos clientes.<\/p>\n\n\n\n<p>A interpreta\u00e7\u00e3o das suas exig\u00eancias para uma correta aplica\u00e7\u00e3o t\u00e9cnica de cada um dos nossos produtos baseia-se na nossa experi\u00eancia de mais de 35 anos&#8230;<\/p>\n<\/div>\n<\/div>\n\n<div class=\"wp-block-columns alignfull is-layout-flex wp-container-core-columns-is-layout-28f84493 wp-block-columns-is-layout-flex\">\n<div class=\"wp-block-column is-layout-flow wp-block-column-is-layout-flow\">\n<h2 class=\"wp-block-heading\">Stock extenso<\/h2>\n\n\n\n<p>_<\/p>\n\n\n\n<p>Nas nossas instala\u00e7\u00f5es, dispomos de grandes stocks de produtos normalizados que nos permitem responder imediatamente \u00e0s necessidades espec\u00edficas dos nossos clientes.<\/p>\n\n\n\n<p>Para os produtos n\u00e3o normalizados, dispomos de um prazo de entrega geralmente curto sem um aumento significativo dos pre\u00e7os.<\/p>\n<\/div>\n\n\n\n<div class=\"wp-block-column is-layout-flow wp-block-column-is-layout-flow\">\n<figure class=\"wp-block-image size-full\"><img loading=\"lazy\" decoding=\"async\" width=\"954\" height=\"686\" src=\"http:\/\/rayter.es\/wp-content\/uploads\/2022\/02\/Captura-de-pantalla-2022-02-04-a-las-9.54.19.png\" alt=\"Stock imediato\" class=\"wp-image-17854\" style=\"aspect-ratio:2\/3;object-fit:cover\" srcset=\"https:\/\/rayter.es\/wp-content\/uploads\/2022\/02\/Captura-de-pantalla-2022-02-04-a-las-9.54.19.png 954w, https:\/\/rayter.es\/wp-content\/uploads\/2022\/02\/Captura-de-pantalla-2022-02-04-a-las-9.54.19-416x299.png 416w, https:\/\/rayter.es\/wp-content\/uploads\/2022\/02\/Captura-de-pantalla-2022-02-04-a-las-9.54.19-300x216.png 300w, https:\/\/rayter.es\/wp-content\/uploads\/2022\/02\/Captura-de-pantalla-2022-02-04-a-las-9.54.19-768x552.png 768w\" sizes=\"auto, (max-width: 954px) 100vw, 954px\" \/><\/figure>\n<\/div>\n\n\n\n<div class=\"wp-block-column is-layout-flow wp-block-column-is-layout-flow\">\n<h2 class=\"wp-block-heading\">Qualidade<\/h2>\n\n\n\n<p>_<\/p>\n\n\n\n<p>A QUALIDADE \u00e9 o nosso maior valor e todos os nossos produtos podem ser fornecidos com o respetivo Certificado de Qualidade. Para o efeito, dispomos do certificado ISO 9001, que garante a rastreabilidade e a qualidade dos nossos produtos atrav\u00e9s de um controlo rigoroso.<\/p>\n<\/div>\n\n\n\n<div class=\"wp-block-column is-layout-flow wp-block-column-is-layout-flow\">\n<figure class=\"wp-block-image size-full\"><img loading=\"lazy\" decoding=\"async\" width=\"944\" height=\"730\" src=\"http:\/\/rayter.es\/wp-content\/uploads\/2022\/02\/Captura-de-pantalla-2022-02-04-a-las-9.54.27.png\" alt=\"Controlo de qualidade\" class=\"wp-image-17852\" style=\"aspect-ratio:2\/3;object-fit:cover\" srcset=\"https:\/\/rayter.es\/wp-content\/uploads\/2022\/02\/Captura-de-pantalla-2022-02-04-a-las-9.54.27.png 944w, https:\/\/rayter.es\/wp-content\/uploads\/2022\/02\/Captura-de-pantalla-2022-02-04-a-las-9.54.27-416x322.png 416w, https:\/\/rayter.es\/wp-content\/uploads\/2022\/02\/Captura-de-pantalla-2022-02-04-a-las-9.54.27-300x232.png 300w, https:\/\/rayter.es\/wp-content\/uploads\/2022\/02\/Captura-de-pantalla-2022-02-04-a-las-9.54.27-768x594.png 768w\" sizes=\"auto, (max-width: 944px) 100vw, 944px\" \/><\/figure>\n<\/div>\n<\/div>\n\n<figure class=\"wp-block-embed alignfull is-type-video is-provider-vimeo wp-block-embed-vimeo wp-embed-aspect-16-9 wp-has-aspect-ratio\"><div class=\"wp-block-embed__wrapper\">\n<iframe loading=\"lazy\" title=\"RAYTER\" src=\"https:\/\/player.vimeo.com\/video\/1029149412?dnt=1&amp;app_id=122963\" width=\"980\" height=\"551\" frameborder=\"0\" allow=\"autoplay; fullscreen; picture-in-picture; clipboard-write; encrypted-media\"><\/iframe>\n<\/div><\/figure>\n\n<p><\/p>\n\n<p><\/p>\n","protected":false},"excerpt":{"rendered":"<p>\u00a0 A nossa escolha, a sua confian\u00e7a Equipa _ Dispomos de uma equipa bem formada, com experi\u00eancia suficiente e capacidade para interpretar corretamente as necessidades dos nossos clientes, tanto do ponto de vista t\u00e9cnico como de servi\u00e7o. Na Rayter, damos uma resposta r\u00e1pida e eficaz aos pedidos de pre\u00e7os; o tratamento personalizado faz com que [&hellip;]<\/p>\n","protected":false},"author":4,"featured_media":0,"parent":0,"menu_order":0,"comment_status":"closed","ping_status":"closed","template":"template-fullwidth.php","meta":{"googlesitekit_rrm_CAowsr27DA:productID":"","footnotes":""},"class_list":["post-23061","page","type-page","status-publish","hentry"],"yoast_head":"<!-- This site is optimized with the Yoast SEO plugin v27.3 - https:\/\/yoast.com\/product\/yoast-seo-wordpress\/ -->\n<title>Equipa - Rayter<\/title>\n<meta name=\"robots\" content=\"index, follow, max-snippet:-1, max-image-preview:large, max-video-preview:-1\" \/>\n<link rel=\"canonical\" href=\"https:\/\/rayter.es\/pt-pt\/equipa\/\" \/>\n<meta property=\"og:locale\" content=\"pt_PT\" \/>\n<meta property=\"og:type\" content=\"article\" \/>\n<meta property=\"og:title\" content=\"Equipa - Rayter\" \/>\n<meta property=\"og:description\" content=\"\u00a0 A nossa escolha, a sua confian\u00e7a Equipa _ Dispomos de uma equipa bem formada, com experi\u00eancia suficiente e capacidade para interpretar corretamente as necessidades dos nossos clientes, tanto do ponto de vista t\u00e9cnico como de servi\u00e7o. Na Rayter, damos uma resposta r\u00e1pida e eficaz aos pedidos de pre\u00e7os; o tratamento personalizado faz com que [&hellip;]\" \/>\n<meta property=\"og:url\" content=\"https:\/\/rayter.es\/pt-pt\/equipa\/\" \/>\n<meta property=\"og:site_name\" content=\"Rayter\" \/>\n<meta property=\"article:modified_time\" content=\"2025-03-07T10:36:01+00:00\" \/>\n<meta property=\"og:image\" content=\"http:\/\/rayter.es\/wp-content\/uploads\/2022\/02\/Captura-de-pantalla-2022-02-03-a-las-12.51.01.png\" \/>\n<meta name=\"twitter:card\" content=\"summary_large_image\" \/>\n<meta name=\"twitter:label1\" content=\"Tempo estimado de leitura\" \/>\n\t<meta name=\"twitter:data1\" content=\"1 minuto\" \/>\n<script type=\"application\/ld+json\" class=\"yoast-schema-graph\">{\"@context\":\"https:\\\/\\\/schema.org\",\"@graph\":[{\"@type\":\"WebPage\",\"@id\":\"https:\\\/\\\/rayter.es\\\/pt-pt\\\/equipa\\\/\",\"url\":\"https:\\\/\\\/rayter.es\\\/pt-pt\\\/equipa\\\/\",\"name\":\"Equipa - Rayter\",\"isPartOf\":{\"@id\":\"https:\\\/\\\/rayter.es\\\/#website\"},\"primaryImageOfPage\":{\"@id\":\"https:\\\/\\\/rayter.es\\\/pt-pt\\\/equipa\\\/#primaryimage\"},\"image\":{\"@id\":\"https:\\\/\\\/rayter.es\\\/pt-pt\\\/equipa\\\/#primaryimage\"},\"thumbnailUrl\":\"http:\\\/\\\/rayter.es\\\/wp-content\\\/uploads\\\/2022\\\/02\\\/Captura-de-pantalla-2022-02-03-a-las-12.51.01.png\",\"datePublished\":\"2018-05-11T08:44:39+00:00\",\"dateModified\":\"2025-03-07T10:36:01+00:00\",\"breadcrumb\":{\"@id\":\"https:\\\/\\\/rayter.es\\\/pt-pt\\\/equipa\\\/#breadcrumb\"},\"inLanguage\":\"pt-PT\",\"potentialAction\":[{\"@type\":\"ReadAction\",\"target\":[\"https:\\\/\\\/rayter.es\\\/pt-pt\\\/equipa\\\/\"]}]},{\"@type\":\"ImageObject\",\"inLanguage\":\"pt-PT\",\"@id\":\"https:\\\/\\\/rayter.es\\\/pt-pt\\\/equipa\\\/#primaryimage\",\"url\":\"http:\\\/\\\/rayter.es\\\/wp-content\\\/uploads\\\/2022\\\/02\\\/Captura-de-pantalla-2022-02-03-a-las-12.51.01.png\",\"contentUrl\":\"http:\\\/\\\/rayter.es\\\/wp-content\\\/uploads\\\/2022\\\/02\\\/Captura-de-pantalla-2022-02-03-a-las-12.51.01.png\"},{\"@type\":\"BreadcrumbList\",\"@id\":\"https:\\\/\\\/rayter.es\\\/pt-pt\\\/equipa\\\/#breadcrumb\",\"itemListElement\":[{\"@type\":\"ListItem\",\"position\":1,\"name\":\"Portada\",\"item\":\"https:\\\/\\\/rayter.es\\\/pt-pt\\\/\"},{\"@type\":\"ListItem\",\"position\":2,\"name\":\"Equipa\"}]},{\"@type\":\"WebSite\",\"@id\":\"https:\\\/\\\/rayter.es\\\/#website\",\"url\":\"https:\\\/\\\/rayter.es\\\/\",\"name\":\"Rayter\",\"description\":\"Inoxidables para perforaci\u00f3n, filtraci\u00f3n y cribado.\",\"publisher\":{\"@id\":\"https:\\\/\\\/rayter.es\\\/#organization\"},\"potentialAction\":[{\"@type\":\"SearchAction\",\"target\":{\"@type\":\"EntryPoint\",\"urlTemplate\":\"https:\\\/\\\/rayter.es\\\/?s={search_term_string}\"},\"query-input\":{\"@type\":\"PropertyValueSpecification\",\"valueRequired\":true,\"valueName\":\"search_term_string\"}}],\"inLanguage\":\"pt-PT\"},{\"@type\":\"Organization\",\"@id\":\"https:\\\/\\\/rayter.es\\\/#organization\",\"name\":\"Rayter\",\"url\":\"https:\\\/\\\/rayter.es\\\/\",\"logo\":{\"@type\":\"ImageObject\",\"inLanguage\":\"pt-PT\",\"@id\":\"https:\\\/\\\/rayter.es\\\/#\\\/schema\\\/logo\\\/image\\\/\",\"url\":\"https:\\\/\\\/rayter.es\\\/wp-content\\\/uploads\\\/2022\\\/02\\\/logo-rayter-web-e1737115771719.png\",\"contentUrl\":\"https:\\\/\\\/rayter.es\\\/wp-content\\\/uploads\\\/2022\\\/02\\\/logo-rayter-web-e1737115771719.png\",\"width\":1215,\"height\":192,\"caption\":\"Rayter\"},\"image\":{\"@id\":\"https:\\\/\\\/rayter.es\\\/#\\\/schema\\\/logo\\\/image\\\/\"}}]}<\/script>\n<!-- \/ Yoast SEO plugin. -->","yoast_head_json":{"title":"Equipa - Rayter","robots":{"index":"index","follow":"follow","max-snippet":"max-snippet:-1","max-image-preview":"max-image-preview:large","max-video-preview":"max-video-preview:-1"},"canonical":"https:\/\/rayter.es\/pt-pt\/equipa\/","og_locale":"pt_PT","og_type":"article","og_title":"Equipa - Rayter","og_description":"\u00a0 A nossa escolha, a sua confian\u00e7a Equipa _ Dispomos de uma equipa bem formada, com experi\u00eancia suficiente e capacidade para interpretar corretamente as necessidades dos nossos clientes, tanto do ponto de vista t\u00e9cnico como de servi\u00e7o. Na Rayter, damos uma resposta r\u00e1pida e eficaz aos pedidos de pre\u00e7os; o tratamento personalizado faz com que [&hellip;]","og_url":"https:\/\/rayter.es\/pt-pt\/equipa\/","og_site_name":"Rayter","article_modified_time":"2025-03-07T10:36:01+00:00","og_image":[{"url":"http:\/\/rayter.es\/wp-content\/uploads\/2022\/02\/Captura-de-pantalla-2022-02-03-a-las-12.51.01.png","type":"","width":"","height":""}],"twitter_card":"summary_large_image","twitter_misc":{"Tempo estimado de leitura":"1 minuto"},"schema":{"@context":"https:\/\/schema.org","@graph":[{"@type":"WebPage","@id":"https:\/\/rayter.es\/pt-pt\/equipa\/","url":"https:\/\/rayter.es\/pt-pt\/equipa\/","name":"Equipa - Rayter","isPartOf":{"@id":"https:\/\/rayter.es\/#website"},"primaryImageOfPage":{"@id":"https:\/\/rayter.es\/pt-pt\/equipa\/#primaryimage"},"image":{"@id":"https:\/\/rayter.es\/pt-pt\/equipa\/#primaryimage"},"thumbnailUrl":"http:\/\/rayter.es\/wp-content\/uploads\/2022\/02\/Captura-de-pantalla-2022-02-03-a-las-12.51.01.png","datePublished":"2018-05-11T08:44:39+00:00","dateModified":"2025-03-07T10:36:01+00:00","breadcrumb":{"@id":"https:\/\/rayter.es\/pt-pt\/equipa\/#breadcrumb"},"inLanguage":"pt-PT","potentialAction":[{"@type":"ReadAction","target":["https:\/\/rayter.es\/pt-pt\/equipa\/"]}]},{"@type":"ImageObject","inLanguage":"pt-PT","@id":"https:\/\/rayter.es\/pt-pt\/equipa\/#primaryimage","url":"http:\/\/rayter.es\/wp-content\/uploads\/2022\/02\/Captura-de-pantalla-2022-02-03-a-las-12.51.01.png","contentUrl":"http:\/\/rayter.es\/wp-content\/uploads\/2022\/02\/Captura-de-pantalla-2022-02-03-a-las-12.51.01.png"},{"@type":"BreadcrumbList","@id":"https:\/\/rayter.es\/pt-pt\/equipa\/#breadcrumb","itemListElement":[{"@type":"ListItem","position":1,"name":"Portada","item":"https:\/\/rayter.es\/pt-pt\/"},{"@type":"ListItem","position":2,"name":"Equipa"}]},{"@type":"WebSite","@id":"https:\/\/rayter.es\/#website","url":"https:\/\/rayter.es\/","name":"Rayter","description":"Inoxidables para perforaci\u00f3n, filtraci\u00f3n y cribado.","publisher":{"@id":"https:\/\/rayter.es\/#organization"},"potentialAction":[{"@type":"SearchAction","target":{"@type":"EntryPoint","urlTemplate":"https:\/\/rayter.es\/?s={search_term_string}"},"query-input":{"@type":"PropertyValueSpecification","valueRequired":true,"valueName":"search_term_string"}}],"inLanguage":"pt-PT"},{"@type":"Organization","@id":"https:\/\/rayter.es\/#organization","name":"Rayter","url":"https:\/\/rayter.es\/","logo":{"@type":"ImageObject","inLanguage":"pt-PT","@id":"https:\/\/rayter.es\/#\/schema\/logo\/image\/","url":"https:\/\/rayter.es\/wp-content\/uploads\/2022\/02\/logo-rayter-web-e1737115771719.png","contentUrl":"https:\/\/rayter.es\/wp-content\/uploads\/2022\/02\/logo-rayter-web-e1737115771719.png","width":1215,"height":192,"caption":"Rayter"},"image":{"@id":"https:\/\/rayter.es\/#\/schema\/logo\/image\/"}}]}},"_links":{"self":[{"href":"https:\/\/rayter.es\/pt-pt\/wp-json\/wp\/v2\/pages\/23061","targetHints":{"allow":["GET"]}}],"collection":[{"href":"https:\/\/rayter.es\/pt-pt\/wp-json\/wp\/v2\/pages"}],"about":[{"href":"https:\/\/rayter.es\/pt-pt\/wp-json\/wp\/v2\/types\/page"}],"author":[{"embeddable":true,"href":"https:\/\/rayter.es\/pt-pt\/wp-json\/wp\/v2\/users\/4"}],"replies":[{"embeddable":true,"href":"https:\/\/rayter.es\/pt-pt\/wp-json\/wp\/v2\/comments?post=23061"}],"version-history":[{"count":5,"href":"https:\/\/rayter.es\/pt-pt\/wp-json\/wp\/v2\/pages\/23061\/revisions"}],"predecessor-version":[{"id":23067,"href":"https:\/\/rayter.es\/pt-pt\/wp-json\/wp\/v2\/pages\/23061\/revisions\/23067"}],"wp:attachment":[{"href":"https:\/\/rayter.es\/pt-pt\/wp-json\/wp\/v2\/media?parent=23061"}],"curies":[{"name":"wp","href":"https:\/\/api.w.org\/{rel}","templated":true}]}}