{"id":23077,"date":"2022-02-25T10:07:47","date_gmt":"2022-02-25T10:07:47","guid":{"rendered":"https:\/\/rayter.es\/grampos\/"},"modified":"2025-03-10T09:34:18","modified_gmt":"2025-03-10T09:34:18","slug":"grampos","status":"publish","type":"page","link":"https:\/\/rayter.es\/pt-pt\/grampos\/","title":{"rendered":"Grampos"},"content":{"rendered":"\n<h2 class=\"wp-block-heading has-text-align-center\">Grampos da grelhas PRFV y TRAMEX<\/h2>\n\n<div class=\"wp-block-buttons is-content-justification-center is-layout-flex wp-container-core-buttons-is-layout-a89b3969 wp-block-buttons-is-layout-flex\">\n<div class=\"wp-block-button\"><a class=\"wp-block-button__link wp-element-button\" href=\"https:\/\/rayter.es\/producto\/grapa\/\">Solicita um or\u00e7amento<\/a><\/div>\n<\/div>\n\n<div class=\"wp-block-columns alignwide is-layout-flex wp-container-core-columns-is-layout-28f84493 wp-block-columns-is-layout-flex\">\n<div class=\"wp-block-column is-layout-flow wp-block-column-is-layout-flow\">\n<h3 class=\"wp-block-heading\"><span style=\"color: #e76435; font-weight: 800;\"><a href=\"https:\/\/rayter.es\/produto\/grampo\/\">DISCO \u201c45\u201d<\/a><\/span><\/h3>\n\n\n\n<figure class=\"wp-block-image size-full\"><a href=\"https:\/\/rayter.es\/producto\/grapa\/\"><img loading=\"lazy\" decoding=\"async\" width=\"672\" height=\"518\" src=\"http:\/\/rayter.es\/wp-content\/uploads\/2022\/02\/Disco-grande.jpg\" alt=\"Disco grande\" class=\"wp-image-18487\" style=\"aspect-ratio:4\/3;object-fit:cover\" srcset=\"https:\/\/rayter.es\/wp-content\/uploads\/2022\/02\/Disco-grande.jpg 672w, https:\/\/rayter.es\/wp-content\/uploads\/2022\/02\/Disco-grande-416x321.jpg 416w, https:\/\/rayter.es\/wp-content\/uploads\/2022\/02\/Disco-grande-300x231.jpg 300w\" sizes=\"auto, (max-width: 672px) 100vw, 672px\" \/><\/a><\/figure>\n<\/div>\n\n\n\n<div class=\"wp-block-column is-layout-flow wp-block-column-is-layout-flow\">\n<h3 class=\"wp-block-heading\"><span style=\"color: #e76435; font-weight: 800;\"><a href=\"https:\/\/rayter.es\/producto\/grapa\/\">DISCO \u201cU\u201d<\/a><\/span><\/h3>\n\n\n\n<figure class=\"wp-block-image size-full\"><a href=\"https:\/\/rayter.es\/producto\/grapa\/\"><img loading=\"lazy\" decoding=\"async\" width=\"672\" height=\"518\" src=\"http:\/\/rayter.es\/wp-content\/uploads\/2022\/02\/IMG_4488.jpg\" alt=\"Disco U\" class=\"wp-image-18484\" style=\"aspect-ratio:4\/3;object-fit:cover\" srcset=\"https:\/\/rayter.es\/wp-content\/uploads\/2022\/02\/IMG_4488.jpg 672w, https:\/\/rayter.es\/wp-content\/uploads\/2022\/02\/IMG_4488-416x321.jpg 416w, https:\/\/rayter.es\/wp-content\/uploads\/2022\/02\/IMG_4488-300x231.jpg 300w\" sizes=\"auto, (max-width: 672px) 100vw, 672px\" \/><\/a><\/figure>\n<\/div>\n\n\n\n<div class=\"wp-block-column is-layout-flow wp-block-column-is-layout-flow\">\n<h3 class=\"wp-block-heading\"><span style=\"color: #e76435; font-weight: 800;\"><a href=\"https:\/\/rayter.es\/producto\/grapa\/\">TIPO \u201cM\u201d<\/a><\/span><\/h3>\n\n\n\n<figure class=\"wp-block-image size-full\"><a href=\"https:\/\/rayter.es\/producto\/grapa\/\"><img loading=\"lazy\" decoding=\"async\" width=\"672\" height=\"518\" src=\"http:\/\/rayter.es\/wp-content\/uploads\/2022\/02\/Grapa-M.jpg\" alt=\"Grapa M\" class=\"wp-image-18486\" style=\"aspect-ratio:4\/3;object-fit:cover\" srcset=\"https:\/\/rayter.es\/wp-content\/uploads\/2022\/02\/Grapa-M.jpg 672w, https:\/\/rayter.es\/wp-content\/uploads\/2022\/02\/Grapa-M-416x321.jpg 416w, https:\/\/rayter.es\/wp-content\/uploads\/2022\/02\/Grapa-M-300x231.jpg 300w\" sizes=\"auto, (max-width: 672px) 100vw, 672px\" \/><\/a><\/figure>\n<\/div>\n<\/div>\n\n<div class=\"wp-block-columns alignwide is-layout-flex wp-container-core-columns-is-layout-28f84493 wp-block-columns-is-layout-flex\">\n<div class=\"wp-block-column is-layout-flow wp-block-column-is-layout-flow\">\n<h3 class=\"wp-block-heading\"><span style=\"color: #e76435; font-weight: 800;\"><a href=\"https:\/\/rayter.es\/producto\/grapa\/\">STANDARD<\/a><\/span><\/h3>\n\n\n\n<figure class=\"wp-block-image size-full\"><a href=\"https:\/\/rayter.es\/producto\/grapa\/\"><img loading=\"lazy\" decoding=\"async\" width=\"672\" height=\"518\" src=\"http:\/\/rayter.es\/wp-content\/uploads\/2022\/02\/IMG_4472.jpg\" alt=\"Grampos\" class=\"wp-image-18485\" style=\"aspect-ratio:4\/3;object-fit:cover\" srcset=\"https:\/\/rayter.es\/wp-content\/uploads\/2022\/02\/IMG_4472.jpg 672w, https:\/\/rayter.es\/wp-content\/uploads\/2022\/02\/IMG_4472-416x321.jpg 416w, https:\/\/rayter.es\/wp-content\/uploads\/2022\/02\/IMG_4472-300x231.jpg 300w\" sizes=\"auto, (max-width: 672px) 100vw, 672px\" \/><\/a><\/figure>\n<\/div>\n\n\n\n<div class=\"wp-block-column is-layout-flow wp-block-column-is-layout-flow\">\n<h3 class=\"wp-block-heading\"><span style=\"color: #e76435; font-weight: 800;\"><a href=\"https:\/\/rayter.es\/producto\/grapa\/\">TIPO \u201cC\u201d<\/a><\/span><\/h3>\n\n\n\n<figure class=\"wp-block-image size-full\"><a href=\"https:\/\/rayter.es\/producto\/grapa\/\"><img loading=\"lazy\" decoding=\"async\" width=\"672\" height=\"518\" src=\"http:\/\/rayter.es\/wp-content\/uploads\/2022\/02\/IMG_4480.jpg\" alt=\"Grampo tipo C\" class=\"wp-image-18483\" style=\"aspect-ratio:4\/3;object-fit:cover\" srcset=\"https:\/\/rayter.es\/wp-content\/uploads\/2022\/02\/IMG_4480.jpg 672w, https:\/\/rayter.es\/wp-content\/uploads\/2022\/02\/IMG_4480-416x321.jpg 416w, https:\/\/rayter.es\/wp-content\/uploads\/2022\/02\/IMG_4480-300x231.jpg 300w\" sizes=\"auto, (max-width: 672px) 100vw, 672px\" \/><\/a><\/figure>\n<\/div>\n\n\n\n<div class=\"wp-block-column is-layout-flow wp-block-column-is-layout-flow\">\n<h3 class=\"wp-block-heading\"><span style=\"color: #e76435; font-weight: 800;\"><a href=\"https:\/\/rayter.es\/producto\/grapa\/\">DISCO \u201c30\u201d<\/a><\/span><\/h3>\n\n\n\n<figure class=\"wp-block-image size-full\"><a href=\"https:\/\/rayter.es\/producto\/grapa\/\"><img loading=\"lazy\" decoding=\"async\" width=\"511\" height=\"768\" src=\"https:\/\/rayter.es\/wp-content\/uploads\/Disco-30.jpg\" alt=\"\" class=\"wp-image-22619\" style=\"aspect-ratio:4\/3;object-fit:cover\" srcset=\"https:\/\/rayter.es\/wp-content\/uploads\/Disco-30.jpg 511w, https:\/\/rayter.es\/wp-content\/uploads\/Disco-30-200x300.jpg 200w, https:\/\/rayter.es\/wp-content\/uploads\/Disco-30-416x625.jpg 416w\" sizes=\"auto, (max-width: 511px) 100vw, 511px\" \/><\/a><\/figure>\n<\/div>\n<\/div>\n\n<p class=\"has-text-align-center\">\u00a0<\/p>\n\n<h2 class=\"wp-block-heading\"><strong>Grampos de grelha<\/strong> de poli\u00e9ster GRP e Tramex <strong>em<\/strong> <strong>stock para envio imediato<\/strong><\/h2>\n\n<p>En <strong>Rayter<\/strong>, ofrecemos <strong>grapas<\/strong> de alta calidad para la fijaci\u00f3n de <strong>rejillas de poli\u00e9ster PRFV<\/strong> y <strong>Tramex,<\/strong> asegurando una instalaci\u00f3n segura, resistente y duradera. Gra\u00e7as ao nosso para <strong>stock dispon\u00edvel envio imediato<\/strong>, podemos garantir uma entrega r\u00e1pida e eficiente para os seus projectos.<\/p>\n\n<h3 class=\"wp-block-heading\">Grampos GRP e Tramex: seguran\u00e7a e resist\u00eancia<\/h3>\n\n<p>Os <strong>grampos de fixa\u00e7\u00e3o<\/strong> s\u00e3o indispens\u00e1veis para assegurar a estabilidade das grelhas em passadi\u00e7os, plataformas industriais e estruturas de tr\u00e1fego intenso. O seu design permite uma fixa\u00e7\u00e3o firme e duradoura, resistindo a condi\u00e7\u00f5es adversas e proporcionando seguran\u00e7a em todas as instala\u00e7\u00f5es.<\/p>\n\n<h4 class=\"wp-block-heading\">Carater\u00edsticas dos grampos:<\/h4>\n\n<ul class=\"wp-block-list\">\n<li>Fabricado em <strong>a\u00e7o inoxid\u00e1vel AISI 316 e a\u00e7o galvanizado<\/strong> para uma resist\u00eancia m\u00e1xima \u00e0 corros\u00e3o.<\/li>\n\n\n\n<li>Modelos espec\u00edficos para<strong> grades de poli\u00e9ster GRP <\/strong>e <strong>Tramex.<\/strong><\/li>\n\n\n\n<li>Dispon\u00edvel em diferentes formatos, consoante o tipo de grelha.<\/li>\n\n\n\n<li>F\u00e1cil instala\u00e7\u00e3o e elevada durabilidade.<\/li>\n\n\n\n<li><strong>Stock permanente para entrega inmediata<\/strong>.<\/li>\n\n\n\n<li>Op\u00e7\u00e3o de compra \u00e0 unidade ou em pacotes de acordo com as necessidades.<\/li>\n<\/ul>\n\n<p>Veja a nossa gama de <strong>grampos GRP e Tramex<\/strong> na loja online: <a href=\"https:\/\/rayter.es\/producto\/grapa\/\">Ver produto<\/a>.<\/p>\n\n<div data-wp-context=\"{&quot;notices&quot;:[],&quot;hideNextPreviousButtons&quot;:false,&quot;isDisabledPrevious&quot;:true,&quot;isDisabledNext&quot;:false,&quot;ariaLabelPrevious&quot;:&quot;Previous products&quot;,&quot;ariaLabelNext&quot;:&quot;Next products&quot;,&quot;collection&quot;:&quot;woocommerce\\\/product-collection\\\/hand-picked&quot;}\" data-wp-init=\"callbacks.onRender\" data-wp-interactive=\"woocommerce\/product-collection\" data-wp-router-region=\"wc-product-collection-0\" data-__private-preview-state=\"{&quot;isPreview&quot;:false,&quot;previewMessage&quot;:&quot;Los productos reales pueden diferir en funci\\u00f3n de la p\\u00e1gina en la que se est\\u00e9n viendo.&quot;}\" data-block-name=\"woocommerce\/product-collection\" data-collection=\"woocommerce\/product-collection\/hand-picked\" data-dimensions=\"{&quot;widthType&quot;:&quot;fill&quot;}\" data-display-layout=\"{&quot;type&quot;:&quot;flex&quot;,&quot;columns&quot;:2,&quot;shrinkColumns&quot;:true}\" data-hide-controls=\"[&quot;inherit&quot;,&quot;hand-picked&quot;,&quot;filterable&quot;,&quot;order&quot;]\" data-query-context-includes=\"[&quot;collection&quot;]\" data-query-id=\"0\" data-query=\"{&quot;perPage&quot;:1,&quot;pages&quot;:0,&quot;offset&quot;:0,&quot;postType&quot;:&quot;product&quot;,&quot;order&quot;:&quot;asc&quot;,&quot;orderBy&quot;:&quot;post__in&quot;,&quot;search&quot;:&quot;&quot;,&quot;exclude&quot;:[],&quot;inherit&quot;:false,&quot;taxQuery&quot;:[],&quot;isProductCollectionBlock&quot;:true,&quot;featured&quot;:false,&quot;woocommerceOnSale&quot;:false,&quot;woocommerceStockStatus&quot;:[&quot;instock&quot;,&quot;outofstock&quot;,&quot;onbackorder&quot;],&quot;woocommerceAttributes&quot;:[],&quot;woocommerceHandPickedProducts&quot;:[&quot;22296&quot;],&quot;filterable&quot;:false,&quot;relatedBy&quot;:{&quot;categories&quot;:true,&quot;tags&quot;:true}}\" data-tag-name=\"div\" class=\"wp-block-woocommerce-product-collection is-layout-flow wp-block-woocommerce-product-collection-is-layout-flow\">\t\t<div data-wp-interactive=\"woocommerce\/store-notices\" class=\"wc-block-components-notices alignwide\">\n\t\t\t<template data-wp-each--notice=\"state.notices\" data-wp-each-key=\"context.notice.id\">\n\t\t\t\t<div\n\t\t\t\t\tclass=\"wc-block-components-notice-banner\"\n\t\t\t\t\tdata-wp-init=\"callbacks.scrollIntoView\"\n\t\t\t\t\tdata-wp-class--is-error=\"state.isError\"\n\t\t\t\t\tdata-wp-class--is-success=\"state.isSuccess\"\n\t\t\t\t\tdata-wp-class--is-info=\"state.isInfo\"\n\t\t\t\t\tdata-wp-class--is-dismissible=\"context.notice.dismissible\"\n\t\t\t\t\tdata-wp-bind--role=\"state.role\"\n\t\t\t\t\tdata-wp-watch=\"callbacks.injectIcon\"\n\t\t\t\t>\n\t\t\t\t\t<div class=\"wc-block-components-notice-banner__content\">\n\t\t\t\t\t\t<span data-wp-init=\"callbacks.renderNoticeContent\" aria-live=\"assertive\" aria-atomic=\"true\"><\/span>\n\t\t\t\t\t<\/div>\n\t\t\t\t\t<button\n\t\t\t\t\t\tdata-wp-bind--hidden=\"!context.notice.dismissible\"\n\t\t\t\t\t\tclass=\"wc-block-components-button wp-element-button wc-block-components-notice-banner__dismiss contained\"\n\t\t\t\t\t\taria-label=\"Ignorar este aviso\"\n\t\t\t\t\t\tdata-wp-on--click=\"actions.removeNotice\"\n\t\t\t\t\t>\n\t\t\t\t\t\t<svg xmlns=\"http:\/\/www.w3.org\/2000\/svg\" viewBox=\"0 0 24 24\">\n\t\t\t\t\t\t\t<path d=\"M13 11.8l6.1-6.3-1-1-6.1 6.2-6.1-6.2-1 1 6.1 6.3-6.5 6.7 1 1 6.5-6.6 6.5 6.6 1-1z\" \/>\n\t\t\t\t\t\t<\/svg>\n\t\t\t\t\t<\/button>\n\t\t\t\t<\/div>\n\t\t\t<\/template>\n\t\t<\/div>\n\t\t<ul data-block-name=\"woocommerce\/product-template\" class=\"wc-block-product-template__responsive columns-2 wc-block-product-template wp-block-woocommerce-product-template is-layout-flow wp-block-woocommerce-product-template-is-layout-flow\" data-wp-on--scroll=\"actions.watchScroll\" data-wp-init=\"callbacks.initResizeObserver\"><li class=\"wc-block-product post-22296 product type-product status-publish has-post-thumbnail product_cat-grapas product_tag-otras-medidas-consultar-via-email-o-telefono-ventasrayter-es-34-944-570-500 first instock shipping-taxable purchasable product-type-variable\"\n\t\t\t\t\t\n\t\t\t\tdata-wp-interactive=\"woocommerce\/product-collection\"\n\t\t\t\tdata-wp-context='{\"productId\":22296}'\n\t\t\t\tdata-wp-key=\"product-item-22296\"\n\t\t\t\n\t\t\t\t>\n\t\t\t\t\t\n<div data-block-name=\"woocommerce\/product-image\" data-image-sizing=\"thumbnail\" data-is-descendent-of-query-loop=\"true\" class=\"wc-block-components-product-image wc-block-grid__product-image wc-block-components-product-image--aspect-ratio-auto wp-block-woocommerce-product-image\"><a href=\"https:\/\/rayter.es\/pt-pt\/producto\/grapa\/\" style=\"\" data-wp-on--click=\"woocommerce\/product-collection::actions.viewProduct\"><img decoding=\"async\" width=\"324\" height=\"243\" src=\"https:\/\/rayter.es\/wp-content\/uploads\/2022\/02\/Grapa-M-324x243.jpg\" class=\"attachment-woocommerce_thumbnail size-woocommerce_thumbnail\" alt=\"Grapa M\" data-testid=\"product-image\" data-image-id=\"18486\" style=\"object-fit:cover;\" loading=\"lazy\" \/><div class=\"wc-block-components-product-image__inner-container\"><\/div><\/a><\/div>\n\n<h3 style=\"margin-bottom:0.75rem;margin-top:0;\" class=\"has-text-align-center wp-block-post-title has-medium-font-size\"><a data-wp-on--click=\"woocommerce\/product-collection::actions.viewProduct\" href=\"https:\/\/rayter.es\/pt-pt\/producto\/grapa\/\" target=\"_self\" >GRAPA<\/a><\/h3>\n\n<div data-block-name=\"woocommerce\/product-button\" data-font-size=\"small\" data-is-descendent-of-query-loop=\"true\" data-text-align=\"center\" class=\"wp-block-button wc-block-components-product-button   align-center wp-block-woocommerce-product-button has-small-font-size\"\n\t\t\t\t\t\n\t\t\t\t\tdata-wp-context='{\"quantityToAdd\":1,\"productId\":22296,\"productType\":\"variable\",\"addToCartText\":\"Ver op\\u00e7\\u00f5es\",\"tempQuantity\":0,\"animationStatus\":\"IDLE\",\"inTheCartText\":\"### in cart\",\"noticeId\":\"\",\"hasPressedButton\":false}'\n\t\t\t\t>\n\t\t\t\t\t<a\n\t\t\t\t\t\tclass=\"wp-block-button__link wp-element-button wc-block-components-product-button__button add_to_cart_button product_type_variable has-font-size has-small-font-size has-text-align-center wc-interactive\"\n\t\t\t\t\t\tstyle=\"\"\n\t\t\t\t\t\thref=\"https:\/\/rayter.es\/pt-pt\/producto\/grapa\/\" rel=\"nofollow\" data-product_id=\"22296\" data-product_sku=\"GRAPAS\" aria-label=\"Seleccione as op\u00e7\u00f5es para &ldquo;GRAPA&rdquo;\"\n\t\t\t\t\t\tdata-wp-on--click=\"woocommerce\/product-collection::actions.viewProduct\"\n\t\t\t\t\t>\n\t\t\t\t\t<span >Ver op\u00e7\u00f5es<\/span>\n\t\t\t\t\t<\/a>\n\t\t\t\t\t\n\t\t\t\t<\/div>\n\n\t\t\t\t<\/li><\/ul><\/div>\n\n<h3 class=\"wp-block-heading\">Tipos de grampos dispon\u00edveis<\/h3>\n\n<p>Para se adaptar a cada tipo de instala\u00e7\u00e3o, oferecemos diferentes op\u00e7\u00f5es de <strong>grampos de fixa\u00e7\u00e3o<\/strong>:<\/p>\n\n<ul class=\"wp-block-list\">\n<li><strong>Grampos GRP<\/strong>: Especificamente concebidos para fixar as <strong>grelhas de poli\u00e9ster GRP<\/strong>, evitando o deslizamento e garantindo a estabilidade.<\/li>\n\n\n\n<li><strong>Grampos Tramex<\/strong>: perfeitos para a fixa\u00e7\u00e3o de <strong>grelhas met\u00e1licas do tipo Tramex<\/strong>, proporcionando uma fixa\u00e7\u00e3o robusta em estruturas industriais.<\/li>\n\n\n\n<li><strong>Diferentes acabamentos<\/strong>: a\u00e7o inoxid\u00e1vel ou galvanizado, consoante a resist\u00eancia necess\u00e1ria para cada aplica\u00e7\u00e3o.<\/li>\n<\/ul>\n\n<h3 class=\"wp-block-heading\">Compra direta e aconselhamento especializado<\/h3>\n\n<p>Na <strong>Rayter<\/strong>, dispomos de <strong>grampos para PRFV e Tramex<\/strong> prontos para expedi\u00e7\u00e3o imediata, com a garantia de qualidade e durabilidade que caracteriza os nossos produtos.<\/p>\n\n<p><strong>Pede j\u00e1 o teu or\u00e7amento e recebe a tua encomenda em tempo recorde!<\/strong><\/p>\n\n<div class=\"wp-block-buttons is-content-justification-center is-layout-flex wp-container-core-buttons-is-layout-a89b3969 wp-block-buttons-is-layout-flex\">\n<div class=\"wp-block-button\"><a class=\"wp-block-button__link wp-element-button\" href=\"https:\/\/rayter.es\/producto\/grapa\/\">Solicita um or\u00e7amento<\/a><\/div>\n<\/div>\n","protected":false},"excerpt":{"rendered":"<p>Grampos da grelhas PRFV y TRAMEX DISCO \u201c45\u201d DISCO \u201cU\u201d TIPO \u201cM\u201d STANDARD TIPO \u201cC\u201d DISCO \u201c30\u201d \u00a0 Grampos de grelha de poli\u00e9ster GRP e Tramex em stock para envio imediato En Rayter, ofrecemos grapas de alta calidad para la fijaci\u00f3n de rejillas de poli\u00e9ster PRFV y Tramex, asegurando una instalaci\u00f3n segura, resistente y duradera. [&hellip;]<\/p>\n","protected":false},"author":4,"featured_media":0,"parent":0,"menu_order":0,"comment_status":"closed","ping_status":"closed","template":"template-fullwidth.php","meta":{"googlesitekit_rrm_CAowsr27DA:productID":"","footnotes":""},"class_list":["post-23077","page","type-page","status-publish","hentry"],"yoast_head":"<!-- This site is optimized with the Yoast SEO plugin v27.3 - https:\/\/yoast.com\/product\/yoast-seo-wordpress\/ -->\n<title>Grampos para PRFV y TRAMEX<\/title>\n<meta name=\"description\" content=\"Grampos de grelha em poli\u00e9ster GRP e grampos de grelha Tramex, STOCK para envio imediato, qualidade e durabilidade garantidas.\" \/>\n<meta name=\"robots\" content=\"index, follow, max-snippet:-1, max-image-preview:large, max-video-preview:-1\" \/>\n<link rel=\"canonical\" href=\"https:\/\/rayter.es\/pt-pt\/grampos\/\" \/>\n<meta property=\"og:locale\" content=\"pt_PT\" \/>\n<meta property=\"og:type\" content=\"article\" \/>\n<meta property=\"og:title\" content=\"Grampos para PRFV y TRAMEX\" \/>\n<meta property=\"og:description\" content=\"Grampos de grelha em poli\u00e9ster GRP e grampos de grelha Tramex, STOCK para envio imediato, qualidade e durabilidade garantidas.\" \/>\n<meta property=\"og:url\" content=\"https:\/\/rayter.es\/pt-pt\/grampos\/\" \/>\n<meta property=\"og:site_name\" content=\"Rayter\" \/>\n<meta property=\"article:modified_time\" content=\"2025-03-10T09:34:18+00:00\" \/>\n<meta property=\"og:image\" content=\"http:\/\/rayter.es\/wp-content\/uploads\/2022\/02\/Disco-grande.jpg\" \/>\n<meta name=\"twitter:card\" content=\"summary_large_image\" \/>\n<meta name=\"twitter:label1\" content=\"Tempo estimado de leitura\" \/>\n\t<meta name=\"twitter:data1\" content=\"2 minutos\" \/>\n<script type=\"application\/ld+json\" class=\"yoast-schema-graph\">{\"@context\":\"https:\\\/\\\/schema.org\",\"@graph\":[{\"@type\":\"WebPage\",\"@id\":\"https:\\\/\\\/rayter.es\\\/pt-pt\\\/grampos\\\/\",\"url\":\"https:\\\/\\\/rayter.es\\\/pt-pt\\\/grampos\\\/\",\"name\":\"Grampos para PRFV y TRAMEX\",\"isPartOf\":{\"@id\":\"https:\\\/\\\/rayter.es\\\/#website\"},\"primaryImageOfPage\":{\"@id\":\"https:\\\/\\\/rayter.es\\\/pt-pt\\\/grampos\\\/#primaryimage\"},\"image\":{\"@id\":\"https:\\\/\\\/rayter.es\\\/pt-pt\\\/grampos\\\/#primaryimage\"},\"thumbnailUrl\":\"http:\\\/\\\/rayter.es\\\/wp-content\\\/uploads\\\/2022\\\/02\\\/Disco-grande.jpg\",\"datePublished\":\"2022-02-25T10:07:47+00:00\",\"dateModified\":\"2025-03-10T09:34:18+00:00\",\"description\":\"Grampos de grelha em poli\u00e9ster GRP e grampos de grelha Tramex, STOCK para envio imediato, qualidade e durabilidade garantidas.\",\"breadcrumb\":{\"@id\":\"https:\\\/\\\/rayter.es\\\/pt-pt\\\/grampos\\\/#breadcrumb\"},\"inLanguage\":\"pt-PT\",\"potentialAction\":[{\"@type\":\"ReadAction\",\"target\":[\"https:\\\/\\\/rayter.es\\\/pt-pt\\\/grampos\\\/\"]}]},{\"@type\":\"ImageObject\",\"inLanguage\":\"pt-PT\",\"@id\":\"https:\\\/\\\/rayter.es\\\/pt-pt\\\/grampos\\\/#primaryimage\",\"url\":\"http:\\\/\\\/rayter.es\\\/wp-content\\\/uploads\\\/2022\\\/02\\\/Disco-grande.jpg\",\"contentUrl\":\"http:\\\/\\\/rayter.es\\\/wp-content\\\/uploads\\\/2022\\\/02\\\/Disco-grande.jpg\"},{\"@type\":\"BreadcrumbList\",\"@id\":\"https:\\\/\\\/rayter.es\\\/pt-pt\\\/grampos\\\/#breadcrumb\",\"itemListElement\":[{\"@type\":\"ListItem\",\"position\":1,\"name\":\"Portada\",\"item\":\"https:\\\/\\\/rayter.es\\\/pt-pt\\\/\"},{\"@type\":\"ListItem\",\"position\":2,\"name\":\"Grampos\"}]},{\"@type\":\"WebSite\",\"@id\":\"https:\\\/\\\/rayter.es\\\/#website\",\"url\":\"https:\\\/\\\/rayter.es\\\/\",\"name\":\"Rayter\",\"description\":\"Inoxidables para perforaci\u00f3n, filtraci\u00f3n y cribado.\",\"publisher\":{\"@id\":\"https:\\\/\\\/rayter.es\\\/#organization\"},\"potentialAction\":[{\"@type\":\"SearchAction\",\"target\":{\"@type\":\"EntryPoint\",\"urlTemplate\":\"https:\\\/\\\/rayter.es\\\/?s={search_term_string}\"},\"query-input\":{\"@type\":\"PropertyValueSpecification\",\"valueRequired\":true,\"valueName\":\"search_term_string\"}}],\"inLanguage\":\"pt-PT\"},{\"@type\":\"Organization\",\"@id\":\"https:\\\/\\\/rayter.es\\\/#organization\",\"name\":\"Rayter\",\"url\":\"https:\\\/\\\/rayter.es\\\/\",\"logo\":{\"@type\":\"ImageObject\",\"inLanguage\":\"pt-PT\",\"@id\":\"https:\\\/\\\/rayter.es\\\/#\\\/schema\\\/logo\\\/image\\\/\",\"url\":\"https:\\\/\\\/rayter.es\\\/wp-content\\\/uploads\\\/2022\\\/02\\\/logo-rayter-web-e1737115771719.png\",\"contentUrl\":\"https:\\\/\\\/rayter.es\\\/wp-content\\\/uploads\\\/2022\\\/02\\\/logo-rayter-web-e1737115771719.png\",\"width\":1215,\"height\":192,\"caption\":\"Rayter\"},\"image\":{\"@id\":\"https:\\\/\\\/rayter.es\\\/#\\\/schema\\\/logo\\\/image\\\/\"}}]}<\/script>\n<!-- \/ Yoast SEO plugin. -->","yoast_head_json":{"title":"Grampos para PRFV y TRAMEX","description":"Grampos de grelha em poli\u00e9ster GRP e grampos de grelha Tramex, STOCK para envio imediato, qualidade e durabilidade garantidas.","robots":{"index":"index","follow":"follow","max-snippet":"max-snippet:-1","max-image-preview":"max-image-preview:large","max-video-preview":"max-video-preview:-1"},"canonical":"https:\/\/rayter.es\/pt-pt\/grampos\/","og_locale":"pt_PT","og_type":"article","og_title":"Grampos para PRFV y TRAMEX","og_description":"Grampos de grelha em poli\u00e9ster GRP e grampos de grelha Tramex, STOCK para envio imediato, qualidade e durabilidade garantidas.","og_url":"https:\/\/rayter.es\/pt-pt\/grampos\/","og_site_name":"Rayter","article_modified_time":"2025-03-10T09:34:18+00:00","og_image":[{"url":"http:\/\/rayter.es\/wp-content\/uploads\/2022\/02\/Disco-grande.jpg","type":"","width":"","height":""}],"twitter_card":"summary_large_image","twitter_misc":{"Tempo estimado de leitura":"2 minutos"},"schema":{"@context":"https:\/\/schema.org","@graph":[{"@type":"WebPage","@id":"https:\/\/rayter.es\/pt-pt\/grampos\/","url":"https:\/\/rayter.es\/pt-pt\/grampos\/","name":"Grampos para PRFV y TRAMEX","isPartOf":{"@id":"https:\/\/rayter.es\/#website"},"primaryImageOfPage":{"@id":"https:\/\/rayter.es\/pt-pt\/grampos\/#primaryimage"},"image":{"@id":"https:\/\/rayter.es\/pt-pt\/grampos\/#primaryimage"},"thumbnailUrl":"http:\/\/rayter.es\/wp-content\/uploads\/2022\/02\/Disco-grande.jpg","datePublished":"2022-02-25T10:07:47+00:00","dateModified":"2025-03-10T09:34:18+00:00","description":"Grampos de grelha em poli\u00e9ster GRP e grampos de grelha Tramex, STOCK para envio imediato, qualidade e durabilidade garantidas.","breadcrumb":{"@id":"https:\/\/rayter.es\/pt-pt\/grampos\/#breadcrumb"},"inLanguage":"pt-PT","potentialAction":[{"@type":"ReadAction","target":["https:\/\/rayter.es\/pt-pt\/grampos\/"]}]},{"@type":"ImageObject","inLanguage":"pt-PT","@id":"https:\/\/rayter.es\/pt-pt\/grampos\/#primaryimage","url":"http:\/\/rayter.es\/wp-content\/uploads\/2022\/02\/Disco-grande.jpg","contentUrl":"http:\/\/rayter.es\/wp-content\/uploads\/2022\/02\/Disco-grande.jpg"},{"@type":"BreadcrumbList","@id":"https:\/\/rayter.es\/pt-pt\/grampos\/#breadcrumb","itemListElement":[{"@type":"ListItem","position":1,"name":"Portada","item":"https:\/\/rayter.es\/pt-pt\/"},{"@type":"ListItem","position":2,"name":"Grampos"}]},{"@type":"WebSite","@id":"https:\/\/rayter.es\/#website","url":"https:\/\/rayter.es\/","name":"Rayter","description":"Inoxidables para perforaci\u00f3n, filtraci\u00f3n y cribado.","publisher":{"@id":"https:\/\/rayter.es\/#organization"},"potentialAction":[{"@type":"SearchAction","target":{"@type":"EntryPoint","urlTemplate":"https:\/\/rayter.es\/?s={search_term_string}"},"query-input":{"@type":"PropertyValueSpecification","valueRequired":true,"valueName":"search_term_string"}}],"inLanguage":"pt-PT"},{"@type":"Organization","@id":"https:\/\/rayter.es\/#organization","name":"Rayter","url":"https:\/\/rayter.es\/","logo":{"@type":"ImageObject","inLanguage":"pt-PT","@id":"https:\/\/rayter.es\/#\/schema\/logo\/image\/","url":"https:\/\/rayter.es\/wp-content\/uploads\/2022\/02\/logo-rayter-web-e1737115771719.png","contentUrl":"https:\/\/rayter.es\/wp-content\/uploads\/2022\/02\/logo-rayter-web-e1737115771719.png","width":1215,"height":192,"caption":"Rayter"},"image":{"@id":"https:\/\/rayter.es\/#\/schema\/logo\/image\/"}}]}},"_links":{"self":[{"href":"https:\/\/rayter.es\/pt-pt\/wp-json\/wp\/v2\/pages\/23077","targetHints":{"allow":["GET"]}}],"collection":[{"href":"https:\/\/rayter.es\/pt-pt\/wp-json\/wp\/v2\/pages"}],"about":[{"href":"https:\/\/rayter.es\/pt-pt\/wp-json\/wp\/v2\/types\/page"}],"author":[{"embeddable":true,"href":"https:\/\/rayter.es\/pt-pt\/wp-json\/wp\/v2\/users\/4"}],"replies":[{"embeddable":true,"href":"https:\/\/rayter.es\/pt-pt\/wp-json\/wp\/v2\/comments?post=23077"}],"version-history":[{"count":1,"href":"https:\/\/rayter.es\/pt-pt\/wp-json\/wp\/v2\/pages\/23077\/revisions"}],"predecessor-version":[{"id":23078,"href":"https:\/\/rayter.es\/pt-pt\/wp-json\/wp\/v2\/pages\/23077\/revisions\/23078"}],"wp:attachment":[{"href":"https:\/\/rayter.es\/pt-pt\/wp-json\/wp\/v2\/media?parent=23077"}],"curies":[{"name":"wp","href":"https:\/\/api.w.org\/{rel}","templated":true}]}}