{"id":23079,"date":"2022-02-02T11:14:29","date_gmt":"2022-02-02T11:14:29","guid":{"rendered":"https:\/\/rayter.es\/malha-soldada\/"},"modified":"2025-03-10T10:18:32","modified_gmt":"2025-03-10T10:18:32","slug":"malha-soldada","status":"publish","type":"page","link":"https:\/\/rayter.es\/pt-pt\/malha-soldada\/","title":{"rendered":"Malha soldada"},"content":{"rendered":"\n<h2 class=\"wp-block-heading has-text-align-center\">Malha soldada<\/h2>\n\n<div class=\"wp-block-buttons is-content-justification-center is-layout-flex wp-container-core-buttons-is-layout-a89b3969 wp-block-buttons-is-layout-flex\">\n<div class=\"wp-block-button\"><a class=\"wp-block-button__link wp-element-button\" href=\"http:\/\/rayter.es\/categoria\/mallas-electrosoldadas\/\">Solicita um or\u00e7amento<\/a><\/div>\n<\/div>\n\n<p class=\"has-text-align-center\">Aqui encontras a gama completa de produtos que temos em stock e as respectivas imagens e especifica\u00e7\u00f5es t\u00e9cnicas.<\/p>\n\n<div class=\"wp-block-columns alignwide is-layout-flex wp-container-core-columns-is-layout-28f84493 wp-block-columns-is-layout-flex\">\n<div class=\"wp-block-column is-layout-flow wp-block-column-is-layout-flow\">\n<h3 class=\"wp-block-heading\"><span style=\"color: #e76435; font-weight: 800;\"><span style=\"color: #e76435; font-weight: 800;\"><a href=\"https:\/\/rayter.es\/producto\/malla-electrosoldada\/\">Inoxid\u00e1vel<\/a><\/span><\/span><\/h3>\n\n\n\n<figure class=\"wp-block-image size-full\"><a href=\"https:\/\/rayter.es\/producto\/malla-electrosoldada\/\"><img loading=\"lazy\" decoding=\"async\" width=\"672\" height=\"518\" src=\"http:\/\/rayter.es\/wp-content\/uploads\/2022\/02\/e8567e87-ebb4-483a-851b-77834a76ead5-1.jpg\" alt=\"Malha soldada em a&#xE7;o inoxid&#xE1;vel\" class=\"wp-image-18429\" style=\"aspect-ratio:4\/3;object-fit:cover\" srcset=\"https:\/\/rayter.es\/wp-content\/uploads\/2022\/02\/e8567e87-ebb4-483a-851b-77834a76ead5-1.jpg 672w, https:\/\/rayter.es\/wp-content\/uploads\/2022\/02\/e8567e87-ebb4-483a-851b-77834a76ead5-1-416x321.jpg 416w, https:\/\/rayter.es\/wp-content\/uploads\/2022\/02\/e8567e87-ebb4-483a-851b-77834a76ead5-1-300x231.jpg 300w\" sizes=\"auto, (max-width: 672px) 100vw, 672px\" \/><\/a><\/figure>\n\n\n\n<p><strong>Dimens\u00f5es<\/strong>: 304\/316<\/p>\n\n\n\n<p><strong>Pain\u00e9is em stock<\/strong>: Luz 30 Diam.3 &#8211; 2000 x 1000 \/ Luz 50 Diam.3 &#8211; 2000 x 1000 e 2000 x 1500 \/ Luz 50 Diam.4 &#8211; 2000 x 1000<\/p>\n\n\n\n<p><strong>Rolos em stock<\/strong>: largura 1 mts:Light 8,5 Diam 1 \/ Light 11 Diam. 1.5 \/ Luz 11.5 Diam.1 \/ Luz 17 Diam. 2 \/ Luz 25 Diam. 2 \/ Luz 35 Diam. 2.5<\/p>\n\n\n\n<p>Fabrico por medida.<\/p>\n<\/div>\n\n\n\n<div class=\"wp-block-column is-layout-flow wp-block-column-is-layout-flow\">\n<h3 class=\"wp-block-heading\"><span style=\"color: #e76435; font-weight: 800;\"><span style=\"color: #e76435; font-weight: 800;\"><a href=\"https:\/\/rayter.es\/producto\/malla-electrosoldada\/\">Ferro<\/a><\/span><\/span><\/h3>\n\n\n\n<figure class=\"wp-block-image size-full\"><a href=\"https:\/\/rayter.es\/producto\/malla-electrosoldada\/\"><img loading=\"lazy\" decoding=\"async\" width=\"2560\" height=\"1920\" src=\"http:\/\/rayter.es\/wp-content\/uploads\/2022\/02\/M.SOL_.PANELES-scaled-1.jpg\" alt=\"Malha de ferro soldada\" class=\"wp-image-18444\" style=\"aspect-ratio:4\/3;object-fit:cover\" srcset=\"https:\/\/rayter.es\/wp-content\/uploads\/2022\/02\/M.SOL_.PANELES-scaled-1.jpg 2560w, https:\/\/rayter.es\/wp-content\/uploads\/2022\/02\/M.SOL_.PANELES-scaled-1-324x243.jpg 324w, https:\/\/rayter.es\/wp-content\/uploads\/2022\/02\/M.SOL_.PANELES-scaled-1-416x312.jpg 416w, https:\/\/rayter.es\/wp-content\/uploads\/2022\/02\/M.SOL_.PANELES-scaled-1-300x225.jpg 300w, https:\/\/rayter.es\/wp-content\/uploads\/2022\/02\/M.SOL_.PANELES-scaled-1-1024x768.jpg 1024w, https:\/\/rayter.es\/wp-content\/uploads\/2022\/02\/M.SOL_.PANELES-scaled-1-768x576.jpg 768w, https:\/\/rayter.es\/wp-content\/uploads\/2022\/02\/M.SOL_.PANELES-scaled-1-1536x1152.jpg 1536w, https:\/\/rayter.es\/wp-content\/uploads\/2022\/02\/M.SOL_.PANELES-scaled-1-2048x1536.jpg 2048w\" sizes=\"auto, (max-width: 2560px) 100vw, 2560px\" \/><\/a><\/figure>\n\n\n\n<p><strong>Pain\u00e9is em stock<\/strong>: 300\/50\/6 &#8211; 2600 x 1500 \/x 1800 \/x 2000 \/ 50\/50\/5 &#8211; 2000 x 1000 e 2000 x 1500 \/ 40\/40\/4 &#8211; 2000 x 1000 \/ 30\/30\/3 &#8211; 2000 x 1000<\/p>\n\n\n\n<p>Fabrico por medida.<\/p>\n<\/div>\n\n\n\n<div class=\"wp-block-column is-layout-flow wp-block-column-is-layout-flow\">\n<h3 class=\"wp-block-heading\"><span style=\"color: #e76435; font-weight: 800;\"><span style=\"color: #e76435; font-weight: 800;\"><a href=\"https:\/\/rayter.es\/producto\/malla-electrosoldada\/\">Galvanizado<\/a><\/span><\/span><\/h3>\n\n\n\n<figure class=\"wp-block-image size-full\"><a href=\"https:\/\/rayter.es\/producto\/malla-electrosoldada\/\"><img loading=\"lazy\" decoding=\"async\" width=\"2560\" height=\"1920\" src=\"http:\/\/rayter.es\/wp-content\/uploads\/2022\/02\/MALLASOLDADAGALVA1-1-scaled-1.jpg\" alt=\"Malha soldada galvanizada\" class=\"wp-image-18443\" style=\"aspect-ratio:4\/3;object-fit:cover\" srcset=\"https:\/\/rayter.es\/wp-content\/uploads\/2022\/02\/MALLASOLDADAGALVA1-1-scaled-1.jpg 2560w, https:\/\/rayter.es\/wp-content\/uploads\/2022\/02\/MALLASOLDADAGALVA1-1-scaled-1-324x243.jpg 324w, https:\/\/rayter.es\/wp-content\/uploads\/2022\/02\/MALLASOLDADAGALVA1-1-scaled-1-416x312.jpg 416w, https:\/\/rayter.es\/wp-content\/uploads\/2022\/02\/MALLASOLDADAGALVA1-1-scaled-1-300x225.jpg 300w, https:\/\/rayter.es\/wp-content\/uploads\/2022\/02\/MALLASOLDADAGALVA1-1-scaled-1-1024x768.jpg 1024w, https:\/\/rayter.es\/wp-content\/uploads\/2022\/02\/MALLASOLDADAGALVA1-1-scaled-1-768x576.jpg 768w, https:\/\/rayter.es\/wp-content\/uploads\/2022\/02\/MALLASOLDADAGALVA1-1-scaled-1-1536x1152.jpg 1536w, https:\/\/rayter.es\/wp-content\/uploads\/2022\/02\/MALLASOLDADAGALVA1-1-scaled-1-2048x1536.jpg 2048w\" sizes=\"auto, (max-width: 2560px) 100vw, 2560px\" \/><\/a><\/figure>\n\n\n\n<p><strong>Rolos em stock<\/strong>: Ancho 1 y 1.5 mts \/ Luz 6 Diam 0.6 \/ Luz 10 Diam. 0.9 \/ Luz 13 Diam. 1 \/ Luz 25 Diam. 2 \/ Luz 50 Diam. 3<\/p>\n<\/div>\n<\/div>\n\n<div class=\"wp-block-buttons is-content-justification-center is-layout-flex wp-container-core-buttons-is-layout-a89b3969 wp-block-buttons-is-layout-flex\">\n<div class=\"wp-block-button\"><a class=\"wp-block-button__link wp-element-button\" href=\"http:\/\/rayter.es\/categoria\/mallas-electrosoldadas\/\">Solicita um or\u00e7amento<\/a><\/div>\n<\/div>\n\n<p class=\"has-text-align-center\"><\/p>\n\n<h3 class=\"wp-block-heading\"><strong>Malha soldada<\/strong> em s<strong>tock<\/strong> para <strong>envio imediato<\/strong><\/h3>\n\n<p>Na <strong>Rayter<\/strong>, oferecemos <strong>malhas soldadas<\/strong> de alta qualidade, concebidas para aplica\u00e7\u00f5es de constru\u00e7\u00e3o, industriais, de seguran\u00e7a e decorativas. A sua estrutura robusta, constitu\u00edda por var\u00f5es de a\u00e7o unidos por soldadura el\u00e9ctrica, proporciona uma grande resist\u00eancia e durabilidade. Gra\u00e7as ao nosso <strong>stock permanente para envio imediato,<\/strong> garantimos uma entrega r\u00e1pida e eficaz.<\/p>\n\n<h3 class=\"wp-block-heading\">Malha soldada: seguran\u00e7a e versatilidade<\/h3>\n\n<p>A <strong>malha soldada<\/strong> \u00e9 amplamente utilizada em sectores como a constru\u00e7\u00e3o, as veda\u00e7\u00f5es, o refor\u00e7o estrutural, as gaiolas, os suportes industriais e muitas outras aplica\u00e7\u00f5es. A sua conce\u00e7\u00e3o garante estabilidade, seguran\u00e7a e facilidade de instala\u00e7\u00e3o.<\/p>\n\n<h4 class=\"wp-block-heading\">Carater\u00edsticas da malha soldada:<\/h4>\n\n<ul class=\"wp-block-list\">\n<li>Fabricado em <strong>a\u00e7o galvanizado e a\u00e7o inoxid\u00e1vel.<\/strong><\/li>\n\n\n\n<li>Dispon\u00edvel em diferentes formatos e espessuras para v\u00e1rias aplica\u00e7\u00f5es.<\/li>\n\n\n\n<li>Variedade de malhas e di\u00e2metros de arame.<\/li>\n\n\n\n<li>Elevada resist\u00eancia mec\u00e2nica e excelente estabilidade estrutural.<\/li>\n\n\n\n<li><strong>Stock permanente para entrega imediata.<\/strong><\/li>\n\n\n\n<li>Possibilidade de formatos standard ou personalizados de acordo com as necessidades do cliente.<\/li>\n<\/ul>\n\n<p>Ver a nossa gama de <strong>malhas soldadas<\/strong> na loja online: <a href=\"https:\/\/rayter.es\/producto\/malla-electrosoldada\/\">Ver produto<\/a>.<\/p>\n\n<div data-wp-context=\"{&quot;notices&quot;:[],&quot;hideNextPreviousButtons&quot;:false,&quot;isDisabledPrevious&quot;:true,&quot;isDisabledNext&quot;:false,&quot;ariaLabelPrevious&quot;:&quot;Previous products&quot;,&quot;ariaLabelNext&quot;:&quot;Next products&quot;,&quot;collection&quot;:&quot;woocommerce\\\/product-collection\\\/hand-picked&quot;}\" data-wp-init=\"callbacks.onRender\" data-wp-interactive=\"woocommerce\/product-collection\" data-wp-router-region=\"wc-product-collection-6\" data-__private-preview-state=\"{&quot;isPreview&quot;:false,&quot;previewMessage&quot;:&quot;Los productos reales pueden diferir en funci\\u00f3n de la p\\u00e1gina en la que se est\\u00e9n viendo.&quot;}\" data-block-name=\"woocommerce\/product-collection\" data-collection=\"woocommerce\/product-collection\/hand-picked\" data-dimensions=\"{&quot;widthType&quot;:&quot;fill&quot;}\" data-display-layout=\"{&quot;type&quot;:&quot;flex&quot;,&quot;columns&quot;:2,&quot;shrinkColumns&quot;:true}\" data-hide-controls=\"[&quot;inherit&quot;,&quot;hand-picked&quot;,&quot;filterable&quot;,&quot;order&quot;]\" data-query-context-includes=\"[&quot;collection&quot;]\" data-query-id=\"6\" data-query=\"{&quot;perPage&quot;:1,&quot;pages&quot;:0,&quot;offset&quot;:0,&quot;postType&quot;:&quot;product&quot;,&quot;order&quot;:&quot;asc&quot;,&quot;orderBy&quot;:&quot;post__in&quot;,&quot;search&quot;:&quot;&quot;,&quot;exclude&quot;:[],&quot;inherit&quot;:false,&quot;taxQuery&quot;:[],&quot;isProductCollectionBlock&quot;:true,&quot;featured&quot;:false,&quot;woocommerceOnSale&quot;:false,&quot;woocommerceStockStatus&quot;:[&quot;instock&quot;,&quot;outofstock&quot;,&quot;onbackorder&quot;],&quot;woocommerceAttributes&quot;:[],&quot;woocommerceHandPickedProducts&quot;:[&quot;22308&quot;],&quot;filterable&quot;:false,&quot;relatedBy&quot;:{&quot;categories&quot;:true,&quot;tags&quot;:true}}\" data-tag-name=\"div\" class=\"wp-block-woocommerce-product-collection is-layout-flow wp-block-woocommerce-product-collection-is-layout-flow\">\t\t<div data-wp-interactive=\"woocommerce\/store-notices\" class=\"wc-block-components-notices alignwide\">\n\t\t\t<template data-wp-each--notice=\"state.notices\" data-wp-each-key=\"context.notice.id\">\n\t\t\t\t<div\n\t\t\t\t\tclass=\"wc-block-components-notice-banner\"\n\t\t\t\t\tdata-wp-init=\"callbacks.scrollIntoView\"\n\t\t\t\t\tdata-wp-class--is-error=\"state.isError\"\n\t\t\t\t\tdata-wp-class--is-success=\"state.isSuccess\"\n\t\t\t\t\tdata-wp-class--is-info=\"state.isInfo\"\n\t\t\t\t\tdata-wp-class--is-dismissible=\"context.notice.dismissible\"\n\t\t\t\t\tdata-wp-bind--role=\"state.role\"\n\t\t\t\t\tdata-wp-watch=\"callbacks.injectIcon\"\n\t\t\t\t>\n\t\t\t\t\t<div class=\"wc-block-components-notice-banner__content\">\n\t\t\t\t\t\t<span data-wp-init=\"callbacks.renderNoticeContent\" aria-live=\"assertive\" aria-atomic=\"true\"><\/span>\n\t\t\t\t\t<\/div>\n\t\t\t\t\t<button\n\t\t\t\t\t\tdata-wp-bind--hidden=\"!context.notice.dismissible\"\n\t\t\t\t\t\tclass=\"wc-block-components-button wp-element-button wc-block-components-notice-banner__dismiss contained\"\n\t\t\t\t\t\taria-label=\"Ignorar este aviso\"\n\t\t\t\t\t\tdata-wp-on--click=\"actions.removeNotice\"\n\t\t\t\t\t>\n\t\t\t\t\t\t<svg xmlns=\"http:\/\/www.w3.org\/2000\/svg\" viewBox=\"0 0 24 24\">\n\t\t\t\t\t\t\t<path d=\"M13 11.8l6.1-6.3-1-1-6.1 6.2-6.1-6.2-1 1 6.1 6.3-6.5 6.7 1 1 6.5-6.6 6.5 6.6 1-1z\" \/>\n\t\t\t\t\t\t<\/svg>\n\t\t\t\t\t<\/button>\n\t\t\t\t<\/div>\n\t\t\t<\/template>\n\t\t<\/div>\n\t\t<ul data-block-name=\"woocommerce\/product-template\" class=\"wc-block-product-template__responsive columns-2 wc-block-product-template wp-block-woocommerce-product-template is-layout-flow wp-block-woocommerce-product-template-is-layout-flow\" data-wp-on--scroll=\"actions.watchScroll\" data-wp-init=\"callbacks.initResizeObserver\"><li class=\"wc-block-product post-22308 product type-product status-publish has-post-thumbnail product_cat-mallas-electrosoldadas product_tag-otras-medidas-consultar-via-email-o-telefono-ventasrayter-es-34-944-570-500 first instock shipping-taxable purchasable product-type-variable\"\n\t\t\t\t\t\n\t\t\t\tdata-wp-interactive=\"woocommerce\/product-collection\"\n\t\t\t\tdata-wp-context='{\"productId\":22308}'\n\t\t\t\tdata-wp-key=\"product-item-22308\"\n\t\t\t\n\t\t\t\t>\n\t\t\t\t\t\n<div data-block-name=\"woocommerce\/product-image\" data-image-sizing=\"thumbnail\" data-is-descendent-of-query-loop=\"true\" class=\"wc-block-components-product-image wc-block-grid__product-image wc-block-components-product-image--aspect-ratio-auto wp-block-woocommerce-product-image\"><a href=\"https:\/\/rayter.es\/pt-pt\/producto\/malla-electrosoldada\/\" style=\"\" data-wp-on--click=\"woocommerce\/product-collection::actions.viewProduct\"><img decoding=\"async\" width=\"324\" height=\"243\" src=\"https:\/\/rayter.es\/wp-content\/uploads\/MALLASOLDADAGALVA1-1-scaled-1-2048x1536-1-324x243.jpg\" class=\"attachment-woocommerce_thumbnail size-woocommerce_thumbnail\" alt=\"MALLA ELECTROSOLDADA\" data-testid=\"product-image\" data-image-id=\"22309\" style=\"object-fit:cover;\" loading=\"lazy\" srcset=\"https:\/\/rayter.es\/wp-content\/uploads\/MALLASOLDADAGALVA1-1-scaled-1-2048x1536-1-324x243.jpg 324w, https:\/\/rayter.es\/wp-content\/uploads\/MALLASOLDADAGALVA1-1-scaled-1-2048x1536-1-300x225.jpg 300w, https:\/\/rayter.es\/wp-content\/uploads\/MALLASOLDADAGALVA1-1-scaled-1-2048x1536-1-1024x768.jpg 1024w, https:\/\/rayter.es\/wp-content\/uploads\/MALLASOLDADAGALVA1-1-scaled-1-2048x1536-1-768x576.jpg 768w, https:\/\/rayter.es\/wp-content\/uploads\/MALLASOLDADAGALVA1-1-scaled-1-2048x1536-1-1536x1152.jpg 1536w, https:\/\/rayter.es\/wp-content\/uploads\/MALLASOLDADAGALVA1-1-scaled-1-2048x1536-1-416x312.jpg 416w, https:\/\/rayter.es\/wp-content\/uploads\/MALLASOLDADAGALVA1-1-scaled-1-2048x1536-1.jpg 2048w\" sizes=\"auto, (max-width: 324px) 100vw, 324px\" \/><div class=\"wc-block-components-product-image__inner-container\"><\/div><\/a><\/div>\n\n<h3 style=\"margin-bottom:0.75rem;margin-top:0;\" class=\"has-text-align-center wp-block-post-title has-medium-font-size\"><a data-wp-on--click=\"woocommerce\/product-collection::actions.viewProduct\" href=\"https:\/\/rayter.es\/pt-pt\/producto\/malla-electrosoldada\/\" target=\"_self\" >MALLA ELECTROSOLDADA<\/a><\/h3>\n\n<div data-block-name=\"woocommerce\/product-button\" data-font-size=\"small\" data-is-descendent-of-query-loop=\"true\" data-text-align=\"center\" class=\"wp-block-button wc-block-components-product-button   align-center wp-block-woocommerce-product-button has-small-font-size\"\n\t\t\t\t\t\n\t\t\t\t\tdata-wp-context='{\"quantityToAdd\":1,\"productId\":22308,\"productType\":\"variable\",\"addToCartText\":\"Ver op\\u00e7\\u00f5es\",\"tempQuantity\":0,\"animationStatus\":\"IDLE\",\"inTheCartText\":\"### in cart\",\"noticeId\":\"\",\"hasPressedButton\":false}'\n\t\t\t\t>\n\t\t\t\t\t<a\n\t\t\t\t\t\tclass=\"wp-block-button__link wp-element-button wc-block-components-product-button__button add_to_cart_button product_type_variable has-font-size has-small-font-size has-text-align-center wc-interactive\"\n\t\t\t\t\t\tstyle=\"\"\n\t\t\t\t\t\thref=\"https:\/\/rayter.es\/pt-pt\/producto\/malla-electrosoldada\/\" rel=\"nofollow\" data-product_id=\"22308\" data-product_sku=\"MALLAS ELECTROSOLDADAS\" aria-label=\"Seleccione as op\u00e7\u00f5es para &ldquo;MALLA ELECTROSOLDADA&rdquo;\"\n\t\t\t\t\t\tdata-wp-on--click=\"woocommerce\/product-collection::actions.viewProduct\"\n\t\t\t\t\t>\n\t\t\t\t\t<span >Ver op\u00e7\u00f5es<\/span>\n\t\t\t\t\t<\/a>\n\t\t\t\t\t\n\t\t\t\t<\/div>\n\n\t\t\t\t<\/li><\/ul><\/div>\n\n<h3 class=\"wp-block-heading\">Aplica\u00e7\u00f5es e personaliza\u00e7\u00e3o<\/h3>\n\n<p>Para nos adaptarmos \u00e0s exig\u00eancias de cada projeto, oferecemos <strong>malhas soldadas<\/strong> com v\u00e1rias op\u00e7\u00f5es:<\/p>\n\n<ul class=\"wp-block-list\">\n<li><strong>Malha galvanizada<\/strong> para maior prote\u00e7\u00e3o contra a corros\u00e3o.<\/li>\n\n\n\n<li><strong>Malhas de a\u00e7o inoxid\u00e1vel<\/strong> para ambientes exigentes e expostos \u00e0 humidade.<\/li>\n\n\n\n<li><strong>Cortados e feitos \u00e0 medida<\/strong> para satisfazer todas as necessidades.<\/li>\n<\/ul>\n\n<h3 class=\"wp-block-heading\">Compra direta e aconselhamento especializado<\/h3>\n\n<p>Na <strong>Rayter<\/strong>, dispomos de <strong>malha soldada<\/strong> com disponibilidade imediata e de uma equipa especializada para o aconselhar sobre a melhor op\u00e7\u00e3o para a sua aplica\u00e7\u00e3o.<\/p>\n\n<p><strong>Pede j\u00e1 o teu or\u00e7amento e recebe a tua encomenda em tempo recorde!<\/strong><\/p>\n\n<div class=\"wp-block-buttons is-content-justification-center is-layout-flex wp-container-core-buttons-is-layout-a89b3969 wp-block-buttons-is-layout-flex\">\n<div class=\"wp-block-button\"><a class=\"wp-block-button__link wp-element-button\" href=\"http:\/\/rayter.es\/categoria\/mallas-electrosoldadas\/\">Solicita um or\u00e7amento<\/a><\/div>\n<\/div>\n","protected":false},"excerpt":{"rendered":"<p>Malha soldada Aqui encontras a gama completa de produtos que temos em stock e as respectivas imagens e especifica\u00e7\u00f5es t\u00e9cnicas. Inoxid\u00e1vel Dimens\u00f5es: 304\/316 Pain\u00e9is em stock: Luz 30 Diam.3 &#8211; 2000 x 1000 \/ Luz 50 Diam.3 &#8211; 2000 x 1000 e 2000 x 1500 \/ Luz 50 Diam.4 &#8211; 2000 x 1000 Rolos em [&hellip;]<\/p>\n","protected":false},"author":4,"featured_media":0,"parent":0,"menu_order":0,"comment_status":"closed","ping_status":"closed","template":"template-fullwidth.php","meta":{"googlesitekit_rrm_CAowsr27DA:productID":"","footnotes":""},"class_list":["post-23079","page","type-page","status-publish","hentry"],"yoast_head":"<!-- This site is optimized with the Yoast SEO plugin v27.4 - https:\/\/yoast.com\/product\/yoast-seo-wordpress\/ -->\n<title>Malha soldada<\/title>\n<meta name=\"description\" content=\"MALHAS SOLDADAS dispon\u00edveis em STOCK e respectivas imagens e especifica\u00e7\u00f5es t\u00e9cnicas. Inoxid\u00e1vel, Ferro e Galvanizado.\" \/>\n<meta name=\"robots\" content=\"index, follow, max-snippet:-1, max-image-preview:large, max-video-preview:-1\" \/>\n<link rel=\"canonical\" href=\"https:\/\/rayter.es\/pt-pt\/malha-soldada\/\" \/>\n<meta property=\"og:locale\" content=\"pt_PT\" \/>\n<meta property=\"og:type\" content=\"article\" \/>\n<meta property=\"og:title\" content=\"Malha soldada\" \/>\n<meta property=\"og:description\" content=\"MALHAS SOLDADAS dispon\u00edveis em STOCK e respectivas imagens e especifica\u00e7\u00f5es t\u00e9cnicas. Inoxid\u00e1vel, Ferro e Galvanizado.\" \/>\n<meta property=\"og:url\" content=\"https:\/\/rayter.es\/pt-pt\/malha-soldada\/\" \/>\n<meta property=\"og:site_name\" content=\"Rayter\" \/>\n<meta property=\"article:modified_time\" content=\"2025-03-10T10:18:32+00:00\" \/>\n<meta property=\"og:image\" content=\"http:\/\/rayter.es\/wp-content\/uploads\/2022\/02\/e8567e87-ebb4-483a-851b-77834a76ead5-1.jpg\" \/>\n<meta name=\"twitter:card\" content=\"summary_large_image\" \/>\n<meta name=\"twitter:label1\" content=\"Tempo estimado de leitura\" \/>\n\t<meta name=\"twitter:data1\" content=\"2 minutos\" \/>\n<script type=\"application\/ld+json\" class=\"yoast-schema-graph\">{\"@context\":\"https:\\\/\\\/schema.org\",\"@graph\":[{\"@type\":\"WebPage\",\"@id\":\"https:\\\/\\\/rayter.es\\\/pt-pt\\\/malha-soldada\\\/\",\"url\":\"https:\\\/\\\/rayter.es\\\/pt-pt\\\/malha-soldada\\\/\",\"name\":\"Malha soldada\",\"isPartOf\":{\"@id\":\"https:\\\/\\\/rayter.es\\\/#website\"},\"primaryImageOfPage\":{\"@id\":\"https:\\\/\\\/rayter.es\\\/pt-pt\\\/malha-soldada\\\/#primaryimage\"},\"image\":{\"@id\":\"https:\\\/\\\/rayter.es\\\/pt-pt\\\/malha-soldada\\\/#primaryimage\"},\"thumbnailUrl\":\"http:\\\/\\\/rayter.es\\\/wp-content\\\/uploads\\\/2022\\\/02\\\/e8567e87-ebb4-483a-851b-77834a76ead5-1.jpg\",\"datePublished\":\"2022-02-02T11:14:29+00:00\",\"dateModified\":\"2025-03-10T10:18:32+00:00\",\"description\":\"MALHAS SOLDADAS dispon\u00edveis em STOCK e respectivas imagens e especifica\u00e7\u00f5es t\u00e9cnicas. Inoxid\u00e1vel, Ferro e Galvanizado.\",\"breadcrumb\":{\"@id\":\"https:\\\/\\\/rayter.es\\\/pt-pt\\\/malha-soldada\\\/#breadcrumb\"},\"inLanguage\":\"pt-PT\",\"potentialAction\":[{\"@type\":\"ReadAction\",\"target\":[\"https:\\\/\\\/rayter.es\\\/pt-pt\\\/malha-soldada\\\/\"]}]},{\"@type\":\"ImageObject\",\"inLanguage\":\"pt-PT\",\"@id\":\"https:\\\/\\\/rayter.es\\\/pt-pt\\\/malha-soldada\\\/#primaryimage\",\"url\":\"http:\\\/\\\/rayter.es\\\/wp-content\\\/uploads\\\/2022\\\/02\\\/e8567e87-ebb4-483a-851b-77834a76ead5-1.jpg\",\"contentUrl\":\"http:\\\/\\\/rayter.es\\\/wp-content\\\/uploads\\\/2022\\\/02\\\/e8567e87-ebb4-483a-851b-77834a76ead5-1.jpg\"},{\"@type\":\"BreadcrumbList\",\"@id\":\"https:\\\/\\\/rayter.es\\\/pt-pt\\\/malha-soldada\\\/#breadcrumb\",\"itemListElement\":[{\"@type\":\"ListItem\",\"position\":1,\"name\":\"Portada\",\"item\":\"https:\\\/\\\/rayter.es\\\/pt-pt\\\/\"},{\"@type\":\"ListItem\",\"position\":2,\"name\":\"Malha soldada\"}]},{\"@type\":\"WebSite\",\"@id\":\"https:\\\/\\\/rayter.es\\\/#website\",\"url\":\"https:\\\/\\\/rayter.es\\\/\",\"name\":\"Rayter\",\"description\":\"Inoxidables para perforaci\u00f3n, filtraci\u00f3n y cribado.\",\"publisher\":{\"@id\":\"https:\\\/\\\/rayter.es\\\/#organization\"},\"potentialAction\":[{\"@type\":\"SearchAction\",\"target\":{\"@type\":\"EntryPoint\",\"urlTemplate\":\"https:\\\/\\\/rayter.es\\\/?s={search_term_string}\"},\"query-input\":{\"@type\":\"PropertyValueSpecification\",\"valueRequired\":true,\"valueName\":\"search_term_string\"}}],\"inLanguage\":\"pt-PT\"},{\"@type\":\"Organization\",\"@id\":\"https:\\\/\\\/rayter.es\\\/#organization\",\"name\":\"Rayter\",\"url\":\"https:\\\/\\\/rayter.es\\\/\",\"logo\":{\"@type\":\"ImageObject\",\"inLanguage\":\"pt-PT\",\"@id\":\"https:\\\/\\\/rayter.es\\\/#\\\/schema\\\/logo\\\/image\\\/\",\"url\":\"https:\\\/\\\/rayter.es\\\/wp-content\\\/uploads\\\/2022\\\/02\\\/logo-rayter-web-e1737115771719.png\",\"contentUrl\":\"https:\\\/\\\/rayter.es\\\/wp-content\\\/uploads\\\/2022\\\/02\\\/logo-rayter-web-e1737115771719.png\",\"width\":1215,\"height\":192,\"caption\":\"Rayter\"},\"image\":{\"@id\":\"https:\\\/\\\/rayter.es\\\/#\\\/schema\\\/logo\\\/image\\\/\"}}]}<\/script>\n<!-- \/ Yoast SEO plugin. -->","yoast_head_json":{"title":"Malha soldada","description":"MALHAS SOLDADAS dispon\u00edveis em STOCK e respectivas imagens e especifica\u00e7\u00f5es t\u00e9cnicas. Inoxid\u00e1vel, Ferro e Galvanizado.","robots":{"index":"index","follow":"follow","max-snippet":"max-snippet:-1","max-image-preview":"max-image-preview:large","max-video-preview":"max-video-preview:-1"},"canonical":"https:\/\/rayter.es\/pt-pt\/malha-soldada\/","og_locale":"pt_PT","og_type":"article","og_title":"Malha soldada","og_description":"MALHAS SOLDADAS dispon\u00edveis em STOCK e respectivas imagens e especifica\u00e7\u00f5es t\u00e9cnicas. Inoxid\u00e1vel, Ferro e Galvanizado.","og_url":"https:\/\/rayter.es\/pt-pt\/malha-soldada\/","og_site_name":"Rayter","article_modified_time":"2025-03-10T10:18:32+00:00","og_image":[{"url":"http:\/\/rayter.es\/wp-content\/uploads\/2022\/02\/e8567e87-ebb4-483a-851b-77834a76ead5-1.jpg","type":"","width":"","height":""}],"twitter_card":"summary_large_image","twitter_misc":{"Tempo estimado de leitura":"2 minutos"},"schema":{"@context":"https:\/\/schema.org","@graph":[{"@type":"WebPage","@id":"https:\/\/rayter.es\/pt-pt\/malha-soldada\/","url":"https:\/\/rayter.es\/pt-pt\/malha-soldada\/","name":"Malha soldada","isPartOf":{"@id":"https:\/\/rayter.es\/#website"},"primaryImageOfPage":{"@id":"https:\/\/rayter.es\/pt-pt\/malha-soldada\/#primaryimage"},"image":{"@id":"https:\/\/rayter.es\/pt-pt\/malha-soldada\/#primaryimage"},"thumbnailUrl":"http:\/\/rayter.es\/wp-content\/uploads\/2022\/02\/e8567e87-ebb4-483a-851b-77834a76ead5-1.jpg","datePublished":"2022-02-02T11:14:29+00:00","dateModified":"2025-03-10T10:18:32+00:00","description":"MALHAS SOLDADAS dispon\u00edveis em STOCK e respectivas imagens e especifica\u00e7\u00f5es t\u00e9cnicas. Inoxid\u00e1vel, Ferro e Galvanizado.","breadcrumb":{"@id":"https:\/\/rayter.es\/pt-pt\/malha-soldada\/#breadcrumb"},"inLanguage":"pt-PT","potentialAction":[{"@type":"ReadAction","target":["https:\/\/rayter.es\/pt-pt\/malha-soldada\/"]}]},{"@type":"ImageObject","inLanguage":"pt-PT","@id":"https:\/\/rayter.es\/pt-pt\/malha-soldada\/#primaryimage","url":"http:\/\/rayter.es\/wp-content\/uploads\/2022\/02\/e8567e87-ebb4-483a-851b-77834a76ead5-1.jpg","contentUrl":"http:\/\/rayter.es\/wp-content\/uploads\/2022\/02\/e8567e87-ebb4-483a-851b-77834a76ead5-1.jpg"},{"@type":"BreadcrumbList","@id":"https:\/\/rayter.es\/pt-pt\/malha-soldada\/#breadcrumb","itemListElement":[{"@type":"ListItem","position":1,"name":"Portada","item":"https:\/\/rayter.es\/pt-pt\/"},{"@type":"ListItem","position":2,"name":"Malha soldada"}]},{"@type":"WebSite","@id":"https:\/\/rayter.es\/#website","url":"https:\/\/rayter.es\/","name":"Rayter","description":"Inoxidables para perforaci\u00f3n, filtraci\u00f3n y cribado.","publisher":{"@id":"https:\/\/rayter.es\/#organization"},"potentialAction":[{"@type":"SearchAction","target":{"@type":"EntryPoint","urlTemplate":"https:\/\/rayter.es\/?s={search_term_string}"},"query-input":{"@type":"PropertyValueSpecification","valueRequired":true,"valueName":"search_term_string"}}],"inLanguage":"pt-PT"},{"@type":"Organization","@id":"https:\/\/rayter.es\/#organization","name":"Rayter","url":"https:\/\/rayter.es\/","logo":{"@type":"ImageObject","inLanguage":"pt-PT","@id":"https:\/\/rayter.es\/#\/schema\/logo\/image\/","url":"https:\/\/rayter.es\/wp-content\/uploads\/2022\/02\/logo-rayter-web-e1737115771719.png","contentUrl":"https:\/\/rayter.es\/wp-content\/uploads\/2022\/02\/logo-rayter-web-e1737115771719.png","width":1215,"height":192,"caption":"Rayter"},"image":{"@id":"https:\/\/rayter.es\/#\/schema\/logo\/image\/"}}]}},"_links":{"self":[{"href":"https:\/\/rayter.es\/pt-pt\/wp-json\/wp\/v2\/pages\/23079","targetHints":{"allow":["GET"]}}],"collection":[{"href":"https:\/\/rayter.es\/pt-pt\/wp-json\/wp\/v2\/pages"}],"about":[{"href":"https:\/\/rayter.es\/pt-pt\/wp-json\/wp\/v2\/types\/page"}],"author":[{"embeddable":true,"href":"https:\/\/rayter.es\/pt-pt\/wp-json\/wp\/v2\/users\/4"}],"replies":[{"embeddable":true,"href":"https:\/\/rayter.es\/pt-pt\/wp-json\/wp\/v2\/comments?post=23079"}],"version-history":[{"count":1,"href":"https:\/\/rayter.es\/pt-pt\/wp-json\/wp\/v2\/pages\/23079\/revisions"}],"predecessor-version":[{"id":23080,"href":"https:\/\/rayter.es\/pt-pt\/wp-json\/wp\/v2\/pages\/23079\/revisions\/23080"}],"wp:attachment":[{"href":"https:\/\/rayter.es\/pt-pt\/wp-json\/wp\/v2\/media?parent=23079"}],"curies":[{"name":"wp","href":"https:\/\/api.w.org\/{rel}","templated":true}]}}