{"id":23083,"date":"2022-02-16T15:33:25","date_gmt":"2022-02-16T15:33:25","guid":{"rendered":"https:\/\/rayter.es\/metal-expandido\/"},"modified":"2025-03-12T08:14:03","modified_gmt":"2025-03-12T08:14:03","slug":"metal-expandido","status":"publish","type":"page","link":"https:\/\/rayter.es\/pt-pt\/metal-expandido\/","title":{"rendered":"Metal Expandido"},"content":{"rendered":"\n<h2 class=\"wp-block-heading has-text-align-center\">Metal Expandido<\/h2>\n\n<div class=\"wp-block-buttons is-content-justification-center is-layout-flex wp-container-core-buttons-is-layout-a89b3969 wp-block-buttons-is-layout-flex\">\n<div class=\"wp-block-button\"><a class=\"wp-block-button__link wp-element-button\" href=\"http:\/\/rayter.es\/categoria\/metales-extendidos\/\">Solicita um or\u00e7amento<\/a><\/div>\n<\/div>\n\n<p class=\"has-text-align-center\">Aqui encontras a gama completa de produtos que temos em stock e as respectivas imagens e especifica\u00e7\u00f5es t\u00e9cnicas.<\/p>\n\n<div class=\"wp-block-columns alignwide is-layout-flex wp-container-core-columns-is-layout-28f84493 wp-block-columns-is-layout-flex\">\n<div class=\"wp-block-column is-layout-flow wp-block-column-is-layout-flow\">\n<h3 class=\"wp-block-heading\"><span style=\"color: #e76435; font-weight: 800;\">Decora\u00e7\u00e3o<\/span><\/h3>\n\n\n\n<figure class=\"wp-block-image size-full\"><img loading=\"lazy\" decoding=\"async\" width=\"472\" height=\"364\" src=\"http:\/\/rayter.es\/wp-content\/uploads\/2022\/02\/628edaa3-8723-4dd8-ab48-bf824c2ea2f7.jpg\" alt=\"Metal expandido decora&#xE7;&#xE3;o\" class=\"wp-image-18308\" style=\"aspect-ratio:4\/3;object-fit:cover\" srcset=\"https:\/\/rayter.es\/wp-content\/uploads\/2022\/02\/628edaa3-8723-4dd8-ab48-bf824c2ea2f7.jpg 472w, https:\/\/rayter.es\/wp-content\/uploads\/2022\/02\/628edaa3-8723-4dd8-ab48-bf824c2ea2f7-416x321.jpg 416w, https:\/\/rayter.es\/wp-content\/uploads\/2022\/02\/628edaa3-8723-4dd8-ab48-bf824c2ea2f7-300x231.jpg 300w\" sizes=\"auto, (max-width: 472px) 100vw, 472px\" \/><\/figure>\n\n\n\n<p><strong>Qualidade<\/strong>: Ferro, Pr\u00e9-galvanizado, A\u00e7o inoxid\u00e1vel, Alum\u00ednio.<\/p>\n\n\n\n<p><strong>Formatos<\/strong>: 3\u00d71. Produ\u00e7\u00e3o personalizada de outros formatos.<\/p>\n\n\n\n<p><strong>Espessuras<\/strong>: de 0,5 mm a 3 mm.<\/p>\n<\/div>\n\n\n\n<div class=\"wp-block-column is-layout-flow wp-block-column-is-layout-flow\">\n<h3 class=\"wp-block-heading\"><span style=\"color: #e76435; font-weight: 800;\">Prote\u00e7\u00e3o<\/span><\/h3>\n\n\n\n<figure class=\"wp-block-image size-full\"><img loading=\"lazy\" decoding=\"async\" width=\"472\" height=\"364\" src=\"http:\/\/rayter.es\/wp-content\/uploads\/2022\/02\/e031ef88-98b4-42af-87b7-d4a0a223b31e.jpg\" alt=\"Metal expandido prote&#xE7;&#xE3;o\" class=\"wp-image-18310\" style=\"aspect-ratio:4\/3;object-fit:cover\" srcset=\"https:\/\/rayter.es\/wp-content\/uploads\/2022\/02\/e031ef88-98b4-42af-87b7-d4a0a223b31e.jpg 472w, https:\/\/rayter.es\/wp-content\/uploads\/2022\/02\/e031ef88-98b4-42af-87b7-d4a0a223b31e-416x321.jpg 416w, https:\/\/rayter.es\/wp-content\/uploads\/2022\/02\/e031ef88-98b4-42af-87b7-d4a0a223b31e-300x231.jpg 300w\" sizes=\"auto, (max-width: 472px) 100vw, 472px\" \/><\/figure>\n\n\n\n<p><strong>Qualidade<\/strong>: Ferro, Pr\u00e9-galvanizado, A\u00e7o inoxid\u00e1vel, Alum\u00ednio.<\/p>\n\n\n\n<p><strong>Formatos<\/strong>: Rolos ou pain\u00e9is. Produ\u00e7\u00e3o por medida .<\/p>\n\n\n\n<p><strong>Espessuras<\/strong>: de 0,5 mm a 3 mm.<\/p>\n<\/div>\n\n\n\n<div class=\"wp-block-column is-layout-flow wp-block-column-is-layout-flow\">\n<h3 class=\"wp-block-heading\"><span style=\"color: #e76435; font-weight: 800;\">Micro-malha<\/span><\/h3>\n\n\n\n<figure class=\"wp-block-image size-full\"><img loading=\"lazy\" decoding=\"async\" width=\"472\" height=\"364\" src=\"http:\/\/rayter.es\/wp-content\/uploads\/2022\/02\/8a347c4a-44be-4055-ad0b-e0e5c4a720d1.jpg\" alt=\"Metal extendido micromalla\" class=\"wp-image-18309\" style=\"aspect-ratio:4\/3;object-fit:cover\" srcset=\"https:\/\/rayter.es\/wp-content\/uploads\/2022\/02\/8a347c4a-44be-4055-ad0b-e0e5c4a720d1.jpg 472w, https:\/\/rayter.es\/wp-content\/uploads\/2022\/02\/8a347c4a-44be-4055-ad0b-e0e5c4a720d1-416x321.jpg 416w, https:\/\/rayter.es\/wp-content\/uploads\/2022\/02\/8a347c4a-44be-4055-ad0b-e0e5c4a720d1-300x231.jpg 300w\" sizes=\"auto, (max-width: 472px) 100vw, 472px\" \/><\/figure>\n\n\n\n<p><strong>Qualidade<\/strong>: Ferro, Pr\u00e9-galvanizado, A\u00e7o inoxid\u00e1vel, Alum\u00ednio.<\/p>\n\n\n\n<p><strong>Formatos<\/strong>: 2\u00d71.<\/p>\n<\/div>\n<\/div>\n\n<div class=\"wp-block-buttons is-content-justification-center is-layout-flex wp-container-core-buttons-is-layout-a89b3969 wp-block-buttons-is-layout-flex\">\n<div class=\"wp-block-button\"><a class=\"wp-block-button__link wp-element-button\" href=\"http:\/\/rayter.es\/categoria\/metales-extendidos\/\">Solicita um or\u00e7amento<\/a><\/div>\n<\/div>\n\n<div style=\"height:100px\" aria-hidden=\"true\" class=\"wp-block-spacer\"><\/div>\n","protected":false},"excerpt":{"rendered":"<p>Metal Expandido Aqui encontras a gama completa de produtos que temos em stock e as respectivas imagens e especifica\u00e7\u00f5es t\u00e9cnicas. Decora\u00e7\u00e3o Qualidade: Ferro, Pr\u00e9-galvanizado, A\u00e7o inoxid\u00e1vel, Alum\u00ednio. Formatos: 3\u00d71. Produ\u00e7\u00e3o personalizada de outros formatos. Espessuras: de 0,5 mm a 3 mm. Prote\u00e7\u00e3o Qualidade: Ferro, Pr\u00e9-galvanizado, A\u00e7o inoxid\u00e1vel, Alum\u00ednio. Formatos: Rolos ou pain\u00e9is. Produ\u00e7\u00e3o por medida [&hellip;]<\/p>\n","protected":false},"author":4,"featured_media":0,"parent":0,"menu_order":0,"comment_status":"closed","ping_status":"closed","template":"template-fullwidth.php","meta":{"googlesitekit_rrm_CAowsr27DA:productID":"","footnotes":""},"class_list":["post-23083","page","type-page","status-publish","hentry"],"yoast_head":"<!-- This site is optimized with the Yoast SEO plugin v27.3 - https:\/\/yoast.com\/product\/yoast-seo-wordpress\/ -->\n<title>Metal Expandido<\/title>\n<meta name=\"description\" content=\"Gama de METAL EXPANDIDO que temos em stock. Decora\u00e7\u00e3o, Prote\u00e7\u00e3o e Micromalha. Ferro, Pr\u00e9-galvanizado, A\u00e7o inoxid\u00e1vel, Alum\u00ednio.\" \/>\n<meta name=\"robots\" content=\"index, follow, max-snippet:-1, max-image-preview:large, max-video-preview:-1\" \/>\n<link rel=\"canonical\" href=\"https:\/\/rayter.es\/pt-pt\/metal-expandido\/\" \/>\n<meta property=\"og:locale\" content=\"pt_PT\" \/>\n<meta property=\"og:type\" content=\"article\" \/>\n<meta property=\"og:title\" content=\"Metal Expandido\" \/>\n<meta property=\"og:description\" content=\"Gama de METAL EXPANDIDO que temos em stock. Decora\u00e7\u00e3o, Prote\u00e7\u00e3o e Micromalha. Ferro, Pr\u00e9-galvanizado, A\u00e7o inoxid\u00e1vel, Alum\u00ednio.\" \/>\n<meta property=\"og:url\" content=\"https:\/\/rayter.es\/pt-pt\/metal-expandido\/\" \/>\n<meta property=\"og:site_name\" content=\"Rayter\" \/>\n<meta property=\"article:modified_time\" content=\"2025-03-12T08:14:03+00:00\" \/>\n<meta property=\"og:image\" content=\"http:\/\/rayter.es\/wp-content\/uploads\/2022\/02\/628edaa3-8723-4dd8-ab48-bf824c2ea2f7.jpg\" \/>\n<meta name=\"twitter:card\" content=\"summary_large_image\" \/>\n<script type=\"application\/ld+json\" class=\"yoast-schema-graph\">{\"@context\":\"https:\\\/\\\/schema.org\",\"@graph\":[{\"@type\":\"WebPage\",\"@id\":\"https:\\\/\\\/rayter.es\\\/pt-pt\\\/metal-expandido\\\/\",\"url\":\"https:\\\/\\\/rayter.es\\\/pt-pt\\\/metal-expandido\\\/\",\"name\":\"Metal Expandido\",\"isPartOf\":{\"@id\":\"https:\\\/\\\/rayter.es\\\/#website\"},\"primaryImageOfPage\":{\"@id\":\"https:\\\/\\\/rayter.es\\\/pt-pt\\\/metal-expandido\\\/#primaryimage\"},\"image\":{\"@id\":\"https:\\\/\\\/rayter.es\\\/pt-pt\\\/metal-expandido\\\/#primaryimage\"},\"thumbnailUrl\":\"http:\\\/\\\/rayter.es\\\/wp-content\\\/uploads\\\/2022\\\/02\\\/628edaa3-8723-4dd8-ab48-bf824c2ea2f7.jpg\",\"datePublished\":\"2022-02-16T15:33:25+00:00\",\"dateModified\":\"2025-03-12T08:14:03+00:00\",\"description\":\"Gama de METAL EXPANDIDO que temos em stock. Decora\u00e7\u00e3o, Prote\u00e7\u00e3o e Micromalha. Ferro, Pr\u00e9-galvanizado, A\u00e7o inoxid\u00e1vel, Alum\u00ednio.\",\"breadcrumb\":{\"@id\":\"https:\\\/\\\/rayter.es\\\/pt-pt\\\/metal-expandido\\\/#breadcrumb\"},\"inLanguage\":\"pt-PT\",\"potentialAction\":[{\"@type\":\"ReadAction\",\"target\":[\"https:\\\/\\\/rayter.es\\\/pt-pt\\\/metal-expandido\\\/\"]}]},{\"@type\":\"ImageObject\",\"inLanguage\":\"pt-PT\",\"@id\":\"https:\\\/\\\/rayter.es\\\/pt-pt\\\/metal-expandido\\\/#primaryimage\",\"url\":\"http:\\\/\\\/rayter.es\\\/wp-content\\\/uploads\\\/2022\\\/02\\\/628edaa3-8723-4dd8-ab48-bf824c2ea2f7.jpg\",\"contentUrl\":\"http:\\\/\\\/rayter.es\\\/wp-content\\\/uploads\\\/2022\\\/02\\\/628edaa3-8723-4dd8-ab48-bf824c2ea2f7.jpg\"},{\"@type\":\"BreadcrumbList\",\"@id\":\"https:\\\/\\\/rayter.es\\\/pt-pt\\\/metal-expandido\\\/#breadcrumb\",\"itemListElement\":[{\"@type\":\"ListItem\",\"position\":1,\"name\":\"Portada\",\"item\":\"https:\\\/\\\/rayter.es\\\/pt-pt\\\/\"},{\"@type\":\"ListItem\",\"position\":2,\"name\":\"Metal Expandido\"}]},{\"@type\":\"WebSite\",\"@id\":\"https:\\\/\\\/rayter.es\\\/#website\",\"url\":\"https:\\\/\\\/rayter.es\\\/\",\"name\":\"Rayter\",\"description\":\"Inoxidables para perforaci\u00f3n, filtraci\u00f3n y cribado.\",\"publisher\":{\"@id\":\"https:\\\/\\\/rayter.es\\\/#organization\"},\"potentialAction\":[{\"@type\":\"SearchAction\",\"target\":{\"@type\":\"EntryPoint\",\"urlTemplate\":\"https:\\\/\\\/rayter.es\\\/?s={search_term_string}\"},\"query-input\":{\"@type\":\"PropertyValueSpecification\",\"valueRequired\":true,\"valueName\":\"search_term_string\"}}],\"inLanguage\":\"pt-PT\"},{\"@type\":\"Organization\",\"@id\":\"https:\\\/\\\/rayter.es\\\/#organization\",\"name\":\"Rayter\",\"url\":\"https:\\\/\\\/rayter.es\\\/\",\"logo\":{\"@type\":\"ImageObject\",\"inLanguage\":\"pt-PT\",\"@id\":\"https:\\\/\\\/rayter.es\\\/#\\\/schema\\\/logo\\\/image\\\/\",\"url\":\"https:\\\/\\\/rayter.es\\\/wp-content\\\/uploads\\\/2022\\\/02\\\/logo-rayter-web-e1737115771719.png\",\"contentUrl\":\"https:\\\/\\\/rayter.es\\\/wp-content\\\/uploads\\\/2022\\\/02\\\/logo-rayter-web-e1737115771719.png\",\"width\":1215,\"height\":192,\"caption\":\"Rayter\"},\"image\":{\"@id\":\"https:\\\/\\\/rayter.es\\\/#\\\/schema\\\/logo\\\/image\\\/\"}}]}<\/script>\n<!-- \/ Yoast SEO plugin. -->","yoast_head_json":{"title":"Metal Expandido","description":"Gama de METAL EXPANDIDO que temos em stock. Decora\u00e7\u00e3o, Prote\u00e7\u00e3o e Micromalha. Ferro, Pr\u00e9-galvanizado, A\u00e7o inoxid\u00e1vel, Alum\u00ednio.","robots":{"index":"index","follow":"follow","max-snippet":"max-snippet:-1","max-image-preview":"max-image-preview:large","max-video-preview":"max-video-preview:-1"},"canonical":"https:\/\/rayter.es\/pt-pt\/metal-expandido\/","og_locale":"pt_PT","og_type":"article","og_title":"Metal Expandido","og_description":"Gama de METAL EXPANDIDO que temos em stock. Decora\u00e7\u00e3o, Prote\u00e7\u00e3o e Micromalha. Ferro, Pr\u00e9-galvanizado, A\u00e7o inoxid\u00e1vel, Alum\u00ednio.","og_url":"https:\/\/rayter.es\/pt-pt\/metal-expandido\/","og_site_name":"Rayter","article_modified_time":"2025-03-12T08:14:03+00:00","og_image":[{"url":"http:\/\/rayter.es\/wp-content\/uploads\/2022\/02\/628edaa3-8723-4dd8-ab48-bf824c2ea2f7.jpg","type":"","width":"","height":""}],"twitter_card":"summary_large_image","schema":{"@context":"https:\/\/schema.org","@graph":[{"@type":"WebPage","@id":"https:\/\/rayter.es\/pt-pt\/metal-expandido\/","url":"https:\/\/rayter.es\/pt-pt\/metal-expandido\/","name":"Metal Expandido","isPartOf":{"@id":"https:\/\/rayter.es\/#website"},"primaryImageOfPage":{"@id":"https:\/\/rayter.es\/pt-pt\/metal-expandido\/#primaryimage"},"image":{"@id":"https:\/\/rayter.es\/pt-pt\/metal-expandido\/#primaryimage"},"thumbnailUrl":"http:\/\/rayter.es\/wp-content\/uploads\/2022\/02\/628edaa3-8723-4dd8-ab48-bf824c2ea2f7.jpg","datePublished":"2022-02-16T15:33:25+00:00","dateModified":"2025-03-12T08:14:03+00:00","description":"Gama de METAL EXPANDIDO que temos em stock. Decora\u00e7\u00e3o, Prote\u00e7\u00e3o e Micromalha. Ferro, Pr\u00e9-galvanizado, A\u00e7o inoxid\u00e1vel, Alum\u00ednio.","breadcrumb":{"@id":"https:\/\/rayter.es\/pt-pt\/metal-expandido\/#breadcrumb"},"inLanguage":"pt-PT","potentialAction":[{"@type":"ReadAction","target":["https:\/\/rayter.es\/pt-pt\/metal-expandido\/"]}]},{"@type":"ImageObject","inLanguage":"pt-PT","@id":"https:\/\/rayter.es\/pt-pt\/metal-expandido\/#primaryimage","url":"http:\/\/rayter.es\/wp-content\/uploads\/2022\/02\/628edaa3-8723-4dd8-ab48-bf824c2ea2f7.jpg","contentUrl":"http:\/\/rayter.es\/wp-content\/uploads\/2022\/02\/628edaa3-8723-4dd8-ab48-bf824c2ea2f7.jpg"},{"@type":"BreadcrumbList","@id":"https:\/\/rayter.es\/pt-pt\/metal-expandido\/#breadcrumb","itemListElement":[{"@type":"ListItem","position":1,"name":"Portada","item":"https:\/\/rayter.es\/pt-pt\/"},{"@type":"ListItem","position":2,"name":"Metal Expandido"}]},{"@type":"WebSite","@id":"https:\/\/rayter.es\/#website","url":"https:\/\/rayter.es\/","name":"Rayter","description":"Inoxidables para perforaci\u00f3n, filtraci\u00f3n y cribado.","publisher":{"@id":"https:\/\/rayter.es\/#organization"},"potentialAction":[{"@type":"SearchAction","target":{"@type":"EntryPoint","urlTemplate":"https:\/\/rayter.es\/?s={search_term_string}"},"query-input":{"@type":"PropertyValueSpecification","valueRequired":true,"valueName":"search_term_string"}}],"inLanguage":"pt-PT"},{"@type":"Organization","@id":"https:\/\/rayter.es\/#organization","name":"Rayter","url":"https:\/\/rayter.es\/","logo":{"@type":"ImageObject","inLanguage":"pt-PT","@id":"https:\/\/rayter.es\/#\/schema\/logo\/image\/","url":"https:\/\/rayter.es\/wp-content\/uploads\/2022\/02\/logo-rayter-web-e1737115771719.png","contentUrl":"https:\/\/rayter.es\/wp-content\/uploads\/2022\/02\/logo-rayter-web-e1737115771719.png","width":1215,"height":192,"caption":"Rayter"},"image":{"@id":"https:\/\/rayter.es\/#\/schema\/logo\/image\/"}}]}},"_links":{"self":[{"href":"https:\/\/rayter.es\/pt-pt\/wp-json\/wp\/v2\/pages\/23083","targetHints":{"allow":["GET"]}}],"collection":[{"href":"https:\/\/rayter.es\/pt-pt\/wp-json\/wp\/v2\/pages"}],"about":[{"href":"https:\/\/rayter.es\/pt-pt\/wp-json\/wp\/v2\/types\/page"}],"author":[{"embeddable":true,"href":"https:\/\/rayter.es\/pt-pt\/wp-json\/wp\/v2\/users\/4"}],"replies":[{"embeddable":true,"href":"https:\/\/rayter.es\/pt-pt\/wp-json\/wp\/v2\/comments?post=23083"}],"version-history":[{"count":1,"href":"https:\/\/rayter.es\/pt-pt\/wp-json\/wp\/v2\/pages\/23083\/revisions"}],"predecessor-version":[{"id":23084,"href":"https:\/\/rayter.es\/pt-pt\/wp-json\/wp\/v2\/pages\/23083\/revisions\/23084"}],"wp:attachment":[{"href":"https:\/\/rayter.es\/pt-pt\/wp-json\/wp\/v2\/media?parent=23083"}],"curies":[{"name":"wp","href":"https:\/\/api.w.org\/{rel}","templated":true}]}}