{"id":23098,"date":"2025-02-07T09:42:04","date_gmt":"2025-02-07T09:42:04","guid":{"rendered":"https:\/\/rayter.es\/politica-de-devolucao-e-reembolso\/"},"modified":"2025-03-17T07:33:43","modified_gmt":"2025-03-17T07:33:43","slug":"politica-de-devolucao-e-reembolso","status":"publish","type":"page","link":"https:\/\/rayter.es\/pt-pt\/politica-de-devolucao-e-reembolso\/","title":{"rendered":"Pol\u00edtica de devolu\u00e7\u00e3o e reembolso"},"content":{"rendered":"\n<p>N\u00c3O NOS RESPONSABILIZAMOS POR QUAISQUER RECLAMA\u00c7\u00d5ES POR DANOS OU AVARIAS NO MATERIAL, SE TAL N\u00c3O TIVER SIDO REGISTADO NA NOTA DE ENTREGA NO MOMENTO DA DESCARGA.<\/p>\n\n<p>N\u00c3O SER\u00c3O ACEITES DEVOLU\u00c7\u00d5ES DE MATERIAL AP\u00d3S 7 DIAS DE RECEP\u00c7\u00c3O.<\/p>\n\n<p>OS PRODUTOS N\u00c3O S\u00c3O REEMBOLS\u00c1VEIS.<\/p>\n\n<p><\/p>\n","protected":false},"excerpt":{"rendered":"<p>N\u00c3O NOS RESPONSABILIZAMOS POR QUAISQUER RECLAMA\u00c7\u00d5ES POR DANOS OU AVARIAS NO MATERIAL, SE TAL N\u00c3O TIVER SIDO REGISTADO NA NOTA DE ENTREGA NO MOMENTO DA DESCARGA. N\u00c3O SER\u00c3O ACEITES DEVOLU\u00c7\u00d5ES DE MATERIAL AP\u00d3S 7 DIAS DE RECEP\u00c7\u00c3O. OS PRODUTOS N\u00c3O S\u00c3O REEMBOLS\u00c1VEIS.<\/p>\n","protected":false},"author":1,"featured_media":0,"parent":0,"menu_order":0,"comment_status":"closed","ping_status":"closed","template":"template-fullwidth.php","meta":{"googlesitekit_rrm_CAowsr27DA:productID":"","footnotes":""},"class_list":["post-23098","page","type-page","status-publish","hentry"],"yoast_head":"<!-- This site is optimized with the Yoast SEO plugin v27.3 - https:\/\/yoast.com\/product\/yoast-seo-wordpress\/ -->\n<title>Pol\u00edtica de devolu\u00e7\u00e3o e reembolso - Rayter<\/title>\n<meta name=\"robots\" content=\"index, follow, max-snippet:-1, max-image-preview:large, max-video-preview:-1\" \/>\n<link rel=\"canonical\" href=\"https:\/\/rayter.es\/pt-pt\/politica-de-devolucao-e-reembolso\/\" \/>\n<meta property=\"og:locale\" content=\"pt_PT\" \/>\n<meta property=\"og:type\" content=\"article\" \/>\n<meta property=\"og:title\" content=\"Pol\u00edtica de devolu\u00e7\u00e3o e reembolso - Rayter\" \/>\n<meta property=\"og:description\" content=\"N\u00c3O NOS RESPONSABILIZAMOS POR QUAISQUER RECLAMA\u00c7\u00d5ES POR DANOS OU AVARIAS NO MATERIAL, SE TAL N\u00c3O TIVER SIDO REGISTADO NA NOTA DE ENTREGA NO MOMENTO DA DESCARGA. N\u00c3O SER\u00c3O ACEITES DEVOLU\u00c7\u00d5ES DE MATERIAL AP\u00d3S 7 DIAS DE RECEP\u00c7\u00c3O. OS PRODUTOS N\u00c3O S\u00c3O REEMBOLS\u00c1VEIS.\" \/>\n<meta property=\"og:url\" content=\"https:\/\/rayter.es\/pt-pt\/politica-de-devolucao-e-reembolso\/\" \/>\n<meta property=\"og:site_name\" content=\"Rayter\" \/>\n<meta property=\"article:modified_time\" content=\"2025-03-17T07:33:43+00:00\" \/>\n<meta name=\"twitter:card\" content=\"summary_large_image\" \/>\n<script type=\"application\/ld+json\" class=\"yoast-schema-graph\">{\"@context\":\"https:\\\/\\\/schema.org\",\"@graph\":[{\"@type\":\"WebPage\",\"@id\":\"https:\\\/\\\/rayter.es\\\/pt-pt\\\/politica-de-devolucao-e-reembolso\\\/\",\"url\":\"https:\\\/\\\/rayter.es\\\/pt-pt\\\/politica-de-devolucao-e-reembolso\\\/\",\"name\":\"Pol\u00edtica de devolu\u00e7\u00e3o e reembolso - Rayter\",\"isPartOf\":{\"@id\":\"https:\\\/\\\/rayter.es\\\/#website\"},\"datePublished\":\"2025-02-07T09:42:04+00:00\",\"dateModified\":\"2025-03-17T07:33:43+00:00\",\"breadcrumb\":{\"@id\":\"https:\\\/\\\/rayter.es\\\/pt-pt\\\/politica-de-devolucao-e-reembolso\\\/#breadcrumb\"},\"inLanguage\":\"pt-PT\",\"potentialAction\":[{\"@type\":\"ReadAction\",\"target\":[\"https:\\\/\\\/rayter.es\\\/pt-pt\\\/politica-de-devolucao-e-reembolso\\\/\"]}]},{\"@type\":\"BreadcrumbList\",\"@id\":\"https:\\\/\\\/rayter.es\\\/pt-pt\\\/politica-de-devolucao-e-reembolso\\\/#breadcrumb\",\"itemListElement\":[{\"@type\":\"ListItem\",\"position\":1,\"name\":\"Portada\",\"item\":\"https:\\\/\\\/rayter.es\\\/pt-pt\\\/\"},{\"@type\":\"ListItem\",\"position\":2,\"name\":\"Pol\u00edtica de devolu\u00e7\u00e3o e reembolso\"}]},{\"@type\":\"WebSite\",\"@id\":\"https:\\\/\\\/rayter.es\\\/#website\",\"url\":\"https:\\\/\\\/rayter.es\\\/\",\"name\":\"Rayter\",\"description\":\"Inoxidables para perforaci\u00f3n, filtraci\u00f3n y cribado.\",\"publisher\":{\"@id\":\"https:\\\/\\\/rayter.es\\\/#organization\"},\"potentialAction\":[{\"@type\":\"SearchAction\",\"target\":{\"@type\":\"EntryPoint\",\"urlTemplate\":\"https:\\\/\\\/rayter.es\\\/?s={search_term_string}\"},\"query-input\":{\"@type\":\"PropertyValueSpecification\",\"valueRequired\":true,\"valueName\":\"search_term_string\"}}],\"inLanguage\":\"pt-PT\"},{\"@type\":\"Organization\",\"@id\":\"https:\\\/\\\/rayter.es\\\/#organization\",\"name\":\"Rayter\",\"url\":\"https:\\\/\\\/rayter.es\\\/\",\"logo\":{\"@type\":\"ImageObject\",\"inLanguage\":\"pt-PT\",\"@id\":\"https:\\\/\\\/rayter.es\\\/#\\\/schema\\\/logo\\\/image\\\/\",\"url\":\"https:\\\/\\\/rayter.es\\\/wp-content\\\/uploads\\\/2022\\\/02\\\/logo-rayter-web-e1737115771719.png\",\"contentUrl\":\"https:\\\/\\\/rayter.es\\\/wp-content\\\/uploads\\\/2022\\\/02\\\/logo-rayter-web-e1737115771719.png\",\"width\":1215,\"height\":192,\"caption\":\"Rayter\"},\"image\":{\"@id\":\"https:\\\/\\\/rayter.es\\\/#\\\/schema\\\/logo\\\/image\\\/\"}}]}<\/script>\n<!-- \/ Yoast SEO plugin. -->","yoast_head_json":{"title":"Pol\u00edtica de devolu\u00e7\u00e3o e reembolso - Rayter","robots":{"index":"index","follow":"follow","max-snippet":"max-snippet:-1","max-image-preview":"max-image-preview:large","max-video-preview":"max-video-preview:-1"},"canonical":"https:\/\/rayter.es\/pt-pt\/politica-de-devolucao-e-reembolso\/","og_locale":"pt_PT","og_type":"article","og_title":"Pol\u00edtica de devolu\u00e7\u00e3o e reembolso - Rayter","og_description":"N\u00c3O NOS RESPONSABILIZAMOS POR QUAISQUER RECLAMA\u00c7\u00d5ES POR DANOS OU AVARIAS NO MATERIAL, SE TAL N\u00c3O TIVER SIDO REGISTADO NA NOTA DE ENTREGA NO MOMENTO DA DESCARGA. N\u00c3O SER\u00c3O ACEITES DEVOLU\u00c7\u00d5ES DE MATERIAL AP\u00d3S 7 DIAS DE RECEP\u00c7\u00c3O. OS PRODUTOS N\u00c3O S\u00c3O REEMBOLS\u00c1VEIS.","og_url":"https:\/\/rayter.es\/pt-pt\/politica-de-devolucao-e-reembolso\/","og_site_name":"Rayter","article_modified_time":"2025-03-17T07:33:43+00:00","twitter_card":"summary_large_image","schema":{"@context":"https:\/\/schema.org","@graph":[{"@type":"WebPage","@id":"https:\/\/rayter.es\/pt-pt\/politica-de-devolucao-e-reembolso\/","url":"https:\/\/rayter.es\/pt-pt\/politica-de-devolucao-e-reembolso\/","name":"Pol\u00edtica de devolu\u00e7\u00e3o e reembolso - Rayter","isPartOf":{"@id":"https:\/\/rayter.es\/#website"},"datePublished":"2025-02-07T09:42:04+00:00","dateModified":"2025-03-17T07:33:43+00:00","breadcrumb":{"@id":"https:\/\/rayter.es\/pt-pt\/politica-de-devolucao-e-reembolso\/#breadcrumb"},"inLanguage":"pt-PT","potentialAction":[{"@type":"ReadAction","target":["https:\/\/rayter.es\/pt-pt\/politica-de-devolucao-e-reembolso\/"]}]},{"@type":"BreadcrumbList","@id":"https:\/\/rayter.es\/pt-pt\/politica-de-devolucao-e-reembolso\/#breadcrumb","itemListElement":[{"@type":"ListItem","position":1,"name":"Portada","item":"https:\/\/rayter.es\/pt-pt\/"},{"@type":"ListItem","position":2,"name":"Pol\u00edtica de devolu\u00e7\u00e3o e reembolso"}]},{"@type":"WebSite","@id":"https:\/\/rayter.es\/#website","url":"https:\/\/rayter.es\/","name":"Rayter","description":"Inoxidables para perforaci\u00f3n, filtraci\u00f3n y cribado.","publisher":{"@id":"https:\/\/rayter.es\/#organization"},"potentialAction":[{"@type":"SearchAction","target":{"@type":"EntryPoint","urlTemplate":"https:\/\/rayter.es\/?s={search_term_string}"},"query-input":{"@type":"PropertyValueSpecification","valueRequired":true,"valueName":"search_term_string"}}],"inLanguage":"pt-PT"},{"@type":"Organization","@id":"https:\/\/rayter.es\/#organization","name":"Rayter","url":"https:\/\/rayter.es\/","logo":{"@type":"ImageObject","inLanguage":"pt-PT","@id":"https:\/\/rayter.es\/#\/schema\/logo\/image\/","url":"https:\/\/rayter.es\/wp-content\/uploads\/2022\/02\/logo-rayter-web-e1737115771719.png","contentUrl":"https:\/\/rayter.es\/wp-content\/uploads\/2022\/02\/logo-rayter-web-e1737115771719.png","width":1215,"height":192,"caption":"Rayter"},"image":{"@id":"https:\/\/rayter.es\/#\/schema\/logo\/image\/"}}]}},"_links":{"self":[{"href":"https:\/\/rayter.es\/pt-pt\/wp-json\/wp\/v2\/pages\/23098","targetHints":{"allow":["GET"]}}],"collection":[{"href":"https:\/\/rayter.es\/pt-pt\/wp-json\/wp\/v2\/pages"}],"about":[{"href":"https:\/\/rayter.es\/pt-pt\/wp-json\/wp\/v2\/types\/page"}],"author":[{"embeddable":true,"href":"https:\/\/rayter.es\/pt-pt\/wp-json\/wp\/v2\/users\/1"}],"replies":[{"embeddable":true,"href":"https:\/\/rayter.es\/pt-pt\/wp-json\/wp\/v2\/comments?post=23098"}],"version-history":[{"count":1,"href":"https:\/\/rayter.es\/pt-pt\/wp-json\/wp\/v2\/pages\/23098\/revisions"}],"predecessor-version":[{"id":23099,"href":"https:\/\/rayter.es\/pt-pt\/wp-json\/wp\/v2\/pages\/23098\/revisions\/23099"}],"wp:attachment":[{"href":"https:\/\/rayter.es\/pt-pt\/wp-json\/wp\/v2\/media?parent=23098"}],"curies":[{"name":"wp","href":"https:\/\/api.w.org\/{rel}","templated":true}]}}